{"id":711,"date":"2017-10-13T10:20:35","date_gmt":"2017-10-13T09:20:35","guid":{"rendered":"http:\/\/escuelademusicaydanza.laorotava.es\/blog\/?page_id=711"},"modified":"2021-10-27T12:21:33","modified_gmt":"2021-10-27T11:21:33","slug":"conjuntos","status":"publish","type":"page","link":"https:\/\/escuelademusicaydanza.laorotava.es\/blog\/conjuntos\/","title":{"rendered":"Conjuntos"},"content":{"rendered":"<h3>&nbsp;<\/h3>\n<h3><i class=\"fa fa-book \" ><\/i> Especialidades<\/h3>\n<h4><i class=\"fa fa-arrow-circle-right \" ><\/i> Conjunto de Guitarras y Timples<\/h4>\n<p style=\"padding-left: 30px;\"><i class=\"fa fa-arrow-right \" ><\/i>&nbsp;<a href=\"https:\/\/escuelademusicaydanza.laorotava.es\/blog\/profesores\/maria-almudena-hernandez-garcia\/\">Almudena Hern\u00e1ndez Garc\u00eda<\/a><\/p>\n<p style=\"padding-left: 30px;\"><i class=\"fa fa-arrow-right \" ><\/i>&nbsp;<a href=\"https:\/\/escuelademusicaydanza.laorotava.es\/blog\/profesores\/pedro-izquierdo-gonzalez\/\">David Duque Infante<\/a><\/p>\n<h4><i class=\"fa fa-arrow-circle-right \" ><\/i> Conjunto Instrumental de Viento y Percusi\u00f3n de la Segunda Etapa y Tercera Etapa<\/h4>\n<p style=\"padding-left: 30px;\"><i class=\"fa fa-arrow-right \" ><\/i> DIRECTORA: <a href=\"https:\/\/escuelademusicaydanza.laorotava.es\/blog\/profesores\/juana-karina-martin-luis\/\">Karina Mart\u00edn Luis<\/a><\/p>\n<p style=\"padding-left: 30px;\"><i class=\"fa fa-arrow-right \" ><\/i>&nbsp;<a href=\"https:\/\/escuelademusicaydanza.laorotava.es\/blog\/profesores\/natividad-hernandez-hernandez\/\">Natividad Hern\u00e1ndez Hern\u00e1ndez<\/a><\/p>\n<p style=\"padding-left: 30px;\"><i class=\"fa fa-arrow-right \" ><\/i>&nbsp;<a href=\"http:\/\/escuelademusicaydanza.laorotava.es\/blog\/profesores\/maria-goretti-hernandez-ruiz\/\">Mar\u00eda Goretti Hern\u00e1ndez Ru\u00edz<\/a><\/p>\n<p style=\"padding-left: 30px;\"><i class=\"fa fa-arrow-right \" ><\/i>&nbsp;<a href=\"http:\/\/escuelademusicaydanza.laorotava.es\/blog\/profesores\/javier-diaz-rodriguez\/\">Javier D\u00edaz Rodr\u00edguez<\/a><\/p>\n<p style=\"padding-left: 30px;\"><i class=\"fa fa-arrow-right \" ><\/i>&nbsp;<a href=\"http:\/\/escuelademusicaydanza.laorotava.es\/blog\/profesores\/francisco-jose-hernandez-padron\/\">Francisco Jos\u00e9 Hern\u00e1ndez Padr\u00f3n<\/a><\/p>\n<h4><i class=\"fa fa-arrow-circle-right \" ><\/i> Ensemble de Violonchelos<\/h4>\n<p style=\"padding-left: 30px;\"><i class=\"fa fa-arrow-right \" ><\/i><a href=\"https:\/\/escuelademusicaydanza.laorotava.es\/blog\/profesores\/paula-hernandez-dionis\/\">Jos\u00e9 Mar\u00eda Cuadra P\u00e9rez<\/a><\/p>\n\n","protected":false},"excerpt":{"rendered":"<p>&nbsp; Especialidades Conjunto de Guitarras y Timples &nbsp;Almudena Hern\u00e1ndez Garc\u00eda &nbsp;David Duque Infante Conjunto Instrumental de Viento y Percusi\u00f3n de la Segunda Etapa y Tercera Etapa DIRECTORA: Karina Mart\u00edn Luis &nbsp;Natividad Hern\u00e1ndez Hern\u00e1ndez &nbsp;Mar\u00eda Goretti Hern\u00e1ndez Ru\u00edz &nbsp;Javier D\u00edaz Rodr\u00edguez &nbsp;Francisco Jos\u00e9 Hern\u00e1ndez Padr\u00f3n Ensemble de Violonchelos Jos\u00e9 Mar\u00eda Cuadra P\u00e9rez<\/p>\n","protected":false},"author":14,"featured_media":0,"parent":0,"menu_order":0,"comment_status":"closed","ping_status":"closed","template":"","meta":{"jetpack_post_was_ever_published":false,"footnotes":""},"class_list":["post-711","page","type-page","status-publish","hentry"],"jetpack_sharing_enabled":true,"jetpack_likes_enabled":true,"jetpack-related-posts":[],"_links":{"self":[{"href":"https:\/\/escuelademusicaydanza.laorotava.es\/blog\/wp-json\/wp\/v2\/pages\/711","targetHints":{"allow":["GET"]}}],"collection":[{"href":"https:\/\/escuelademusicaydanza.laorotava.es\/blog\/wp-json\/wp\/v2\/pages"}],"about":[{"href":"https:\/\/escuelademusicaydanza.laorotava.es\/blog\/wp-json\/wp\/v2\/types\/page"}],"author":[{"embeddable":true,"href":"https:\/\/escuelademusicaydanza.laorotava.es\/blog\/wp-json\/wp\/v2\/users\/14"}],"replies":[{"embeddable":true,"href":"https:\/\/escuelademusicaydanza.laorotava.es\/blog\/wp-json\/wp\/v2\/comments?post=711"}],"version-history":[{"count":18,"href":"https:\/\/escuelademusicaydanza.laorotava.es\/blog\/wp-json\/wp\/v2\/pages\/711\/revisions"}],"predecessor-version":[{"id":2642,"href":"https:\/\/escuelademusicaydanza.laorotava.es\/blog\/wp-json\/wp\/v2\/pages\/711\/revisions\/2642"}],"wp:attachment":[{"href":"https:\/\/escuelademusicaydanza.laorotava.es\/blog\/wp-json\/wp\/v2\/media?parent=711"}],"curies":[{"name":"wp","href":"https:\/\/api.w.org\/{rel}","templated":true}]}}