{"id":491,"date":"2017-10-04T14:46:00","date_gmt":"2017-10-04T13:46:00","guid":{"rendered":"http:\/\/escuelademusicaydanza.laorotava.es\/blog\/?page_id=491"},"modified":"2025-04-26T13:33:50","modified_gmt":"2025-04-26T12:33:50","slug":"secretaria","status":"publish","type":"page","link":"https:\/\/escuelademusicaydanza.laorotava.es\/blog\/secretaria\/","title":{"rendered":"Secretar\u00eda"},"content":{"rendered":"<p>Aqu\u00ed podr\u00e1s consultar el horario de atenci\u00f3n al p\u00fablico de la secretar\u00eda del centro durante todo el curso. Tambi\u00e9n ponemos a disposici\u00f3n la informaci\u00f3n referente a los tr\u00e1mites administrativos as\u00ed como un mapa con la ubicaci\u00f3n de la Escuela.<\/p>\n<i class=\"fa fa-clock-o \" ><\/i> <b> Lunes a Viernes de 8:30 a 13:30. Durante el\u00a0<\/b><span style=\"font-weight: 600;\">per\u00edodo lectivo<\/span><b>\u00a0los jueves de 16:00 a 20:00<\/b><\/p>\n<p><span style=\"font-size: 14pt;\"><strong><div class=\"su-spoiler su-spoiler-style-default su-spoiler-icon-folder-2 my-custom-spoiler su-spoiler-closed\" data-scroll-offset=\"0\" data-anchor-in-url=\"no\"><div class=\"su-spoiler-title\" tabindex=\"0\" role=\"button\"><span class=\"su-spoiler-icon\"><\/span>Matricula<\/div><div class=\"su-spoiler-content su-u-clearfix su-u-trim\"><\/strong><\/span><\/p>\n<p><span style=\"font-size: 14pt;\"><strong>RENOVACI\u00d3N <\/strong><\/span><span style=\"font-size: 14pt;\"><strong>MATR\u00cdCULA PARA CURSO 2025\/2026<\/strong><\/span><\/p>\n<p>El periodo de renovaci\u00f3n de matricula para los alumnos de la escuela es en el mes de abril.<\/p>\n<p>Desde la secretar\u00eda del centro se env\u00eda a cada usuario un correo electr\u00f3nico con la documentaci\u00f3n necesaria para realizar la renovaci\u00f3n. Este se puede hacer de manera presencial (previa cita en registro del ayuntamiento) o a trav\u00e9s de la sede electr\u00f3nica.<\/p>\n<p><strong>LAS PREINSCRIPCIONES PARA NUEVOS ALUMNOS\/AS (curso 25\/26) SON A PARTIR DEL 1 DE MAYO DE 2025<\/strong><\/p>\n<ul>\n<li>Preinscripci\u00f3n del 1 a 15 de mayo.<\/li>\n<li>Matr\u00edculas en Junio.<\/li>\n<\/ul>\n<\/div><\/div>\n<p><span style=\"font-size: 14pt;\"><strong><div class=\"su-spoiler su-spoiler-style-default su-spoiler-icon-folder-2 su-spoiler-closed\" data-scroll-offset=\"0\" data-anchor-in-url=\"no\"><div class=\"su-spoiler-title\" tabindex=\"0\" role=\"button\"><span class=\"su-spoiler-icon\"><\/span>Pagos<\/div><div class=\"su-spoiler-content su-u-clearfix su-u-trim\"><\/strong><\/span><\/p>\n<\/div><\/div>\n<p>\u00a0<\/p>\n<p>Secretar\u00eda:<\/p>\n<p>Luis S\u00e1nchez<\/p>\n<p>Humberto Socas<\/p>\n\n\n\n","protected":false},"excerpt":{"rendered":"<p>Aqu\u00ed podr\u00e1s consultar el horario de atenci\u00f3n al p\u00fablico de la secretar\u00eda del centro durante todo el curso. Tambi\u00e9n ponemos a disposici\u00f3n la informaci\u00f3n referente a los tr\u00e1mites administrativos as\u00ed como un mapa con la ubicaci\u00f3n de la Escuela. Lunes a Viernes de 8:30 a 13:30. Durante el\u00a0per\u00edodo lectivo\u00a0los jueves de 16:00 a 20:00 \u00a0 &hellip; <a href=\"https:\/\/escuelademusicaydanza.laorotava.es\/blog\/secretaria\/\" class=\"more-link\">Sigue leyendo <span class=\"screen-reader-text\">Secretar\u00eda<\/span><\/a><\/p>\n","protected":false},"author":1,"featured_media":0,"parent":0,"menu_order":0,"comment_status":"closed","ping_status":"closed","template":"","meta":{"jetpack_post_was_ever_published":false,"footnotes":""},"class_list":["post-491","page","type-page","status-publish","hentry"],"jetpack_sharing_enabled":true,"jetpack_likes_enabled":true,"jetpack-related-posts":[],"_links":{"self":[{"href":"https:\/\/escuelademusicaydanza.laorotava.es\/blog\/wp-json\/wp\/v2\/pages\/491","targetHints":{"allow":["GET"]}}],"collection":[{"href":"https:\/\/escuelademusicaydanza.laorotava.es\/blog\/wp-json\/wp\/v2\/pages"}],"about":[{"href":"https:\/\/escuelademusicaydanza.laorotava.es\/blog\/wp-json\/wp\/v2\/types\/page"}],"author":[{"embeddable":true,"href":"https:\/\/escuelademusicaydanza.laorotava.es\/blog\/wp-json\/wp\/v2\/users\/1"}],"replies":[{"embeddable":true,"href":"https:\/\/escuelademusicaydanza.laorotava.es\/blog\/wp-json\/wp\/v2\/comments?post=491"}],"version-history":[{"count":78,"href":"https:\/\/escuelademusicaydanza.laorotava.es\/blog\/wp-json\/wp\/v2\/pages\/491\/revisions"}],"predecessor-version":[{"id":4185,"href":"https:\/\/escuelademusicaydanza.laorotava.es\/blog\/wp-json\/wp\/v2\/pages\/491\/revisions\/4185"}],"wp:attachment":[{"href":"https:\/\/escuelademusicaydanza.laorotava.es\/blog\/wp-json\/wp\/v2\/media?parent=491"}],"curies":[{"name":"wp","href":"https:\/\/api.w.org\/{rel}","templated":true}]}}