{"id":472,"date":"2017-10-04T14:37:36","date_gmt":"2017-10-04T13:37:36","guid":{"rendered":"http:\/\/escuelademusicaydanza.laorotava.es\/blog\/?page_id=472"},"modified":"2025-11-06T13:48:22","modified_gmt":"2025-11-06T13:48:22","slug":"coros","status":"publish","type":"page","link":"https:\/\/escuelademusicaydanza.laorotava.es\/blog\/coros\/","title":{"rendered":"Coros"},"content":{"rendered":"<h3>\u00a0<i class=\"fa fa-book \" ><\/i> Especialidades<\/h3>\n<h4><i class=\"fa fa-arrow-circle-right \" ><\/i> Coro Infantil y de Primera Etapa<\/h4>\n<i class=\"fa fa-arrow-right \" ><\/i>\u00a0<a href=\"http:\/\/escuelademusicaydanza.laorotava.es\/blog\/profesores\/rosa-ines-rivero-garcia\/\">Rosa In\u00e9s Rivero Garc\u00eda<\/a><\/p>\n<i class=\"fa fa-clock-o \" ><\/i> Coro Infantil de M\u00fasica y Movimiento: Mi\u00e9rcoles de 16:30 a 17:30<\/p>\n<i class=\"fa fa-clock-o \" ><\/i> Coro de Primera Etapa: Lunes \u00a0de 17:30 a 18:30 y Jueves de 16:30 a 17:30<\/p>\n<h4><i class=\"fa fa-arrow-circle-right \" ><\/i> Coro Juvenil de Segunda Etapa,\u00a0Coro de Adultos y Coro de Iniciaci\u00f3n de adultos.<\/h4>\n<h4><\/h4>\n<i class=\"fa fa-arrow-right \" ><\/i> <a href=\"https:\/\/escuelademusicaydanza.laorotava.es\/blog\/profesores\/jose-hijar-polo\/\">Jos\u00e9 Hijar Polo<\/a><\/p>\n<p>PROFESORES COLABORADORES CORO JUVENIL:\u00a0<a href=\"https:\/\/escuelademusicaydanza.laorotava.es\/blog\/profesores\/francisco-jose-hernandez-padron\/\">Francisco Jos\u00e9 Hern\u00e1ndez Padr\u00f3n<\/a><\/p>\n<p>PROFESORES COLABORADORES CORO DE ADULTOS:\u00a0<a href=\"https:\/\/escuelademusicaydanza.laorotava.es\/blog\/profesores\/rosa-ines-rivero-garcia\/\">Rosa In\u00e9s Rivero Garc\u00eda<\/a>,\u00a0<a href=\"https:\/\/escuelademusicaydanza.laorotava.es\/blog\/profesores\/francisco-jose-hernandez-padron\/\">Francisco Jos\u00e9 Hern\u00e1ndez Padr\u00f3n<\/a>,\u00a0<a href=\"https:\/\/escuelademusicaydanza.laorotava.es\/blog\/profesores\/paula-hernandez-dionis\/\">Jos\u00e9 Mar\u00eda Cuadra P\u00e9rez.<\/a><\/p>\n<i class=\"fa fa-clock-o \" ><\/i> Coro Juvenil de Segunda Etapa: Martes y Jueves de 17:30 a 18:30<\/p>\n<i class=\"fa fa-clock-o \" ><\/i> Coro Adulto de Primera Etapa: Jueves de 19:00 a 21:00<\/p>\n<i class=\"fa fa-clock-o \" ><\/i> Coro Iniciaci\u00f3n de adultos: Martes de 19:00 a 20:00<\/p>\n<p>PIANISTA ACOMPA\u00d1ANTE:\u00a0<a href=\"https:\/\/escuelademusicaydanza.laorotava.es\/blog\/profesores\/ruth-galvan-andreu\/\">Ruth Galv\u00e1n Andreu<\/a><\/p>\n<p><img loading=\"lazy\" decoding=\"async\" data-attachment-id=\"1056\" data-permalink=\"https:\/\/escuelademusicaydanza.laorotava.es\/blog\/primer-ensayo-para-el-concierto-de-navidad-2017\/dsc_0050\/\" data-orig-file=\"https:\/\/escuelademusicaydanza.laorotava.es\/blog\/wp-content\/uploads\/2018\/02\/dsc_0050.jpg\" data-orig-size=\"6000,4000\" data-comments-opened=\"1\" data-image-meta=\"{&quot;aperture&quot;:&quot;4&quot;,&quot;credit&quot;:&quot;&quot;,&quot;camera&quot;:&quot;NIKON D5200&quot;,&quot;caption&quot;:&quot;&quot;,&quot;created_timestamp&quot;:&quot;1513799359&quot;,&quot;copyright&quot;:&quot;&quot;,&quot;focal_length&quot;:&quot;70&quot;,&quot;iso&quot;:&quot;3200&quot;,&quot;shutter_speed&quot;:&quot;0.04&quot;,&quot;title&quot;:&quot;&quot;,&quot;orientation&quot;:&quot;1&quot;}\" data-image-title=\"DSC_0050\" data-image-description=\"\" data-image-caption=\"\" data-medium-file=\"https:\/\/escuelademusicaydanza.laorotava.es\/blog\/wp-content\/uploads\/2018\/02\/dsc_0050-300x200.jpg\" data-large-file=\"https:\/\/escuelademusicaydanza.laorotava.es\/blog\/wp-content\/uploads\/2018\/02\/dsc_0050-1024x683.jpg\" class=\"alignnone size-medium wp-image-1056\" src=\"http:\/\/escuelademusicaydanza.laorotava.es\/blog\/wp-content\/uploads\/2018\/02\/dsc_0050-300x200.jpg\" alt=\"\" width=\"300\" height=\"200\" srcset=\"https:\/\/escuelademusicaydanza.laorotava.es\/blog\/wp-content\/uploads\/2018\/02\/dsc_0050-300x200.jpg 300w, https:\/\/escuelademusicaydanza.laorotava.es\/blog\/wp-content\/uploads\/2018\/02\/dsc_0050-768x512.jpg 768w, https:\/\/escuelademusicaydanza.laorotava.es\/blog\/wp-content\/uploads\/2018\/02\/dsc_0050-1024x683.jpg 1024w, https:\/\/escuelademusicaydanza.laorotava.es\/blog\/wp-content\/uploads\/2018\/02\/dsc_0050-772x515.jpg 772w, https:\/\/escuelademusicaydanza.laorotava.es\/blog\/wp-content\/uploads\/2018\/02\/dsc_0050-624x416.jpg 624w\" sizes=\"auto, (max-width: 300px) 100vw, 300px\" \/>\u00a0 \u00a0 \u00a0 \u00a0<img loading=\"lazy\" decoding=\"async\" data-attachment-id=\"1055\" data-permalink=\"https:\/\/escuelademusicaydanza.laorotava.es\/blog\/primer-ensayo-para-el-concierto-de-navidad-2017\/dsc_0043\/\" data-orig-file=\"https:\/\/escuelademusicaydanza.laorotava.es\/blog\/wp-content\/uploads\/2018\/02\/dsc_0043.jpg\" data-orig-size=\"6000,3445\" data-comments-opened=\"1\" data-image-meta=\"{&quot;aperture&quot;:&quot;4&quot;,&quot;credit&quot;:&quot;&quot;,&quot;camera&quot;:&quot;NIKON D5200&quot;,&quot;caption&quot;:&quot;&quot;,&quot;created_timestamp&quot;:&quot;1513798855&quot;,&quot;copyright&quot;:&quot;&quot;,&quot;focal_length&quot;:&quot;70&quot;,&quot;iso&quot;:&quot;1800&quot;,&quot;shutter_speed&quot;:&quot;0.008&quot;,&quot;title&quot;:&quot;&quot;,&quot;orientation&quot;:&quot;1&quot;}\" data-image-title=\"DSC_0043\" data-image-description=\"\" data-image-caption=\"\" data-medium-file=\"https:\/\/escuelademusicaydanza.laorotava.es\/blog\/wp-content\/uploads\/2018\/02\/dsc_0043-300x172.jpg\" data-large-file=\"https:\/\/escuelademusicaydanza.laorotava.es\/blog\/wp-content\/uploads\/2018\/02\/dsc_0043-1024x588.jpg\" class=\"alignnone size-medium wp-image-1055\" src=\"http:\/\/escuelademusicaydanza.laorotava.es\/blog\/wp-content\/uploads\/2018\/02\/dsc_0043-300x172.jpg\" alt=\"\" width=\"300\" height=\"172\" srcset=\"https:\/\/escuelademusicaydanza.laorotava.es\/blog\/wp-content\/uploads\/2018\/02\/dsc_0043-300x172.jpg 300w, https:\/\/escuelademusicaydanza.laorotava.es\/blog\/wp-content\/uploads\/2018\/02\/dsc_0043-768x441.jpg 768w, https:\/\/escuelademusicaydanza.laorotava.es\/blog\/wp-content\/uploads\/2018\/02\/dsc_0043-1024x588.jpg 1024w, https:\/\/escuelademusicaydanza.laorotava.es\/blog\/wp-content\/uploads\/2018\/02\/dsc_0043-772x443.jpg 772w, https:\/\/escuelademusicaydanza.laorotava.es\/blog\/wp-content\/uploads\/2018\/02\/dsc_0043-624x358.jpg 624w\" sizes=\"auto, (max-width: 300px) 100vw, 300px\" \/><\/p>\n<div id=\"su_slider_69e75a46a14e2\" class=\"su-slider su-slider-centered su-slider-pages-yes su-slider-responsive-yes su-lightbox-gallery\" style=\"width:100%\" data-autoplay=\"0\" data-speed=\"600\" data-mousewheel=\"true\"><div class=\"su-slider-slides\"><div class=\"su-slider-slide\"><a href=\"https:\/\/escuelademusicaydanza.laorotava.es\/blog\/wp-content\/uploads\/2018\/07\/cartel-taller-de-coro.jpg\"  title=\"cartel Taller de Coro\"><img decoding=\"async\" src=\"https:\/\/escuelademusicaydanza.laorotava.es\/blog\/wp-content\/uploads\/2018\/07\/cartel-taller-de-coro-600x300.jpg\" alt=\"cartel Taller de Coro\" \/><\/a><\/div><\/div><div class=\"su-slider-nav\"><div class=\"su-slider-direction\"><span class=\"su-slider-prev\"><\/span><span class=\"su-slider-next\"><\/span><\/div><div class=\"su-slider-pagination\"><\/div><\/div><\/div>\n","protected":false},"excerpt":{"rendered":"<p>\u00a0 Especialidades Coro Infantil y de Primera Etapa \u00a0Rosa In\u00e9s Rivero Garc\u00eda Coro Infantil de M\u00fasica y Movimiento: Mi\u00e9rcoles de 16:30 a 17:30 Coro de Primera Etapa: Lunes \u00a0de 17:30 a 18:30 y Jueves de 16:30 a 17:30 Coro Juvenil de Segunda Etapa,\u00a0Coro de Adultos y Coro de Iniciaci\u00f3n de adultos. Jos\u00e9 Hijar Polo PROFESORES &hellip; <a href=\"https:\/\/escuelademusicaydanza.laorotava.es\/blog\/coros\/\" class=\"more-link\">Sigue leyendo <span class=\"screen-reader-text\">Coros<\/span><\/a><\/p>\n","protected":false},"author":14,"featured_media":0,"parent":0,"menu_order":0,"comment_status":"closed","ping_status":"closed","template":"","meta":{"jetpack_post_was_ever_published":false,"footnotes":""},"class_list":["post-472","page","type-page","status-publish","hentry"],"jetpack_sharing_enabled":true,"jetpack_likes_enabled":true,"jetpack-related-posts":[],"_links":{"self":[{"href":"https:\/\/escuelademusicaydanza.laorotava.es\/blog\/wp-json\/wp\/v2\/pages\/472","targetHints":{"allow":["GET"]}}],"collection":[{"href":"https:\/\/escuelademusicaydanza.laorotava.es\/blog\/wp-json\/wp\/v2\/pages"}],"about":[{"href":"https:\/\/escuelademusicaydanza.laorotava.es\/blog\/wp-json\/wp\/v2\/types\/page"}],"author":[{"embeddable":true,"href":"https:\/\/escuelademusicaydanza.laorotava.es\/blog\/wp-json\/wp\/v2\/users\/14"}],"replies":[{"embeddable":true,"href":"https:\/\/escuelademusicaydanza.laorotava.es\/blog\/wp-json\/wp\/v2\/comments?post=472"}],"version-history":[{"count":34,"href":"https:\/\/escuelademusicaydanza.laorotava.es\/blog\/wp-json\/wp\/v2\/pages\/472\/revisions"}],"predecessor-version":[{"id":4342,"href":"https:\/\/escuelademusicaydanza.laorotava.es\/blog\/wp-json\/wp\/v2\/pages\/472\/revisions\/4342"}],"wp:attachment":[{"href":"https:\/\/escuelademusicaydanza.laorotava.es\/blog\/wp-json\/wp\/v2\/media?parent=472"}],"curies":[{"name":"wp","href":"https:\/\/api.w.org\/{rel}","templated":true}]}}