{"id":459,"date":"2021-10-18T10:33:00","date_gmt":"2021-10-18T09:33:00","guid":{"rendered":"http:\/\/escuelademusicaydanza.laorotava.es\/blog\/?page_id=459"},"modified":"2025-11-06T13:40:14","modified_gmt":"2025-11-06T13:40:14","slug":"departamento-de-formacion-musical-complementaria","status":"publish","type":"page","link":"https:\/\/escuelademusicaydanza.laorotava.es\/blog\/departamento-de-formacion-musical-complementaria\/","title":{"rendered":"Departamento de Formaci\u00f3n Musical Complementaria"},"content":{"rendered":"<h3><\/h3>\n<p><img loading=\"lazy\" decoding=\"async\" data-attachment-id=\"2736\" data-permalink=\"https:\/\/escuelademusicaydanza.laorotava.es\/blog\/departamento-de-formacion-musical-complementaria\/dscf1129\/\" data-orig-file=\"https:\/\/escuelademusicaydanza.laorotava.es\/blog\/wp-content\/uploads\/2021\/11\/dscf1129-scaled.jpg\" data-orig-size=\"2560,1707\" data-comments-opened=\"1\" data-image-meta=\"{&quot;aperture&quot;:&quot;5.6&quot;,&quot;credit&quot;:&quot;&quot;,&quot;camera&quot;:&quot;X-T4&quot;,&quot;caption&quot;:&quot;&quot;,&quot;created_timestamp&quot;:&quot;1634728661&quot;,&quot;copyright&quot;:&quot;&quot;,&quot;focal_length&quot;:&quot;23&quot;,&quot;iso&quot;:&quot;640&quot;,&quot;shutter_speed&quot;:&quot;0.008&quot;,&quot;title&quot;:&quot;&quot;,&quot;orientation&quot;:&quot;1&quot;}\" data-image-title=\"FORMACI\u00d3N MUSICAL COMPLEMENTARIA-DSCF1129\" data-image-description=\"\" data-image-caption=\"\" data-medium-file=\"https:\/\/escuelademusicaydanza.laorotava.es\/blog\/wp-content\/uploads\/2021\/11\/dscf1129-300x200.jpg\" data-large-file=\"https:\/\/escuelademusicaydanza.laorotava.es\/blog\/wp-content\/uploads\/2021\/11\/dscf1129-1024x683.jpg\" class=\"alignnone size-medium wp-image-2736 aligncenter\" src=\"https:\/\/escuelademusicaydanza.laorotava.es\/blog\/wp-content\/uploads\/2021\/11\/dscf1129-300x200.jpg\" alt=\"\" width=\"300\" height=\"200\" srcset=\"https:\/\/escuelademusicaydanza.laorotava.es\/blog\/wp-content\/uploads\/2021\/11\/dscf1129-300x200.jpg 300w, https:\/\/escuelademusicaydanza.laorotava.es\/blog\/wp-content\/uploads\/2021\/11\/dscf1129-1024x683.jpg 1024w, https:\/\/escuelademusicaydanza.laorotava.es\/blog\/wp-content\/uploads\/2021\/11\/dscf1129-768x512.jpg 768w, https:\/\/escuelademusicaydanza.laorotava.es\/blog\/wp-content\/uploads\/2021\/11\/dscf1129-1536x1024.jpg 1536w, https:\/\/escuelademusicaydanza.laorotava.es\/blog\/wp-content\/uploads\/2021\/11\/dscf1129-2048x1365.jpg 2048w, https:\/\/escuelademusicaydanza.laorotava.es\/blog\/wp-content\/uploads\/2021\/11\/dscf1129-772x515.jpg 772w, https:\/\/escuelademusicaydanza.laorotava.es\/blog\/wp-content\/uploads\/2021\/11\/dscf1129-624x416.jpg 624w\" sizes=\"auto, (max-width: 300px) 100vw, 300px\" \/><\/p>\n<h3><i class=\"fa fa-user-circle \" ><\/i> Jefa de Departamento<\/h3>\n<p style=\"padding-left: 30px;\"><i class=\"fa fa-arrow-right \" ><\/i>\u00a0<a href=\"https:\/\/escuelademusicaydanza.laorotava.es\/blog\/profesores\/fermin-delgado-garcia\/\">Domingo Ferm\u00edn Delgado Garc\u00eda<\/a><\/p>\n<p>\u00a0 \u00a0 \u00a0 \u00a0 \u00a0 \u00a0 \u00a0<i class=\"fa fa-book \" ><\/i> Programaci\u00f3n<\/p>\n<p><a href=\"https:\/\/escuelademusicaydanza.laorotava.es\/blog\/wp-content\/uploads\/2025\/11\/fmc_programacion-departamento-25_26.pdf\">FMC_PROGRAMACI\u00d3N DEPARTAMENTO 25_26<\/a><\/p>\n<hr \/>\n<h3><i class=\"fa fa-book \" ><\/i> Especialidades<\/h3>\n<h4><i class=\"fa fa-arrow-circle-right \" ><\/i> M\u00fasica y Movimiento<\/h4>\n<i class=\"fa fa-arrow-right \" ><\/i> <a href=\"http:\/\/escuelademusicaydanza.laorotava.es\/blog\/profesores\/fermin-delgado-garcia\/\">Domingo Ferm\u00edn Delgado Garc\u00eda<\/a><\/p>\n<i class=\"fa fa-book \" ><\/i> Programaci\u00f3n<\/p>\n<p><a href=\"https:\/\/escuelademusicaydanza.laorotava.es\/blog\/wp-content\/uploads\/2025\/11\/fmc_programacion-musica-y-movimiento-25_26.pdf\">FMC_PROGRAMACI\u00d3N M\u00daSICA Y MOVIMIENTO 25_26<\/a><\/p>\n<p><span style=\"text-decoration: underline;\"><strong>PLAN DE ESTUDIOS &#8211; \u00a0M\u00daSICA Y MOVIMIENTO<\/strong><\/span><\/p>\n<div><\/div>\n<div><\/div>\n<div><\/div>\n<div><\/div>\n<h4><i class=\"fa fa-arrow-circle-right \" ><\/i> Lenguaje Musical<\/h4>\n<i class=\"fa fa-book \" ><\/i> Programaci\u00f3n<\/p>\n<p><a href=\"https:\/\/escuelademusicaydanza.laorotava.es\/blog\/wp-content\/uploads\/2025\/11\/fmc_programacion-fmc-1a-etapa-25_26.pdf\">FMC_PROGRAMACI\u00d3N FMC 1\u00aa ETAPA 25_26<\/a><\/p>\n<p><a href=\"https:\/\/escuelademusicaydanza.laorotava.es\/blog\/wp-content\/uploads\/2025\/11\/fmc_programacion-lenguaje-musical-adultos-25_26.pdf\">FMC_PROGRAMACI\u00d3N LENGUAJE MUSICAL ADULTOS 25_26<\/a><\/p>\n<p><a href=\"https:\/\/escuelademusicaydanza.laorotava.es\/blog\/wp-content\/uploads\/2025\/11\/fmc_programacion-lenguaje-musical-danza-25_26.pdf\">FMC_PROGRAMACI\u00d3N LENGUAJE MUSICAL DANZA 25_26<\/a><\/p>\n<p style=\"padding-left: 30px;\"><i class=\"fa fa-arrow-right \" ><\/i>\u00a0<a href=\"http:\/\/escuelademusicaydanza.laorotava.es\/blog\/profesores\/candelaria-maria-rodriguez-leon\/\">Candelaria Mar\u00eda Rodr\u00edguez Le\u00f3n<\/a><\/p>\n<p style=\"padding-left: 30px;\"><i class=\"fa fa-arrow-right \" ><\/i> <a href=\"http:\/\/escuelademusicaydanza.laorotava.es\/blog\/profesores\/juan-antonio-cantero-mesa\/\">Juan Antonio Cantero Mesa<\/a><\/p>\n<p style=\"padding-left: 30px;\"><i class=\"fa fa-arrow-right \" ><\/i>\u00a0<a href=\"http:\/\/escuelademusicaydanza.laorotava.es\/blog\/profesores\/natividad-hernandez-hernandez\/\">Natividad Hern\u00e1ndez Hern\u00e1ndez<\/a><\/p>\n<p>\u00a0 \u00a0 \u00a0 \u00a0 <i class=\"fa fa-arrow-right \" ><\/i>\u00a0<a href=\"https:\/\/escuelademusicaydanza.laorotava.es\/blog\/profesores\/francisco-jose-hernandez-padron\/\">Francisco Jos\u00e9 Hern\u00e1ndez Padr\u00f3n<\/a><\/p>\n<h4><i class=\"fa fa-arrow-circle-right \" ><\/i> Lenguaje Musical Segunda y Tercera Etapa, Lenguaje para el acceso al conservatorio y Armon\u00eda<\/h4>\n<p style=\"padding-left: 30px;\"><i class=\"fa fa-arrow-right \" ><\/i>\u00a0<a href=\"http:\/\/escuelademusicaydanza.laorotava.es\/blog\/profesores\/desire-jorge-cejas\/\">Desir\u00e9 Jorge Cejas<\/a><\/p>\n<i class=\"fa fa-book \" ><\/i> Programaciones<\/p>\n<p><a href=\"https:\/\/escuelademusicaydanza.laorotava.es\/blog\/wp-content\/uploads\/2025\/11\/fmc_programacion-lenguaje-musical-acceso-a-conservatorio-25_26.pdf\">FMC_PROGRAMACI\u00d3N LENGUAJE MUSICAL ACCESO A CONSERVATORIO 25_26<\/a><\/p>\n<p><a href=\"https:\/\/escuelademusicaydanza.laorotava.es\/blog\/wp-content\/uploads\/2025\/11\/fmc_programacion-armonia-25_26.pdf\">FMC_PROGRAMACI\u00d3N ARMON\u00cdA 25_26<\/a><\/p>\n<p><a href=\"https:\/\/escuelademusicaydanza.laorotava.es\/blog\/wp-content\/uploads\/2025\/11\/fmc_programacion-lenguaje-musical-5o-y-6o-25_26.pdf\">FMC_PROGRAMACION LENGUAJE MUSICAL 5\u00ba Y 6\u00ba 25_26<\/a><\/p>\n<h4><i class=\"fa fa-arrow-circle-right \" ><\/i> Armon\u00eda Moderna e Improvisaci\u00f3n, Inform\u00e1tica Musical, Combo y Taller de Armon\u00eda Moderna para Adultos<\/h4>\n<p style=\"padding-left: 30px;\"><i class=\"fa fa-arrow-right \" ><\/i>\u00a0<a href=\"http:\/\/escuelademusicaydanza.laorotava.es\/blog\/profesores\/juan-antonio-cantero-mesa\/\">Juan Antonio Cantero Mesa<\/a><\/p>\n<p>\u00a0 \u00a0 \u00a0 \u00a0 \u00a0 \u00a0 \u00a0 <i class=\"fa fa-book \" ><\/i> Programaciones<\/p>\n<p><a href=\"https:\/\/escuelademusicaydanza.laorotava.es\/blog\/wp-content\/uploads\/2025\/11\/fmc_programacion_combo-1o-25_26.pdf\">FMC_PROGRAMACI\u00d3N_COMBO 1\u00ba 25_26<\/a><\/p>\n<p><a href=\"https:\/\/escuelademusicaydanza.laorotava.es\/blog\/wp-content\/uploads\/2025\/11\/fmc_programacion_combo-2o-25_26.pdf\">FMC_PROGRAMACI\u00d3N_COMBO 2\u00ba 25_26<\/a><\/p>\n<p><a href=\"https:\/\/escuelademusicaydanza.laorotava.es\/blog\/wp-content\/uploads\/2025\/11\/fmc_programacion-informatica-1o-25_26.pdf\">FMC_PROGRAMACI\u00d3N INFORMATICA 1\u00ba 25_26<\/a><\/p>\n<p><a href=\"https:\/\/escuelademusicaydanza.laorotava.es\/blog\/wp-content\/uploads\/2025\/11\/fmc_programacion-informatica-2o-25_26.pdf\">FMC_PROGRAMACI\u00d3N INFORM\u00c1TICA 2\u00ba 25_26<\/a><\/p>\n<p><a href=\"https:\/\/escuelademusicaydanza.laorotava.es\/blog\/wp-content\/uploads\/2025\/11\/fmc_programacion-armonia-moderna-1o-25_26.pdf\">FMC_PROGRAMACI\u00d3N ARMON\u00cdA MODERNA 1\u00ba 25_26<\/a><\/p>\n<p><a href=\"https:\/\/escuelademusicaydanza.laorotava.es\/blog\/wp-content\/uploads\/2025\/11\/fmc_programacion-armonia-moderna-2o-25_26.pdf\">FMC_PROGRAMACI\u00d3N ARMON\u00cdA MODERNA 2\u00ba 25_26<\/a><\/p>\n<h4><i class=\"fa fa-arrow-circle-right \" ><\/i> Canto, Taller de Canto y Coro Infantil y de Primera Etapa<\/h4>\n<p style=\"padding-left: 30px;\"><i class=\"fa fa-arrow-right \" ><\/i>\u00a0<a href=\"http:\/\/escuelademusicaydanza.laorotava.es\/blog\/profesores\/rosa-ines-rivero-garcia\/\">Rosa In\u00e9s Rivero Garc\u00eda<\/a><\/p>\n<p><span style=\"text-decoration: underline;\"><strong>PLAN DE ESTUDIOS &#8211; CANTO<\/strong><\/span><\/p>\n<div><\/div>\n<div><\/div>\n<i class=\"fa fa-book \" ><\/i> Programaci\u00f3n<\/p>\n<p><a href=\"https:\/\/escuelademusicaydanza.laorotava.es\/blog\/wp-content\/uploads\/2025\/11\/fmc_programacion_canto-25_26.pdf\">FMC_PROGRAMACI\u00d3N_CANTO 25_26<\/a><\/p>\n<p><a href=\"https:\/\/escuelademusicaydanza.laorotava.es\/blog\/wp-content\/uploads\/2025\/11\/fmc_programacion_taller-de-canto-25_26.pdf\">FMC_PROGRAMACI\u00d3N_TALLER DE CANTO 25_26<\/a><\/p>\n<p><a href=\"https:\/\/escuelademusicaydanza.laorotava.es\/blog\/wp-content\/uploads\/2024\/02\/canto-asignaturas-primera-etapa.jpg\">Plan de estudios Canto &#8211; Primera etapa<\/a><\/p>\n<p><a href=\"https:\/\/escuelademusicaydanza.laorotava.es\/blog\/wp-content\/uploads\/2024\/02\/canto-asignaturas-segunda-etapa.jpg\">Plan de estudios Canto- Segunda etapa<\/a><\/p>\n<p><a href=\"https:\/\/escuelademusicaydanza.laorotava.es\/blog\/wp-content\/uploads\/2024\/02\/canto-asignatura-tercera-etapa.jpg\">Plan de estudios Canto &#8211; Tercera etapa<\/a><\/p>\n<h4><i class=\"fa fa-arrow-circle-right \" ><\/i> Coro Juvenil, Coro de Adultos Iniciaci\u00f3n, Coro de Adultos y Taller de Coro<\/h4>\n<p style=\"padding-left: 30px;\"><i class=\"fa fa-arrow-right \" ><\/i>\u00a0<a href=\"http:\/\/escuelademusicaydanza.laorotava.es\/blog\/profesores\/jose-hijar-polo\/\">Jos\u00e9 Hijar Polo<\/a><\/p>\n<p>\u00a0 \u00a0<i class=\"fa fa-book \" ><\/i> Programaci\u00f3n<\/p>\n<p><a href=\"https:\/\/escuelademusicaydanza.laorotava.es\/blog\/wp-content\/uploads\/2025\/11\/fmc_programacion_coro-25_26.pdf\">FMC_PROGRAMACI\u00d3N_CORO 25_26<\/a><\/p>\n<p style=\"padding-left: 30px;\">\n","protected":false},"excerpt":{"rendered":"<p>Jefa de Departamento \u00a0Domingo Ferm\u00edn Delgado Garc\u00eda \u00a0 \u00a0 \u00a0 \u00a0 \u00a0 \u00a0 \u00a0 Programaci\u00f3n FMC_PROGRAMACI\u00d3N DEPARTAMENTO 25_26 Especialidades M\u00fasica y Movimiento Domingo Ferm\u00edn Delgado Garc\u00eda Programaci\u00f3n FMC_PROGRAMACI\u00d3N M\u00daSICA Y MOVIMIENTO 25_26 PLAN DE ESTUDIOS &#8211; \u00a0M\u00daSICA Y MOVIMIENTO Lenguaje Musical Programaci\u00f3n FMC_PROGRAMACI\u00d3N FMC 1\u00aa ETAPA 25_26 FMC_PROGRAMACI\u00d3N LENGUAJE MUSICAL ADULTOS 25_26 FMC_PROGRAMACI\u00d3N LENGUAJE MUSICAL &hellip; <a href=\"https:\/\/escuelademusicaydanza.laorotava.es\/blog\/departamento-de-formacion-musical-complementaria\/\" class=\"more-link\">Sigue leyendo <span class=\"screen-reader-text\">Departamento de Formaci\u00f3n Musical Complementaria<\/span><\/a><\/p>\n","protected":false},"author":14,"featured_media":0,"parent":0,"menu_order":0,"comment_status":"closed","ping_status":"closed","template":"","meta":{"jetpack_post_was_ever_published":false,"footnotes":""},"class_list":["post-459","page","type-page","status-publish","hentry"],"jetpack_sharing_enabled":true,"jetpack_likes_enabled":true,"jetpack-related-posts":[],"_links":{"self":[{"href":"https:\/\/escuelademusicaydanza.laorotava.es\/blog\/wp-json\/wp\/v2\/pages\/459","targetHints":{"allow":["GET"]}}],"collection":[{"href":"https:\/\/escuelademusicaydanza.laorotava.es\/blog\/wp-json\/wp\/v2\/pages"}],"about":[{"href":"https:\/\/escuelademusicaydanza.laorotava.es\/blog\/wp-json\/wp\/v2\/types\/page"}],"author":[{"embeddable":true,"href":"https:\/\/escuelademusicaydanza.laorotava.es\/blog\/wp-json\/wp\/v2\/users\/14"}],"replies":[{"embeddable":true,"href":"https:\/\/escuelademusicaydanza.laorotava.es\/blog\/wp-json\/wp\/v2\/comments?post=459"}],"version-history":[{"count":63,"href":"https:\/\/escuelademusicaydanza.laorotava.es\/blog\/wp-json\/wp\/v2\/pages\/459\/revisions"}],"predecessor-version":[{"id":4365,"href":"https:\/\/escuelademusicaydanza.laorotava.es\/blog\/wp-json\/wp\/v2\/pages\/459\/revisions\/4365"}],"wp:attachment":[{"href":"https:\/\/escuelademusicaydanza.laorotava.es\/blog\/wp-json\/wp\/v2\/media?parent=459"}],"curies":[{"name":"wp","href":"https:\/\/api.w.org\/{rel}","templated":true}]}}