{"id":413,"date":"2017-10-04T12:53:29","date_gmt":"2017-10-04T11:53:29","guid":{"rendered":"http:\/\/escuelademusicaydanza.laorotava.es\/blog\/?page_id=413"},"modified":"2025-11-06T13:28:25","modified_gmt":"2025-11-06T13:28:25","slug":"pedro-izquierdo-gonzalez","status":"publish","type":"page","link":"https:\/\/escuelademusicaydanza.laorotava.es\/blog\/profesores\/pedro-izquierdo-gonzalez\/","title":{"rendered":"David Duque Infante"},"content":{"rendered":"<p>Profesor de Timple<\/p>\n<i class=\"fa fa-comment \" ><\/i> Tutor\u00eda: Martes 16:30 &#8211; 17:30 h<\/p>\n<p><img loading=\"lazy\" decoding=\"async\" data-attachment-id=\"2708\" data-permalink=\"https:\/\/escuelademusicaydanza.laorotava.es\/blog\/profesores\/pedro-izquierdo-gonzalez\/dscf0565\/\" data-orig-file=\"https:\/\/escuelademusicaydanza.laorotava.es\/blog\/wp-content\/uploads\/2021\/11\/dscf0565-scaled.jpg\" data-orig-size=\"2560,1707\" data-comments-opened=\"1\" data-image-meta=\"{&quot;aperture&quot;:&quot;2&quot;,&quot;credit&quot;:&quot;&quot;,&quot;camera&quot;:&quot;X-T4&quot;,&quot;caption&quot;:&quot;&quot;,&quot;created_timestamp&quot;:&quot;1634724440&quot;,&quot;copyright&quot;:&quot;&quot;,&quot;focal_length&quot;:&quot;23&quot;,&quot;iso&quot;:&quot;500&quot;,&quot;shutter_speed&quot;:&quot;0.002&quot;,&quot;title&quot;:&quot;&quot;,&quot;orientation&quot;:&quot;1&quot;}\" data-image-title=\"DAVID-DSCF0565\" data-image-description=\"\" data-image-caption=\"\" data-medium-file=\"https:\/\/escuelademusicaydanza.laorotava.es\/blog\/wp-content\/uploads\/2021\/11\/dscf0565-300x200.jpg\" data-large-file=\"https:\/\/escuelademusicaydanza.laorotava.es\/blog\/wp-content\/uploads\/2021\/11\/dscf0565-1024x683.jpg\" class=\"alignnone size-medium wp-image-2708 aligncenter\" src=\"https:\/\/escuelademusicaydanza.laorotava.es\/blog\/wp-content\/uploads\/2021\/11\/dscf0565-300x200.jpg\" alt=\"\" width=\"300\" height=\"200\" srcset=\"https:\/\/escuelademusicaydanza.laorotava.es\/blog\/wp-content\/uploads\/2021\/11\/dscf0565-300x200.jpg 300w, https:\/\/escuelademusicaydanza.laorotava.es\/blog\/wp-content\/uploads\/2021\/11\/dscf0565-1024x683.jpg 1024w, https:\/\/escuelademusicaydanza.laorotava.es\/blog\/wp-content\/uploads\/2021\/11\/dscf0565-768x512.jpg 768w, https:\/\/escuelademusicaydanza.laorotava.es\/blog\/wp-content\/uploads\/2021\/11\/dscf0565-1536x1024.jpg 1536w, https:\/\/escuelademusicaydanza.laorotava.es\/blog\/wp-content\/uploads\/2021\/11\/dscf0565-2048x1365.jpg 2048w, https:\/\/escuelademusicaydanza.laorotava.es\/blog\/wp-content\/uploads\/2021\/11\/dscf0565-772x515.jpg 772w, https:\/\/escuelademusicaydanza.laorotava.es\/blog\/wp-content\/uploads\/2021\/11\/dscf0565-624x416.jpg 624w\" sizes=\"auto, (max-width: 300px) 100vw, 300px\" \/><\/p>\n<p align=\"justify\"><span style=\"color: #0f0f0f;\"><span style=\"font-family: Arial, sans-serif;\"><span style=\"font-size: medium;\">Titulado Superior en Guitarra Cl\u00e1sica. Recibe clases magistrales de numerosos guitarristas de prestigio internacional. Se forma como timplista con Benito Cabrera. Paralelamente, ampl\u00eda su formaci\u00f3n en las especialidades de canto l\u00edrico, guitarra moderna, direcci\u00f3n coral y orquestal. Premiado en diversos festivales internacionales de guitarra cl\u00e1sica. Premiado en el certamen de Rondallas de S\/C de Tenerife como director de Agrupaciones L\u00edricas desde el a\u00f1o 2015 al 2022 consecutivamente. Director de distintos grupos folcl\u00f3ricos de la isla de Tenerife durante 10 a\u00f1os. Desde el a\u00f1o 2018 dirige La Rondalla de la Sociedad Mamel\u2019s. En la actualidad se desarrolla activamente como concertista de timple y guitarra. Trabaja en la transcripci\u00f3n, adaptaci\u00f3n y composici\u00f3n de obras para timple. Autor del libro \u00abObras para timple\u00bb en 2021. CD \u00abDi\u00e1logo entre Ra\u00edces\u00bb con Dalek D\u00fao en 2022.<\/span><\/span><\/span><\/p>\n<p align=\"justify\"><span style=\"color: #000000;\"><span style=\"font-family: Arial, sans-serif;\"><span style=\"font-size: medium;\">Premiado en el certamen de Rondallas de S\/C de Tenerife como director de Agrupaciones L\u00edricas desde el a\u00f1o 2015 hasta la actualidad.<\/span><\/span><\/span><\/p>\n<p><span style=\"color: #000000;\"><span style=\"font-family: Arial, sans-serif;\"><span style=\"font-size: medium;\">Director Art\u00edstico del Festival Internacional de Cuerda Pulsada &#8211; Ciudad de La Laguna desde 2024.<\/span><\/span><\/span><\/p>\n<p><span style=\"color: #000000;\"><span style=\"font-family: Arial, sans-serif;\"><span style=\"font-size: medium;\">Autor del libro \u201cRepertorio Hist\u00f3rico Para Timple\u201d, publicado por la Asociaci\u00f3n del Timple Canario en 2025.<\/span><\/span><\/span><\/p>\n","protected":false},"excerpt":{"rendered":"<p>Profesor de Timple Tutor\u00eda: Martes 16:30 &#8211; 17:30 h Titulado Superior en Guitarra Cl\u00e1sica. Recibe clases magistrales de numerosos guitarristas de prestigio internacional. Se forma como timplista con Benito Cabrera. Paralelamente, ampl\u00eda su formaci\u00f3n en las especialidades de canto l\u00edrico, guitarra moderna, direcci\u00f3n coral y orquestal. Premiado en diversos festivales internacionales de guitarra cl\u00e1sica. Premiado &hellip; <a href=\"https:\/\/escuelademusicaydanza.laorotava.es\/blog\/profesores\/pedro-izquierdo-gonzalez\/\" class=\"more-link\">Sigue leyendo <span class=\"screen-reader-text\">David Duque Infante<\/span><\/a><\/p>\n","protected":false},"author":1,"featured_media":421,"parent":371,"menu_order":0,"comment_status":"closed","ping_status":"closed","template":"","meta":{"jetpack_post_was_ever_published":false,"footnotes":""},"class_list":["post-413","page","type-page","status-publish","has-post-thumbnail","hentry"],"jetpack_sharing_enabled":true,"jetpack_likes_enabled":true,"jetpack-related-posts":[],"_links":{"self":[{"href":"https:\/\/escuelademusicaydanza.laorotava.es\/blog\/wp-json\/wp\/v2\/pages\/413","targetHints":{"allow":["GET"]}}],"collection":[{"href":"https:\/\/escuelademusicaydanza.laorotava.es\/blog\/wp-json\/wp\/v2\/pages"}],"about":[{"href":"https:\/\/escuelademusicaydanza.laorotava.es\/blog\/wp-json\/wp\/v2\/types\/page"}],"author":[{"embeddable":true,"href":"https:\/\/escuelademusicaydanza.laorotava.es\/blog\/wp-json\/wp\/v2\/users\/1"}],"replies":[{"embeddable":true,"href":"https:\/\/escuelademusicaydanza.laorotava.es\/blog\/wp-json\/wp\/v2\/comments?post=413"}],"version-history":[{"count":10,"href":"https:\/\/escuelademusicaydanza.laorotava.es\/blog\/wp-json\/wp\/v2\/pages\/413\/revisions"}],"predecessor-version":[{"id":4314,"href":"https:\/\/escuelademusicaydanza.laorotava.es\/blog\/wp-json\/wp\/v2\/pages\/413\/revisions\/4314"}],"up":[{"embeddable":true,"href":"https:\/\/escuelademusicaydanza.laorotava.es\/blog\/wp-json\/wp\/v2\/pages\/371"}],"wp:featuredmedia":[{"embeddable":true,"href":"https:\/\/escuelademusicaydanza.laorotava.es\/blog\/wp-json\/wp\/v2\/media\/421"}],"wp:attachment":[{"href":"https:\/\/escuelademusicaydanza.laorotava.es\/blog\/wp-json\/wp\/v2\/media?parent=413"}],"curies":[{"name":"wp","href":"https:\/\/api.w.org\/{rel}","templated":true}]}}