{"id":403,"date":"2017-10-04T12:48:04","date_gmt":"2017-10-04T11:48:04","guid":{"rendered":"http:\/\/escuelademusicaydanza.laorotava.es\/blog\/?page_id=403"},"modified":"2022-10-03T09:38:41","modified_gmt":"2022-10-03T08:38:41","slug":"juana-karina-martin-luis","status":"publish","type":"page","link":"https:\/\/escuelademusicaydanza.laorotava.es\/blog\/profesores\/juana-karina-martin-luis\/","title":{"rendered":"Karina Mart\u00edn Luis"},"content":{"rendered":"<p>Profesora de Percusi\u00f3n y Directora de la Banda<\/p>\n<i class=\"fa fa-comment \" ><\/i> Tutor\u00eda: Mi\u00e9rcoles 12:30 &#8211; 13:30 h<\/p>\n<p><img loading=\"lazy\" decoding=\"async\" data-attachment-id=\"2719\" data-permalink=\"https:\/\/escuelademusicaydanza.laorotava.es\/blog\/profesores\/juana-karina-martin-luis\/dscf0806\/\" data-orig-file=\"https:\/\/escuelademusicaydanza.laorotava.es\/blog\/wp-content\/uploads\/2021\/11\/dscf0806-scaled.jpg\" data-orig-size=\"2560,1707\" data-comments-opened=\"1\" data-image-meta=\"{&quot;aperture&quot;:&quot;2&quot;,&quot;credit&quot;:&quot;&quot;,&quot;camera&quot;:&quot;X-T4&quot;,&quot;caption&quot;:&quot;&quot;,&quot;created_timestamp&quot;:&quot;1634725972&quot;,&quot;copyright&quot;:&quot;&quot;,&quot;focal_length&quot;:&quot;23&quot;,&quot;iso&quot;:&quot;500&quot;,&quot;shutter_speed&quot;:&quot;0.002&quot;,&quot;title&quot;:&quot;&quot;,&quot;orientation&quot;:&quot;1&quot;}\" data-image-title=\"KARINA-DSCF0806\" data-image-description=\"\" data-image-caption=\"\" data-medium-file=\"https:\/\/escuelademusicaydanza.laorotava.es\/blog\/wp-content\/uploads\/2021\/11\/dscf0806-300x200.jpg\" data-large-file=\"https:\/\/escuelademusicaydanza.laorotava.es\/blog\/wp-content\/uploads\/2021\/11\/dscf0806-1024x683.jpg\" class=\"alignnone size-medium wp-image-2719 aligncenter\" src=\"https:\/\/escuelademusicaydanza.laorotava.es\/blog\/wp-content\/uploads\/2021\/11\/dscf0806-300x200.jpg\" alt=\"\" width=\"300\" height=\"200\" srcset=\"https:\/\/escuelademusicaydanza.laorotava.es\/blog\/wp-content\/uploads\/2021\/11\/dscf0806-300x200.jpg 300w, https:\/\/escuelademusicaydanza.laorotava.es\/blog\/wp-content\/uploads\/2021\/11\/dscf0806-1024x683.jpg 1024w, https:\/\/escuelademusicaydanza.laorotava.es\/blog\/wp-content\/uploads\/2021\/11\/dscf0806-768x512.jpg 768w, https:\/\/escuelademusicaydanza.laorotava.es\/blog\/wp-content\/uploads\/2021\/11\/dscf0806-1536x1024.jpg 1536w, https:\/\/escuelademusicaydanza.laorotava.es\/blog\/wp-content\/uploads\/2021\/11\/dscf0806-2048x1365.jpg 2048w, https:\/\/escuelademusicaydanza.laorotava.es\/blog\/wp-content\/uploads\/2021\/11\/dscf0806-772x515.jpg 772w, https:\/\/escuelademusicaydanza.laorotava.es\/blog\/wp-content\/uploads\/2021\/11\/dscf0806-624x416.jpg 624w\" sizes=\"auto, (max-width: 300px) 100vw, 300px\" \/><\/p>\n<p><span style=\"color: #222222;\"><span style=\"font-family: Verdana, sans-serif;\">Licenciada en percusi\u00f3n cl\u00e1sica. En 1999 comienza como profesora de percusi\u00f3n de la Escuela Municipal de M\u00fasica y Danza &#8216;Villa de la Orotava&#8217; y desde hace unos a\u00f1os dirige la banda juvenil de la misma.<\/span><\/span><\/p>\n<p><span style=\"color: #222222;\"><span style=\"font-family: Verdana, sans-serif;\">Percusionista vers\u00e1til que ha continuado su formaci\u00f3n realizando cursos de percusi\u00f3n latina, africana, afrocubana, flamenco, bater\u00eda, direcci\u00f3n musical&#8230;<\/span><\/span><\/p>\n<p><span style=\"color: #222222;\"><span style=\"font-family: Verdana, sans-serif;\">Fue becaria de la OST, miembro de la JOC y de la Orquesta de la Zarzuela de Tenerife.<\/span><\/span><\/p>\n<p><span style=\"color: #222222;\"><span style=\"font-family: Verdana, sans-serif;\">En 2019 es invitada al Festival Internacional de percusi\u00f3n PERCUFEST de Valencia para impartir clases y dar un concierto con su alumnado.\u00a0<\/span><\/span><span style=\"color: #222222;\"><span style=\"font-family: Verdana, sans-serif;\">En 2021 es invitada como ponente al Festival Internacional Ritmos Handmade del Puerto de la Cruz donde adem\u00e1s particip\u00f3 su alumnado (de la especialidad y del taller de adultos) actuando como cierre de ese d\u00eda.<\/span><\/span><\/p>\n<p><span style=\"color: #222222;\"><span style=\"font-family: Verdana, sans-serif;\">Como int\u00e9rprete act\u00faa con: Caracolas, Emun\u00e1, Banda de Efra\u00edn Medina yLa Chalana.<\/span><\/span><\/p>\n","protected":false},"excerpt":{"rendered":"<p>Profesora de Percusi\u00f3n y Directora de la Banda Tutor\u00eda: Mi\u00e9rcoles 12:30 &#8211; 13:30 h Licenciada en percusi\u00f3n cl\u00e1sica. En 1999 comienza como profesora de percusi\u00f3n de la Escuela Municipal de M\u00fasica y Danza &#8216;Villa de la Orotava&#8217; y desde hace unos a\u00f1os dirige la banda juvenil de la misma. Percusionista vers\u00e1til que ha continuado su &hellip; <a href=\"https:\/\/escuelademusicaydanza.laorotava.es\/blog\/profesores\/juana-karina-martin-luis\/\" class=\"more-link\">Sigue leyendo <span class=\"screen-reader-text\">Karina Mart\u00edn Luis<\/span><\/a><\/p>\n","protected":false},"author":1,"featured_media":422,"parent":371,"menu_order":0,"comment_status":"closed","ping_status":"closed","template":"","meta":{"jetpack_post_was_ever_published":false,"footnotes":""},"class_list":["post-403","page","type-page","status-publish","has-post-thumbnail","hentry"],"jetpack_sharing_enabled":true,"jetpack_likes_enabled":true,"jetpack-related-posts":[],"_links":{"self":[{"href":"https:\/\/escuelademusicaydanza.laorotava.es\/blog\/wp-json\/wp\/v2\/pages\/403","targetHints":{"allow":["GET"]}}],"collection":[{"href":"https:\/\/escuelademusicaydanza.laorotava.es\/blog\/wp-json\/wp\/v2\/pages"}],"about":[{"href":"https:\/\/escuelademusicaydanza.laorotava.es\/blog\/wp-json\/wp\/v2\/types\/page"}],"author":[{"embeddable":true,"href":"https:\/\/escuelademusicaydanza.laorotava.es\/blog\/wp-json\/wp\/v2\/users\/1"}],"replies":[{"embeddable":true,"href":"https:\/\/escuelademusicaydanza.laorotava.es\/blog\/wp-json\/wp\/v2\/comments?post=403"}],"version-history":[{"count":8,"href":"https:\/\/escuelademusicaydanza.laorotava.es\/blog\/wp-json\/wp\/v2\/pages\/403\/revisions"}],"predecessor-version":[{"id":3220,"href":"https:\/\/escuelademusicaydanza.laorotava.es\/blog\/wp-json\/wp\/v2\/pages\/403\/revisions\/3220"}],"up":[{"embeddable":true,"href":"https:\/\/escuelademusicaydanza.laorotava.es\/blog\/wp-json\/wp\/v2\/pages\/371"}],"wp:featuredmedia":[{"embeddable":true,"href":"https:\/\/escuelademusicaydanza.laorotava.es\/blog\/wp-json\/wp\/v2\/media\/422"}],"wp:attachment":[{"href":"https:\/\/escuelademusicaydanza.laorotava.es\/blog\/wp-json\/wp\/v2\/media?parent=403"}],"curies":[{"name":"wp","href":"https:\/\/api.w.org\/{rel}","templated":true}]}}