{"id":391,"date":"2017-10-04T12:43:56","date_gmt":"2017-10-04T11:43:56","guid":{"rendered":"http:\/\/escuelademusicaydanza.laorotava.es\/blog\/?page_id=391"},"modified":"2021-11-29T14:44:52","modified_gmt":"2021-11-29T14:44:52","slug":"anna-merkoulova","status":"publish","type":"page","link":"https:\/\/escuelademusicaydanza.laorotava.es\/blog\/profesores\/anna-merkoulova\/","title":{"rendered":"Anna Merkoulova"},"content":{"rendered":"<p>Profesora de Piano y M\u00fasica de C\u00e1mara<\/p>\n<i class=\"fa fa-comment \" ><\/i> Tutor\u00eda: Jueves 14:30 &#8211; 15:30 h<\/p>\n<p><img loading=\"lazy\" decoding=\"async\" data-attachment-id=\"2714\" data-permalink=\"https:\/\/escuelademusicaydanza.laorotava.es\/blog\/profesores\/anna-merkoulova\/dscf0691\/\" data-orig-file=\"https:\/\/escuelademusicaydanza.laorotava.es\/blog\/wp-content\/uploads\/2021\/11\/dscf0691-scaled.jpg\" data-orig-size=\"2560,1707\" data-comments-opened=\"1\" data-image-meta=\"{&quot;aperture&quot;:&quot;2&quot;,&quot;credit&quot;:&quot;&quot;,&quot;camera&quot;:&quot;X-T4&quot;,&quot;caption&quot;:&quot;&quot;,&quot;created_timestamp&quot;:&quot;1634725327&quot;,&quot;copyright&quot;:&quot;&quot;,&quot;focal_length&quot;:&quot;23&quot;,&quot;iso&quot;:&quot;2000&quot;,&quot;shutter_speed&quot;:&quot;0.01&quot;,&quot;title&quot;:&quot;&quot;,&quot;orientation&quot;:&quot;0&quot;}\" data-image-title=\"ANNA-DSCF0691\" data-image-description=\"\" data-image-caption=\"\" data-medium-file=\"https:\/\/escuelademusicaydanza.laorotava.es\/blog\/wp-content\/uploads\/2021\/11\/dscf0691-300x200.jpg\" data-large-file=\"https:\/\/escuelademusicaydanza.laorotava.es\/blog\/wp-content\/uploads\/2021\/11\/dscf0691-1024x683.jpg\" class=\"alignnone size-medium wp-image-2714 aligncenter\" src=\"https:\/\/escuelademusicaydanza.laorotava.es\/blog\/wp-content\/uploads\/2021\/11\/dscf0691-300x200.jpg\" alt=\"\" width=\"300\" height=\"200\" srcset=\"https:\/\/escuelademusicaydanza.laorotava.es\/blog\/wp-content\/uploads\/2021\/11\/dscf0691-300x200.jpg 300w, https:\/\/escuelademusicaydanza.laorotava.es\/blog\/wp-content\/uploads\/2021\/11\/dscf0691-1024x683.jpg 1024w, https:\/\/escuelademusicaydanza.laorotava.es\/blog\/wp-content\/uploads\/2021\/11\/dscf0691-768x512.jpg 768w, https:\/\/escuelademusicaydanza.laorotava.es\/blog\/wp-content\/uploads\/2021\/11\/dscf0691-1536x1024.jpg 1536w, https:\/\/escuelademusicaydanza.laorotava.es\/blog\/wp-content\/uploads\/2021\/11\/dscf0691-2048x1365.jpg 2048w, https:\/\/escuelademusicaydanza.laorotava.es\/blog\/wp-content\/uploads\/2021\/11\/dscf0691-772x515.jpg 772w, https:\/\/escuelademusicaydanza.laorotava.es\/blog\/wp-content\/uploads\/2021\/11\/dscf0691-624x416.jpg 624w\" sizes=\"auto, (max-width: 300px) 100vw, 300px\" \/><\/p>\n","protected":false},"excerpt":{"rendered":"<p>Profesora de Piano y M\u00fasica de C\u00e1mara Tutor\u00eda: Jueves 14:30 &#8211; 15:30 h<\/p>\n","protected":false},"author":1,"featured_media":422,"parent":371,"menu_order":0,"comment_status":"closed","ping_status":"closed","template":"","meta":{"jetpack_post_was_ever_published":false,"footnotes":""},"class_list":["post-391","page","type-page","status-publish","has-post-thumbnail","hentry"],"jetpack_sharing_enabled":true,"jetpack_likes_enabled":true,"jetpack-related-posts":[],"_links":{"self":[{"href":"https:\/\/escuelademusicaydanza.laorotava.es\/blog\/wp-json\/wp\/v2\/pages\/391","targetHints":{"allow":["GET"]}}],"collection":[{"href":"https:\/\/escuelademusicaydanza.laorotava.es\/blog\/wp-json\/wp\/v2\/pages"}],"about":[{"href":"https:\/\/escuelademusicaydanza.laorotava.es\/blog\/wp-json\/wp\/v2\/types\/page"}],"author":[{"embeddable":true,"href":"https:\/\/escuelademusicaydanza.laorotava.es\/blog\/wp-json\/wp\/v2\/users\/1"}],"replies":[{"embeddable":true,"href":"https:\/\/escuelademusicaydanza.laorotava.es\/blog\/wp-json\/wp\/v2\/comments?post=391"}],"version-history":[{"count":8,"href":"https:\/\/escuelademusicaydanza.laorotava.es\/blog\/wp-json\/wp\/v2\/pages\/391\/revisions"}],"predecessor-version":[{"id":2962,"href":"https:\/\/escuelademusicaydanza.laorotava.es\/blog\/wp-json\/wp\/v2\/pages\/391\/revisions\/2962"}],"up":[{"embeddable":true,"href":"https:\/\/escuelademusicaydanza.laorotava.es\/blog\/wp-json\/wp\/v2\/pages\/371"}],"wp:featuredmedia":[{"embeddable":true,"href":"https:\/\/escuelademusicaydanza.laorotava.es\/blog\/wp-json\/wp\/v2\/media\/422"}],"wp:attachment":[{"href":"https:\/\/escuelademusicaydanza.laorotava.es\/blog\/wp-json\/wp\/v2\/media?parent=391"}],"curies":[{"name":"wp","href":"https:\/\/api.w.org\/{rel}","templated":true}]}}