{"id":389,"date":"2017-10-04T12:43:31","date_gmt":"2017-10-04T11:43:31","guid":{"rendered":"http:\/\/escuelademusicaydanza.laorotava.es\/blog\/?page_id=389"},"modified":"2025-11-06T13:24:49","modified_gmt":"2025-11-06T13:24:49","slug":"maria-almudena-hernandez-garcia","status":"publish","type":"page","link":"https:\/\/escuelademusicaydanza.laorotava.es\/blog\/profesores\/maria-almudena-hernandez-garcia\/","title":{"rendered":"Almudena Hern\u00e1ndez Garc\u00eda"},"content":{"rendered":"<p style=\"text-align: left;\">Jefa del Departamento de Cuerda y profesora\u00a0de Guitarra<\/p>\n<p style=\"text-align: left;\"><i class=\"fa fa-comment \" ><\/i> Tutor\u00eda: Lunes \u00a015:30-16:30 h<\/p>\n<p><img loading=\"lazy\" decoding=\"async\" data-attachment-id=\"2709\" data-permalink=\"https:\/\/escuelademusicaydanza.laorotava.es\/blog\/profesores\/maria-almudena-hernandez-garcia\/dscf0575\/\" data-orig-file=\"https:\/\/escuelademusicaydanza.laorotava.es\/blog\/wp-content\/uploads\/2021\/11\/dscf0575-scaled.jpg\" data-orig-size=\"2560,1707\" data-comments-opened=\"1\" data-image-meta=\"{&quot;aperture&quot;:&quot;2.2&quot;,&quot;credit&quot;:&quot;&quot;,&quot;camera&quot;:&quot;X-T4&quot;,&quot;caption&quot;:&quot;&quot;,&quot;created_timestamp&quot;:&quot;1634724504&quot;,&quot;copyright&quot;:&quot;&quot;,&quot;focal_length&quot;:&quot;23&quot;,&quot;iso&quot;:&quot;500&quot;,&quot;shutter_speed&quot;:&quot;0.002&quot;,&quot;title&quot;:&quot;&quot;,&quot;orientation&quot;:&quot;1&quot;}\" data-image-title=\"ALMUDENA-DSCF0575\" data-image-description=\"\" data-image-caption=\"\" data-medium-file=\"https:\/\/escuelademusicaydanza.laorotava.es\/blog\/wp-content\/uploads\/2021\/11\/dscf0575-300x200.jpg\" data-large-file=\"https:\/\/escuelademusicaydanza.laorotava.es\/blog\/wp-content\/uploads\/2021\/11\/dscf0575-1024x683.jpg\" class=\"size-medium wp-image-2709 aligncenter\" src=\"https:\/\/escuelademusicaydanza.laorotava.es\/blog\/wp-content\/uploads\/2021\/11\/dscf0575-300x200.jpg\" alt=\"\" width=\"300\" height=\"200\" srcset=\"https:\/\/escuelademusicaydanza.laorotava.es\/blog\/wp-content\/uploads\/2021\/11\/dscf0575-300x200.jpg 300w, https:\/\/escuelademusicaydanza.laorotava.es\/blog\/wp-content\/uploads\/2021\/11\/dscf0575-1024x683.jpg 1024w, https:\/\/escuelademusicaydanza.laorotava.es\/blog\/wp-content\/uploads\/2021\/11\/dscf0575-768x512.jpg 768w, https:\/\/escuelademusicaydanza.laorotava.es\/blog\/wp-content\/uploads\/2021\/11\/dscf0575-1536x1024.jpg 1536w, https:\/\/escuelademusicaydanza.laorotava.es\/blog\/wp-content\/uploads\/2021\/11\/dscf0575-2048x1365.jpg 2048w, https:\/\/escuelademusicaydanza.laorotava.es\/blog\/wp-content\/uploads\/2021\/11\/dscf0575-772x515.jpg 772w, https:\/\/escuelademusicaydanza.laorotava.es\/blog\/wp-content\/uploads\/2021\/11\/dscf0575-624x416.jpg 624w\" sizes=\"auto, (max-width: 300px) 100vw, 300px\" \/><\/p>\n<p><span style=\"font-family: Verdana, sans-serif;\">Nacida en Puerto de la Cruz, obtuvo el t\u00edtulo superior de guitarra en el\u00a0<\/span><span style=\"font-family: Verdana, sans-serif;\">Conservatorio Superior de M\u00fasica de Santa Cruz de Tenerife con el catedr\u00e1tico Don\u00a0<\/span><span style=\"font-family: Verdana, sans-serif;\">Manuel Guti\u00e9rrez.<\/span><\/p>\n<p><span style=\"font-family: Verdana, sans-serif;\">Int\u00e9rprete solista y miembro activo de distintas formaciones de c\u00e1mara.\u00a0<\/span><span style=\"font-family: Verdana, sans-serif;\">En la Escuela de M\u00fasica y Danza Villa de La Orotava actualmente ejerce como\u00a0<\/span><span style=\"font-family: Verdana, sans-serif;\">profesora y coordinadora del departamento de cuerdas. Dirige el Conjunto de\u00a0<\/span><span style=\"font-family: Verdana, sans-serif;\">Guitarras y Timples con el que ha participado en distintos encuentros de formaciones\u00a0<\/span><span style=\"font-family: Verdana, sans-serif;\">de guitarras a nivel nacional e internacional<\/span>.<\/p>\n","protected":false},"excerpt":{"rendered":"<p>Jefa del Departamento de Cuerda y profesora\u00a0de Guitarra Tutor\u00eda: Lunes \u00a015:30-16:30 h Nacida en Puerto de la Cruz, obtuvo el t\u00edtulo superior de guitarra en el\u00a0Conservatorio Superior de M\u00fasica de Santa Cruz de Tenerife con el catedr\u00e1tico Don\u00a0Manuel Guti\u00e9rrez. Int\u00e9rprete solista y miembro activo de distintas formaciones de c\u00e1mara.\u00a0En la Escuela de M\u00fasica y Danza &hellip; <a href=\"https:\/\/escuelademusicaydanza.laorotava.es\/blog\/profesores\/maria-almudena-hernandez-garcia\/\" class=\"more-link\">Sigue leyendo <span class=\"screen-reader-text\">Almudena Hern\u00e1ndez Garc\u00eda<\/span><\/a><\/p>\n","protected":false},"author":1,"featured_media":422,"parent":371,"menu_order":0,"comment_status":"closed","ping_status":"closed","template":"","meta":{"jetpack_post_was_ever_published":false,"footnotes":""},"class_list":["post-389","page","type-page","status-publish","has-post-thumbnail","hentry"],"jetpack_sharing_enabled":true,"jetpack_likes_enabled":true,"jetpack-related-posts":[],"_links":{"self":[{"href":"https:\/\/escuelademusicaydanza.laorotava.es\/blog\/wp-json\/wp\/v2\/pages\/389","targetHints":{"allow":["GET"]}}],"collection":[{"href":"https:\/\/escuelademusicaydanza.laorotava.es\/blog\/wp-json\/wp\/v2\/pages"}],"about":[{"href":"https:\/\/escuelademusicaydanza.laorotava.es\/blog\/wp-json\/wp\/v2\/types\/page"}],"author":[{"embeddable":true,"href":"https:\/\/escuelademusicaydanza.laorotava.es\/blog\/wp-json\/wp\/v2\/users\/1"}],"replies":[{"embeddable":true,"href":"https:\/\/escuelademusicaydanza.laorotava.es\/blog\/wp-json\/wp\/v2\/comments?post=389"}],"version-history":[{"count":12,"href":"https:\/\/escuelademusicaydanza.laorotava.es\/blog\/wp-json\/wp\/v2\/pages\/389\/revisions"}],"predecessor-version":[{"id":4312,"href":"https:\/\/escuelademusicaydanza.laorotava.es\/blog\/wp-json\/wp\/v2\/pages\/389\/revisions\/4312"}],"up":[{"embeddable":true,"href":"https:\/\/escuelademusicaydanza.laorotava.es\/blog\/wp-json\/wp\/v2\/pages\/371"}],"wp:featuredmedia":[{"embeddable":true,"href":"https:\/\/escuelademusicaydanza.laorotava.es\/blog\/wp-json\/wp\/v2\/media\/422"}],"wp:attachment":[{"href":"https:\/\/escuelademusicaydanza.laorotava.es\/blog\/wp-json\/wp\/v2\/media?parent=389"}],"curies":[{"name":"wp","href":"https:\/\/api.w.org\/{rel}","templated":true}]}}