{"id":375,"date":"2017-10-04T12:38:46","date_gmt":"2017-10-04T11:38:46","guid":{"rendered":"http:\/\/escuelademusicaydanza.laorotava.es\/blog\/?page_id=375"},"modified":"2025-11-10T10:45:31","modified_gmt":"2025-11-10T10:45:31","slug":"jose-hijar-polo","status":"publish","type":"page","link":"https:\/\/escuelademusicaydanza.laorotava.es\/blog\/profesores\/jose-hijar-polo\/","title":{"rendered":"Jos\u00e9 H\u00edjar Polo"},"content":{"rendered":"<p>Jefe de Estudios y profesor de Coro<\/p>\n<i class=\"fa fa-comment \" ><\/i> Tutor\u00eda: Lunes 12:00 &#8211; 13:00 h<\/p>\n<p><img loading=\"lazy\" decoding=\"async\" data-attachment-id=\"2728\" data-permalink=\"https:\/\/escuelademusicaydanza.laorotava.es\/blog\/profesores\/jose-hijar-polo\/dscf0969\/\" data-orig-file=\"https:\/\/escuelademusicaydanza.laorotava.es\/blog\/wp-content\/uploads\/2021\/11\/dscf0969-scaled.jpg\" data-orig-size=\"2560,1707\" data-comments-opened=\"1\" data-image-meta=\"{&quot;aperture&quot;:&quot;2.2&quot;,&quot;credit&quot;:&quot;&quot;,&quot;camera&quot;:&quot;X-T4&quot;,&quot;caption&quot;:&quot;&quot;,&quot;created_timestamp&quot;:&quot;1634726843&quot;,&quot;copyright&quot;:&quot;&quot;,&quot;focal_length&quot;:&quot;23&quot;,&quot;iso&quot;:&quot;800&quot;,&quot;shutter_speed&quot;:&quot;0.005&quot;,&quot;title&quot;:&quot;&quot;,&quot;orientation&quot;:&quot;0&quot;}\" data-image-title=\"PEPE-DSCF0969\" data-image-description=\"\" data-image-caption=\"\" data-medium-file=\"https:\/\/escuelademusicaydanza.laorotava.es\/blog\/wp-content\/uploads\/2021\/11\/dscf0969-300x200.jpg\" data-large-file=\"https:\/\/escuelademusicaydanza.laorotava.es\/blog\/wp-content\/uploads\/2021\/11\/dscf0969-1024x683.jpg\" class=\"alignnone size-medium wp-image-2728 aligncenter\" src=\"https:\/\/escuelademusicaydanza.laorotava.es\/blog\/wp-content\/uploads\/2021\/11\/dscf0969-300x200.jpg\" alt=\"\" width=\"300\" height=\"200\" srcset=\"https:\/\/escuelademusicaydanza.laorotava.es\/blog\/wp-content\/uploads\/2021\/11\/dscf0969-300x200.jpg 300w, https:\/\/escuelademusicaydanza.laorotava.es\/blog\/wp-content\/uploads\/2021\/11\/dscf0969-1024x683.jpg 1024w, https:\/\/escuelademusicaydanza.laorotava.es\/blog\/wp-content\/uploads\/2021\/11\/dscf0969-768x512.jpg 768w, https:\/\/escuelademusicaydanza.laorotava.es\/blog\/wp-content\/uploads\/2021\/11\/dscf0969-1536x1024.jpg 1536w, https:\/\/escuelademusicaydanza.laorotava.es\/blog\/wp-content\/uploads\/2021\/11\/dscf0969-2048x1365.jpg 2048w, https:\/\/escuelademusicaydanza.laorotava.es\/blog\/wp-content\/uploads\/2021\/11\/dscf0969-772x515.jpg 772w, https:\/\/escuelademusicaydanza.laorotava.es\/blog\/wp-content\/uploads\/2021\/11\/dscf0969-624x416.jpg 624w\" sizes=\"auto, (max-width: 300px) 100vw, 300px\" \/><\/p>\n\n\n<p><span class=\"Apple-converted-space\">\u00a0<\/span>Jos\u00e9 H\u00edjar Polo es licenciado por el \u201cRoyal School of Music London\u201d desde 1983. Comienza sus estudios musicales en Puerto de la Cruz, con los hermanos Gabriel y Eugenio Bello, continu\u00e1ndolos en Alicante y Madrid con Jos\u00e9 Tom\u00e1s y Miguel \u00c1ngel Jim\u00e9nez. De nuevo en Puerto de la Cruz, se licencia con el profesor David Goldsmith.<span class=\"Apple-converted-space\">\u00a0<\/span><\/p>\n<p>A lo largo de su trayectoria musical interviene en importantes cursos como los impartidos por Alfredo Kraus, Ismael Fern\u00e1ndez de la Cuesta, Lluis Vila, Gerd Meyer, Jonathan Rennert, Michael Noone, Josep Cabr\u00e9, Peter Phillips, Andrew Carwood, Erwin Ortner, Erik van Nevel, Eligio Quinteiro, Charles Barbier, Juan Carlos Asensio, Paolo Da Col, Lluis Vilamaj\u00f3, Rupert Damerell, Pedro Teixeira, Jordi Casas, entre otros.<span class=\"Apple-converted-space\">\u00a0<\/span><\/p>\n<p>Dirige la Coral Reyes Bartlet desde 1984 destacando la participaci\u00f3n en m\u00e1s de sesenta proyectos sinf\u00f3nico-corales junto a la Orquesta Sinf\u00f3nica de Tenerife, Orquesta Filarm\u00f3nica de Gran Canaria, entre otras.<span class=\"Apple-converted-space\">\u00a0<\/span><\/p>\n<p>En 1989 crea y dirige varios coros infantiles y juveniles en Puerto de la Cruz, y en 1995 funda el Coro Juvenil David Goldsmith. Desde 2001 dirige el Proyecto de Creaci\u00f3n de Coros en los Centros P\u00fablicos de Ense\u00f1anza de Puerto de la Cruz. En 2008 crea la Escuela Coral de Puerto de la Cruz. En 2013 crea el Grupo Vocal Reyes Bartlet<span class=\"Apple-converted-space\">\u00a0<\/span><\/p>\n<p>Desde 1995 es profesor de Coro de la Escuela Municipal de M\u00fasica y Danza Villa de la Orotava, y desde 1997 Jefe de Estudios de la misma.<span class=\"Apple-converted-space\">\u00a0<\/span><\/p>\n<p>En 2004 se le otorga la Medalla de Plata del C.I.T. de Puerto de la Cruz por sus 20 a\u00f1os al frente de la Coral Reyes Bartlet.<\/p>\n","protected":false},"excerpt":{"rendered":"<p>Jefe de Estudios y profesor de Coro Tutor\u00eda: Lunes 12:00 &#8211; 13:00 h \u00a0Jos\u00e9 H\u00edjar Polo es licenciado por el \u201cRoyal School of Music London\u201d desde 1983. Comienza sus estudios musicales en Puerto de la Cruz, con los hermanos Gabriel y Eugenio Bello, continu\u00e1ndolos en Alicante y Madrid con Jos\u00e9 Tom\u00e1s y Miguel \u00c1ngel Jim\u00e9nez. &hellip; <a href=\"https:\/\/escuelademusicaydanza.laorotava.es\/blog\/profesores\/jose-hijar-polo\/\" class=\"more-link\">Sigue leyendo <span class=\"screen-reader-text\">Jos\u00e9 H\u00edjar Polo<\/span><\/a><\/p>\n","protected":false},"author":1,"featured_media":421,"parent":371,"menu_order":0,"comment_status":"closed","ping_status":"closed","template":"","meta":{"jetpack_post_was_ever_published":false,"footnotes":""},"class_list":["post-375","page","type-page","status-publish","has-post-thumbnail","hentry"],"jetpack_sharing_enabled":true,"jetpack_likes_enabled":true,"jetpack-related-posts":[],"_links":{"self":[{"href":"https:\/\/escuelademusicaydanza.laorotava.es\/blog\/wp-json\/wp\/v2\/pages\/375","targetHints":{"allow":["GET"]}}],"collection":[{"href":"https:\/\/escuelademusicaydanza.laorotava.es\/blog\/wp-json\/wp\/v2\/pages"}],"about":[{"href":"https:\/\/escuelademusicaydanza.laorotava.es\/blog\/wp-json\/wp\/v2\/types\/page"}],"author":[{"embeddable":true,"href":"https:\/\/escuelademusicaydanza.laorotava.es\/blog\/wp-json\/wp\/v2\/users\/1"}],"replies":[{"embeddable":true,"href":"https:\/\/escuelademusicaydanza.laorotava.es\/blog\/wp-json\/wp\/v2\/comments?post=375"}],"version-history":[{"count":7,"href":"https:\/\/escuelademusicaydanza.laorotava.es\/blog\/wp-json\/wp\/v2\/pages\/375\/revisions"}],"predecessor-version":[{"id":4344,"href":"https:\/\/escuelademusicaydanza.laorotava.es\/blog\/wp-json\/wp\/v2\/pages\/375\/revisions\/4344"}],"up":[{"embeddable":true,"href":"https:\/\/escuelademusicaydanza.laorotava.es\/blog\/wp-json\/wp\/v2\/pages\/371"}],"wp:featuredmedia":[{"embeddable":true,"href":"https:\/\/escuelademusicaydanza.laorotava.es\/blog\/wp-json\/wp\/v2\/media\/421"}],"wp:attachment":[{"href":"https:\/\/escuelademusicaydanza.laorotava.es\/blog\/wp-json\/wp\/v2\/media?parent=375"}],"curies":[{"name":"wp","href":"https:\/\/api.w.org\/{rel}","templated":true}]}}