{"id":371,"date":"2017-10-04T13:29:26","date_gmt":"2017-10-04T12:29:26","guid":{"rendered":"http:\/\/escuelademusicaydanza.laorotava.es\/blog\/?page_id=371"},"modified":"2023-11-27T13:14:36","modified_gmt":"2023-11-27T13:14:36","slug":"profesores","status":"publish","type":"page","link":"https:\/\/escuelademusicaydanza.laorotava.es\/blog\/profesores\/","title":{"rendered":"Profesores"},"content":{"rendered":"<div class=\"su-heading su-heading-style-default su-heading-align-center\" id=\"\" style=\"font-size:13px;margin-bottom:20px\"><div class=\"su-heading-inner\">Profesores de la Escuela de M\u00fasica y Danza<\/div><\/div>\n<div class=\"su-list\" style=\"margin-left:0px\">\n<ul>\n<li><i class=\"sui sui-music\" style=\"color:#333\"><\/i> <a href=\"http:\/\/escuelademusicaydanza.laorotava.es\/blog\/emilia-toste-acosta\/\">Emilia Toste Acosta<\/a><\/li>\n<li><i class=\"sui sui-music\" style=\"color:#333\"><\/i> <a href=\"http:\/\/escuelademusicaydanza.laorotava.es\/blog\/jose-hijar-polo\/\">Jos\u00e9 Hijar Polo<\/a><\/li>\n<li><i class=\"sui sui-music\" style=\"color:#333\"><\/i> <a href=\"https:\/\/escuelademusicaydanza.laorotava.es\/blog\/profesores\/maria-almudena-hernandez-garcia\/\">Almudena Hern\u00e1ndez Garc\u00eda<\/a><\/li>\n<li><i class=\"sui sui-music\" style=\"color:#333\"><\/i> <a href=\"https:\/\/escuelademusicaydanza.laorotava.es\/blog\/profesores\/anna-merkoulova\/\">Anna Merkoulova<\/a><\/li>\n<li><i class=\"sui sui-music\" style=\"color:#333\"><\/i> <a href=\"https:\/\/escuelademusicaydanza.laorotava.es\/blog\/profesores\/candelaria-maria-rodriguez-leon\/\">Candelaria Mar\u00eda Rodr\u00edguez Le\u00f3n<\/a><\/li>\n<li><i class=\"sui sui-music\" style=\"color:#333\"><\/i> <a href=\"https:\/\/escuelademusicaydanza.laorotava.es\/blog\/profesores\/carmen-dolores-rodriguez-perez\/\">Carmen Dolores Rodr\u00edguez P\u00e9rez<\/a><\/li>\n<li><i class=\"sui sui-music\" style=\"color:#333\"><\/i> <a href=\"https:\/\/escuelademusicaydanza.laorotava.es\/blog\/profesores\/pedro-izquierdo-gonzalez\/\">David Duque Infante<\/a><\/li>\n<li><i class=\"sui sui-music\" style=\"color:#333\"><\/i> <a href=\"http:\/\/escuelademusicaydanza.laorotava.es\/blog\/desire-jorge-cejas\/\">Desir\u00e9 Jorge Cejas<\/a><\/li>\n<li><i class=\"sui sui-music\" style=\"color:#333\"><\/i> <a href=\"https:\/\/escuelademusicaydanza.laorotava.es\/blog\/profesores\/fermin-delgado-garcia\/\">Domingo Ferm\u00edn Delgado Garc\u00eda<\/a><\/li>\n<li><i class=\"sui sui-music\" style=\"color:#333\"><\/i> <a href=\"https:\/\/escuelademusicaydanza.laorotava.es\/blog\/profesores\/elena-raquel-fernandez-rodriguez\/\">Elena Raquel Fern\u00e1ndez Rodr\u00edguez<\/a><\/li>\n<li><i class=\"sui sui-music\" style=\"color:#333\"><\/i> <a href=\"http:\/\/escuelademusicaydanza.laorotava.es\/blog\/francisco-jose-hernandez-padron\/\">Francisco Jos\u00e9 Hern\u00e1ndez Padr\u00f3n<\/a><\/li>\n<li><i class=\"sui sui-music\" style=\"color:#333\"><\/i> <a href=\"http:\/\/escuelademusicaydanza.laorotava.es\/blog\/javier-diaz-rodriguez\/\">Javier D\u00edaz Rodr\u00edguez<\/a><\/li>\n<li><i class=\"sui sui-music\" style=\"color:#333\"><\/i> <a href=\"https:\/\/escuelademusicaydanza.laorotava.es\/blog\/profesores\/paula-hernandez-dionis\/\">Jos\u00e9 Mar\u00eda Cuadra P\u00e9rez<\/a><\/li>\n<li><i class=\"sui sui-music\" style=\"color:#333\"><\/i> <a href=\"http:\/\/escuelademusicaydanza.laorotava.es\/blog\/juan-antonio-cantero-mesa\/\">Juan Antonio Cantero Mesa<\/a><\/li>\n<li><i class=\"sui sui-music\" style=\"color:#333\"><\/i> <a href=\"https:\/\/escuelademusicaydanza.laorotava.es\/blog\/profesores\/juana-karina-martin-luis\/\">Karina Mart\u00edn Luis<\/a><\/li>\n<li><i class=\"sui sui-music\" style=\"color:#333\"><\/i> <a href=\"https:\/\/escuelademusicaydanza.laorotava.es\/blog\/profesores\/lydia-bettina-lopez-perez\/\">Lydia Bettina L\u00f3pez P\u00e9rez<\/a><\/li>\n<li><i class=\"sui sui-music\" style=\"color:#333\"><\/i> <a href=\"https:\/\/escuelademusicaydanza.laorotava.es\/blog\/profesores\/maria-goretti-hernandez-ruiz\/\">Mar\u00eda Goretti Hern\u00e1ndez Ru\u00edz<\/a><\/li>\n<li><i class=\"sui sui-music\" style=\"color:#333\"><\/i> <a href=\"http:\/\/escuelademusicaydanza.laorotava.es\/blog\/natividad-hernandez-hernandez\/\">Natividad Hern\u00e1ndez Hern\u00e1ndez<\/a><\/li>\n<li><i class=\"sui sui-music\" style=\"color:#333\"><\/i> <a href=\"http:\/\/escuelademusicaydanza.laorotava.es\/blog\/noe-tinguaro-fierro-diaz\/\">No\u00e9 Tinguaro Fierro D\u00edaz<\/a><\/li>\n<li><i class=\"sui sui-music\" style=\"color:#333\"><\/i> <a href=\"https:\/\/escuelademusicaydanza.laorotava.es\/blog\/profesores\/olivia-pehme\/\">Olivia Virve Pehme<\/a><\/li>\n<li><i class=\"sui sui-music\" style=\"color:#333\"><\/i> <a href=\"http:\/\/escuelademusicaydanza.laorotava.es\/blog\/rosa-ines-rivero-garcia\/\">Rosa In\u00e9s Rivero Garc\u00eda<\/a><\/li>\n<li><i class=\"sui sui-music\" style=\"color:#333\"><\/i> <a href=\"http:\/\/escuelademusicaydanza.laorotava.es\/blog\/ruth-galvan-andreu\/\">Ruth Galv\u00e1n Andreu<\/a><\/li>\n<li><i class=\"sui sui-music\" style=\"color:#333\"><\/i> <a href=\"https:\/\/escuelademusicaydanza.laorotava.es\/blog\/profesores\/sabina-afonso-sprungmann\/\">Sabina Afonso Sprunghann<\/a><\/li>\n<li><i class=\"sui sui-music\" style=\"color:#333\"><\/i> <a href=\"https:\/\/escuelademusicaydanza.laorotava.es\/blog\/diego-exposito-socas\/\">Diego Exp\u00f3sito Socas<\/a><\/li>\n<\/ul>\n<\/div>\n","protected":false},"excerpt":{"rendered":"","protected":false},"author":1,"featured_media":0,"parent":0,"menu_order":0,"comment_status":"closed","ping_status":"closed","template":"","meta":{"jetpack_post_was_ever_published":false,"footnotes":""},"class_list":["post-371","page","type-page","status-publish","hentry"],"jetpack_sharing_enabled":true,"jetpack_likes_enabled":true,"jetpack-related-posts":[],"_links":{"self":[{"href":"https:\/\/escuelademusicaydanza.laorotava.es\/blog\/wp-json\/wp\/v2\/pages\/371","targetHints":{"allow":["GET"]}}],"collection":[{"href":"https:\/\/escuelademusicaydanza.laorotava.es\/blog\/wp-json\/wp\/v2\/pages"}],"about":[{"href":"https:\/\/escuelademusicaydanza.laorotava.es\/blog\/wp-json\/wp\/v2\/types\/page"}],"author":[{"embeddable":true,"href":"https:\/\/escuelademusicaydanza.laorotava.es\/blog\/wp-json\/wp\/v2\/users\/1"}],"replies":[{"embeddable":true,"href":"https:\/\/escuelademusicaydanza.laorotava.es\/blog\/wp-json\/wp\/v2\/comments?post=371"}],"version-history":[{"count":27,"href":"https:\/\/escuelademusicaydanza.laorotava.es\/blog\/wp-json\/wp\/v2\/pages\/371\/revisions"}],"predecessor-version":[{"id":3694,"href":"https:\/\/escuelademusicaydanza.laorotava.es\/blog\/wp-json\/wp\/v2\/pages\/371\/revisions\/3694"}],"wp:attachment":[{"href":"https:\/\/escuelademusicaydanza.laorotava.es\/blog\/wp-json\/wp\/v2\/media?parent=371"}],"curies":[{"name":"wp","href":"https:\/\/api.w.org\/{rel}","templated":true}]}}