{"id":3699,"date":"2023-11-27T13:25:38","date_gmt":"2023-11-27T13:25:38","guid":{"rendered":"https:\/\/escuelademusicaydanza.laorotava.es\/blog\/?page_id=3699"},"modified":"2023-12-18T16:27:58","modified_gmt":"2023-12-18T16:27:58","slug":"luis-lopez-ramos","status":"publish","type":"page","link":"https:\/\/escuelademusicaydanza.laorotava.es\/blog\/profesores\/luis-lopez-ramos\/","title":{"rendered":"Luis L\u00f3pez Ramos"},"content":{"rendered":"\n<p>Profesor auxiliar de Piano<\/p>\n<p><img loading=\"lazy\" decoding=\"async\" data-attachment-id=\"3567\" data-permalink=\"https:\/\/escuelademusicaydanza.laorotava.es\/blog\/gran-noticia-premios-grammy\/captura-de-pantalla-2023-10-19-a-las-9-42-45\/\" data-orig-file=\"https:\/\/escuelademusicaydanza.laorotava.es\/blog\/wp-content\/uploads\/2023\/10\/captura-de-pantalla-2023-10-19-a-las-9-42-45.png\" data-orig-size=\"1354,902\" data-comments-opened=\"1\" data-image-meta=\"{&quot;aperture&quot;:&quot;0&quot;,&quot;credit&quot;:&quot;&quot;,&quot;camera&quot;:&quot;&quot;,&quot;caption&quot;:&quot;&quot;,&quot;created_timestamp&quot;:&quot;0&quot;,&quot;copyright&quot;:&quot;&quot;,&quot;focal_length&quot;:&quot;0&quot;,&quot;iso&quot;:&quot;0&quot;,&quot;shutter_speed&quot;:&quot;0&quot;,&quot;title&quot;:&quot;&quot;,&quot;orientation&quot;:&quot;0&quot;}\" data-image-title=\"Captura de pantalla 2023-10-19 a las 9.42.45\" data-image-description=\"\" data-image-caption=\"\" data-medium-file=\"https:\/\/escuelademusicaydanza.laorotava.es\/blog\/wp-content\/uploads\/2023\/10\/captura-de-pantalla-2023-10-19-a-las-9-42-45-300x200.png\" data-large-file=\"https:\/\/escuelademusicaydanza.laorotava.es\/blog\/wp-content\/uploads\/2023\/10\/captura-de-pantalla-2023-10-19-a-las-9-42-45-1024x682.png\" class=\"alignnone size-medium wp-image-3567 aligncenter\" src=\"https:\/\/escuelademusicaydanza.laorotava.es\/blog\/wp-content\/uploads\/2023\/10\/captura-de-pantalla-2023-10-19-a-las-9-42-45-300x200.png\" alt=\"\" width=\"300\" height=\"200\" srcset=\"https:\/\/escuelademusicaydanza.laorotava.es\/blog\/wp-content\/uploads\/2023\/10\/captura-de-pantalla-2023-10-19-a-las-9-42-45-300x200.png 300w, https:\/\/escuelademusicaydanza.laorotava.es\/blog\/wp-content\/uploads\/2023\/10\/captura-de-pantalla-2023-10-19-a-las-9-42-45-1024x682.png 1024w, https:\/\/escuelademusicaydanza.laorotava.es\/blog\/wp-content\/uploads\/2023\/10\/captura-de-pantalla-2023-10-19-a-las-9-42-45-768x512.png 768w, https:\/\/escuelademusicaydanza.laorotava.es\/blog\/wp-content\/uploads\/2023\/10\/captura-de-pantalla-2023-10-19-a-las-9-42-45-772x514.png 772w, https:\/\/escuelademusicaydanza.laorotava.es\/blog\/wp-content\/uploads\/2023\/10\/captura-de-pantalla-2023-10-19-a-las-9-42-45-624x416.png 624w, https:\/\/escuelademusicaydanza.laorotava.es\/blog\/wp-content\/uploads\/2023\/10\/captura-de-pantalla-2023-10-19-a-las-9-42-45.png 1354w\" sizes=\"auto, (max-width: 300px) 100vw, 300px\" \/><\/p>\n<p>\u00a0<\/p>\n<i class=\"fa fa-comment \" ><\/i> Tutor\u00eda: Jueves \u00a014:30 &#8211; 15:30 h<\/p>\n<p>Luis L\u00f3pez, nacido en 1996 en Santa Cruz de Tenerife, es un joven pianista formado en el Conservatorio Superior de M\u00fasica de Canarias y la Academia de M\u00fasica Ignacy Jan Paderewski en Polonia, donde obtuvo su M\u00e1ster con Matr\u00edcula de Honor. Ha recibido clases magistrales de renombrados pianistas como Mar\u00eda Joao Pires y Guillermo Gonz\u00e1lez. Su participaci\u00f3n en diversos festivales internacionales incluye conciertos en diferentes pa\u00edses tales como: Estados Unidos, Jap\u00f3n, Italia, Lituania, Polonia, Alemania entre otros. Ha sido galardonado en diferentes concursos internacionales como por ejemplo: Segundo premio en el 14\u00b0 Concurso Internacional de M\u00fasica \u201cLuigi Cerritelli\u201d de Mil\u00e1n, Italia; Menci\u00f3n de honor en International Music Competition Malopolska Society of Young Artist Krakow, entre otros. Recientemente se ha convertido en el primer canario en recibir una nominaci\u00f3n a mejor \u00e1lbum de m\u00fasica cl\u00e1sica en los Latin Grammy.<\/p>\n<p>\u00a0<\/p>\n","protected":false},"excerpt":{"rendered":"<p>Profesor auxiliar de Piano \u00a0 Tutor\u00eda: Jueves \u00a014:30 &#8211; 15:30 h Luis L\u00f3pez, nacido en 1996 en Santa Cruz de Tenerife, es un joven pianista formado en el Conservatorio Superior de M\u00fasica de Canarias y la Academia de M\u00fasica Ignacy Jan Paderewski en Polonia, donde obtuvo su M\u00e1ster con Matr\u00edcula de Honor. Ha recibido clases &hellip; <a href=\"https:\/\/escuelademusicaydanza.laorotava.es\/blog\/profesores\/luis-lopez-ramos\/\" class=\"more-link\">Sigue leyendo <span class=\"screen-reader-text\">Luis L\u00f3pez Ramos<\/span><\/a><\/p>\n","protected":false},"author":14,"featured_media":0,"parent":371,"menu_order":0,"comment_status":"closed","ping_status":"closed","template":"","meta":{"jetpack_post_was_ever_published":false,"footnotes":""},"class_list":["post-3699","page","type-page","status-publish","hentry"],"jetpack_sharing_enabled":true,"jetpack_likes_enabled":true,"jetpack-related-posts":[],"_links":{"self":[{"href":"https:\/\/escuelademusicaydanza.laorotava.es\/blog\/wp-json\/wp\/v2\/pages\/3699","targetHints":{"allow":["GET"]}}],"collection":[{"href":"https:\/\/escuelademusicaydanza.laorotava.es\/blog\/wp-json\/wp\/v2\/pages"}],"about":[{"href":"https:\/\/escuelademusicaydanza.laorotava.es\/blog\/wp-json\/wp\/v2\/types\/page"}],"author":[{"embeddable":true,"href":"https:\/\/escuelademusicaydanza.laorotava.es\/blog\/wp-json\/wp\/v2\/users\/14"}],"replies":[{"embeddable":true,"href":"https:\/\/escuelademusicaydanza.laorotava.es\/blog\/wp-json\/wp\/v2\/comments?post=3699"}],"version-history":[{"count":4,"href":"https:\/\/escuelademusicaydanza.laorotava.es\/blog\/wp-json\/wp\/v2\/pages\/3699\/revisions"}],"predecessor-version":[{"id":3739,"href":"https:\/\/escuelademusicaydanza.laorotava.es\/blog\/wp-json\/wp\/v2\/pages\/3699\/revisions\/3739"}],"up":[{"embeddable":true,"href":"https:\/\/escuelademusicaydanza.laorotava.es\/blog\/wp-json\/wp\/v2\/pages\/371"}],"wp:attachment":[{"href":"https:\/\/escuelademusicaydanza.laorotava.es\/blog\/wp-json\/wp\/v2\/media?parent=3699"}],"curies":[{"name":"wp","href":"https:\/\/api.w.org\/{rel}","templated":true}]}}