{"id":2128,"date":"2020-11-13T09:29:24","date_gmt":"2020-11-13T09:29:24","guid":{"rendered":"https:\/\/escuelademusicaydanza.laorotava.es\/blog\/?page_id=2128"},"modified":"2020-11-13T09:29:24","modified_gmt":"2020-11-13T09:29:24","slug":"aula-virtual","status":"publish","type":"page","link":"https:\/\/escuelademusicaydanza.laorotava.es\/blog\/aula-virtual\/","title":{"rendered":"Aula Virtual"},"content":{"rendered":"\n<p>Haz clic <a href=\"https:\/\/escuelademusicaydanza.laorotava.es\/formacion\" target=\"_blank\" rel=\"noopener noreferrer\">aqu\u00ed<\/a> o escanea el c\u00f3digo QR desde tu dispositivo m\u00f3vil para acceder al Aula Virtual de la escuela.<\/p>\n\n\n\n<p><img loading=\"lazy\" decoding=\"async\" data-attachment-id=\"2133\" data-permalink=\"https:\/\/escuelademusicaydanza.laorotava.es\/blog\/aula-virtual\/qr-code\/\" data-orig-file=\"https:\/\/escuelademusicaydanza.laorotava.es\/blog\/wp-content\/uploads\/2020\/11\/qr-code.png\" data-orig-size=\"2257,2257\" data-comments-opened=\"1\" data-image-meta=\"{&quot;aperture&quot;:&quot;0&quot;,&quot;credit&quot;:&quot;&quot;,&quot;camera&quot;:&quot;&quot;,&quot;caption&quot;:&quot;&quot;,&quot;created_timestamp&quot;:&quot;0&quot;,&quot;copyright&quot;:&quot;&quot;,&quot;focal_length&quot;:&quot;0&quot;,&quot;iso&quot;:&quot;0&quot;,&quot;shutter_speed&quot;:&quot;0&quot;,&quot;title&quot;:&quot;&quot;,&quot;orientation&quot;:&quot;0&quot;}\" data-image-title=\"C\u00f3digo QR Aula Virtual Escuela de M\u00fasica y Danza\" data-image-description=\"\" data-image-caption=\"\" data-medium-file=\"https:\/\/escuelademusicaydanza.laorotava.es\/blog\/wp-content\/uploads\/2020\/11\/qr-code-300x300.png\" data-large-file=\"https:\/\/escuelademusicaydanza.laorotava.es\/blog\/wp-content\/uploads\/2020\/11\/qr-code-1024x1024.png\" class=\"aligncenter  wp-image-2133\" src=\"https:\/\/escuelademusicaydanza.laorotava.es\/blog\/wp-content\/uploads\/2020\/11\/qr-code.png\" alt=\"C\u00f3digo QR Aula Virtual Escuela de M\u00fasica y Danza\" width=\"338\" height=\"338\" srcset=\"https:\/\/escuelademusicaydanza.laorotava.es\/blog\/wp-content\/uploads\/2020\/11\/qr-code.png 2257w, https:\/\/escuelademusicaydanza.laorotava.es\/blog\/wp-content\/uploads\/2020\/11\/qr-code-300x300.png 300w, https:\/\/escuelademusicaydanza.laorotava.es\/blog\/wp-content\/uploads\/2020\/11\/qr-code-1024x1024.png 1024w, https:\/\/escuelademusicaydanza.laorotava.es\/blog\/wp-content\/uploads\/2020\/11\/qr-code-150x150.png 150w, https:\/\/escuelademusicaydanza.laorotava.es\/blog\/wp-content\/uploads\/2020\/11\/qr-code-768x768.png 768w, https:\/\/escuelademusicaydanza.laorotava.es\/blog\/wp-content\/uploads\/2020\/11\/qr-code-1536x1536.png 1536w, https:\/\/escuelademusicaydanza.laorotava.es\/blog\/wp-content\/uploads\/2020\/11\/qr-code-2048x2048.png 2048w, https:\/\/escuelademusicaydanza.laorotava.es\/blog\/wp-content\/uploads\/2020\/11\/qr-code-772x772.png 772w, https:\/\/escuelademusicaydanza.laorotava.es\/blog\/wp-content\/uploads\/2020\/11\/qr-code-96x96.png 96w, https:\/\/escuelademusicaydanza.laorotava.es\/blog\/wp-content\/uploads\/2020\/11\/qr-code-624x624.png 624w\" sizes=\"auto, (max-width: 338px) 100vw, 338px\" \/><\/p>\n\n\n\n<p>Puedes acceder a la plataforma de formaci\u00f3n utilizando tu dispositivo m\u00f3vil:<\/p>\n\n\n\n<table style=\"border-collapse: collapse; width: 0%; border-style: none !important; height: 121px; margin: 0 auto;\">\n<tbody>\n<tr>\n<td style=\"border-style: none !important;\"><a href=\"https:\/\/play.google.com\/store\/apps\/details?id=com.moodle.moodlemobile&amp;hl=es&amp;gl=US\"><img loading=\"lazy\" decoding=\"async\" data-attachment-id=\"2131\" data-permalink=\"https:\/\/escuelademusicaydanza.laorotava.es\/blog\/aula-virtual\/descargar-app-play-store\/\" data-orig-file=\"https:\/\/escuelademusicaydanza.laorotava.es\/blog\/wp-content\/uploads\/2020\/11\/descargar-app-play-store.png\" data-orig-size=\"381,132\" data-comments-opened=\"1\" data-image-meta=\"{&quot;aperture&quot;:&quot;0&quot;,&quot;credit&quot;:&quot;&quot;,&quot;camera&quot;:&quot;&quot;,&quot;caption&quot;:&quot;&quot;,&quot;created_timestamp&quot;:&quot;0&quot;,&quot;copyright&quot;:&quot;&quot;,&quot;focal_length&quot;:&quot;0&quot;,&quot;iso&quot;:&quot;0&quot;,&quot;shutter_speed&quot;:&quot;0&quot;,&quot;title&quot;:&quot;&quot;,&quot;orientation&quot;:&quot;0&quot;}\" data-image-title=\"Descargar Aplicaci\u00f3n en Google Play Store\" data-image-description=\"\" data-image-caption=\"\" data-medium-file=\"https:\/\/escuelademusicaydanza.laorotava.es\/blog\/wp-content\/uploads\/2020\/11\/descargar-app-play-store-300x104.png\" data-large-file=\"https:\/\/escuelademusicaydanza.laorotava.es\/blog\/wp-content\/uploads\/2020\/11\/descargar-app-play-store.png\" class=\"aligncenter  wp-image-2131\" src=\"https:\/\/escuelademusicaydanza.laorotava.es\/blog\/wp-content\/uploads\/2020\/11\/descargar-app-play-store.png\" alt=\"Descargar Aplicaci\u00f3n en Google Play Store\" width=\"217\" height=\"75\" srcset=\"https:\/\/escuelademusicaydanza.laorotava.es\/blog\/wp-content\/uploads\/2020\/11\/descargar-app-play-store.png 381w, https:\/\/escuelademusicaydanza.laorotava.es\/blog\/wp-content\/uploads\/2020\/11\/descargar-app-play-store-300x104.png 300w\" sizes=\"auto, (max-width: 217px) 100vw, 217px\" \/><\/a><\/td>\n<td style=\"border-style: none !important;\"><a href=\"https:\/\/apps.apple.com\/es\/app\/moodle\/id633359593\"><img loading=\"lazy\" decoding=\"async\" data-attachment-id=\"2132\" data-permalink=\"https:\/\/escuelademusicaydanza.laorotava.es\/blog\/aula-virtual\/disponible-en-appstore\/\" data-orig-file=\"https:\/\/escuelademusicaydanza.laorotava.es\/blog\/wp-content\/uploads\/2020\/11\/disponible-en-appstore.jpg\" data-orig-size=\"381,133\" data-comments-opened=\"1\" data-image-meta=\"{&quot;aperture&quot;:&quot;0&quot;,&quot;credit&quot;:&quot;&quot;,&quot;camera&quot;:&quot;&quot;,&quot;caption&quot;:&quot;&quot;,&quot;created_timestamp&quot;:&quot;0&quot;,&quot;copyright&quot;:&quot;&quot;,&quot;focal_length&quot;:&quot;0&quot;,&quot;iso&quot;:&quot;0&quot;,&quot;shutter_speed&quot;:&quot;0&quot;,&quot;title&quot;:&quot;&quot;,&quot;orientation&quot;:&quot;0&quot;}\" data-image-title=\"Descargar Aplicaci\u00f3n en App Store\" data-image-description=\"\" data-image-caption=\"\" data-medium-file=\"https:\/\/escuelademusicaydanza.laorotava.es\/blog\/wp-content\/uploads\/2020\/11\/disponible-en-appstore-300x105.jpg\" data-large-file=\"https:\/\/escuelademusicaydanza.laorotava.es\/blog\/wp-content\/uploads\/2020\/11\/disponible-en-appstore.jpg\" class=\"aligncenter wp-image-2132\" src=\"https:\/\/escuelademusicaydanza.laorotava.es\/blog\/wp-content\/uploads\/2020\/11\/disponible-en-appstore.jpg\" alt=\"Descargar Aplicaci\u00f3n en App Store\" width=\"215\" height=\"75\" srcset=\"https:\/\/escuelademusicaydanza.laorotava.es\/blog\/wp-content\/uploads\/2020\/11\/disponible-en-appstore.jpg 381w, https:\/\/escuelademusicaydanza.laorotava.es\/blog\/wp-content\/uploads\/2020\/11\/disponible-en-appstore-300x105.jpg 300w\" sizes=\"auto, (max-width: 215px) 100vw, 215px\" \/><\/a><\/td>\n<\/tr>\n<\/tbody>\n<\/table>\n","protected":false},"excerpt":{"rendered":"<p>Haz clic aqu\u00ed o escanea el c\u00f3digo QR desde tu dispositivo m\u00f3vil para acceder al Aula Virtual de la escuela. Puedes acceder a la plataforma de formaci\u00f3n utilizando tu dispositivo m\u00f3vil:<\/p>\n","protected":false},"author":1,"featured_media":0,"parent":0,"menu_order":0,"comment_status":"closed","ping_status":"closed","template":"","meta":{"jetpack_post_was_ever_published":false,"footnotes":""},"class_list":["post-2128","page","type-page","status-publish","hentry"],"jetpack_sharing_enabled":true,"jetpack_likes_enabled":true,"jetpack-related-posts":[],"_links":{"self":[{"href":"https:\/\/escuelademusicaydanza.laorotava.es\/blog\/wp-json\/wp\/v2\/pages\/2128","targetHints":{"allow":["GET"]}}],"collection":[{"href":"https:\/\/escuelademusicaydanza.laorotava.es\/blog\/wp-json\/wp\/v2\/pages"}],"about":[{"href":"https:\/\/escuelademusicaydanza.laorotava.es\/blog\/wp-json\/wp\/v2\/types\/page"}],"author":[{"embeddable":true,"href":"https:\/\/escuelademusicaydanza.laorotava.es\/blog\/wp-json\/wp\/v2\/users\/1"}],"replies":[{"embeddable":true,"href":"https:\/\/escuelademusicaydanza.laorotava.es\/blog\/wp-json\/wp\/v2\/comments?post=2128"}],"version-history":[{"count":20,"href":"https:\/\/escuelademusicaydanza.laorotava.es\/blog\/wp-json\/wp\/v2\/pages\/2128\/revisions"}],"predecessor-version":[{"id":2151,"href":"https:\/\/escuelademusicaydanza.laorotava.es\/blog\/wp-json\/wp\/v2\/pages\/2128\/revisions\/2151"}],"wp:attachment":[{"href":"https:\/\/escuelademusicaydanza.laorotava.es\/blog\/wp-json\/wp\/v2\/media?parent=2128"}],"curies":[{"name":"wp","href":"https:\/\/api.w.org\/{rel}","templated":true}]}}