{"id":560,"date":"2017-10-05T11:13:38","date_gmt":"2017-10-05T10:13:38","guid":{"rendered":"http:\/\/escuelademusicaydanza.laorotava.es\/blog\/?page_id=560"},"modified":"2025-11-06T12:32:43","modified_gmt":"2025-11-06T12:32:43","slug":"equipo-directivo","status":"publish","type":"page","link":"http:\/\/escuelademusicaydanza.laorotava.es\/blog\/equipo-directivo\/","title":{"rendered":"Equipo Directivo"},"content":{"rendered":"<h3><\/h3>\n<h3><i class=\"fa fa-user-circle \" ><\/i> Directora accidental de la Escuela<\/h3>\n<p style=\"padding-left: 30px;\"><i class=\"fa fa-arrow-right \" ><\/i> <a href=\"https:\/\/escuelademusicaydanza.laorotava.es\/blog\/profesores\/candelaria-maria-rodriguez-leon\/\">Candelaria Mar\u00eda Rodr\u00edguez L\u00e9on<\/a><\/p>\n<hr \/>\n<h3><i class=\"fa fa-user-circle \" ><\/i> Jefe de Estudios<\/h3>\n<p style=\"padding-left: 30px;\"><i class=\"fa fa-arrow-right \" ><\/i> <a href=\"http:\/\/escuelademusicaydanza.laorotava.es\/blog\/profesores\/jose-hijar-polo\/\">Jos\u00e9 Hijar Polo<\/a><\/p>\n<hr \/>\n<h3><i class=\"fa fa-user-circle \" ><\/i>\u00a0Jefa del Departamento de Formaci\u00f3n Musical Complementaria<\/h3>\n<i class=\"fa fa-arrow-right \" ><\/i> <a href=\"https:\/\/escuelademusicaydanza.laorotava.es\/blog\/profesores\/fermin-delgado-garcia\/\">Domingo Ferm\u00edn Delgado Garc\u00eda<\/a><\/p>\n<hr \/>\n<h3><i class=\"fa fa-user-circle \" ><\/i>\u00a0Jefa del Departamento de Cuerda<\/h3>\n<i class=\"fa fa-arrow-right \" ><\/i> <a href=\"https:\/\/escuelademusicaydanza.laorotava.es\/blog\/profesores\/maria-almudena-hernandez-garcia\/\">Almudena Hern\u00e1ndez Garc\u00eda<\/a><\/p>\n<hr \/>\n<h3><i class=\"fa fa-user-circle \" ><\/i> Jefa del Departamento de Piano<\/h3>\n<p style=\"padding-left: 30px;\"><i class=\"fa fa-arrow-right \" ><\/i>\u00a0<a href=\"https:\/\/escuelademusicaydanza.laorotava.es\/blog\/profesores\/sabina-afonso-sprungmann\/\">Sabina Afonso Sprungmann<\/a><\/p>\n<hr \/>\n<h3><i class=\"fa fa-user-circle \" ><\/i>\u00a0Jefe del Departamento de Viento y Percusi\u00f3n<\/h3>\n<p style=\"padding-left: 30px;\"><i class=\"fa fa-arrow-right \" ><\/i>\u00a0<a href=\"https:\/\/escuelademusicaydanza.laorotava.es\/blog\/profesores\/javier-diaz-rodriguez\/\">Javier D\u00edaz Rodr\u00edguez<\/a><\/p>\n","protected":false},"excerpt":{"rendered":"<p>Directora accidental de la Escuela Candelaria Mar\u00eda Rodr\u00edguez L\u00e9on Jefe de Estudios Jos\u00e9 Hijar Polo \u00a0Jefa del Departamento de Formaci\u00f3n Musical Complementaria Domingo Ferm\u00edn Delgado Garc\u00eda \u00a0Jefa del Departamento de Cuerda Almudena Hern\u00e1ndez Garc\u00eda Jefa del Departamento de Piano \u00a0Sabina Afonso Sprungmann \u00a0Jefe del Departamento de Viento y Percusi\u00f3n \u00a0Javier D\u00edaz Rodr\u00edguez<\/p>\n","protected":false},"author":1,"featured_media":0,"parent":0,"menu_order":0,"comment_status":"closed","ping_status":"closed","template":"","meta":{"jetpack_post_was_ever_published":false,"footnotes":""},"class_list":["post-560","page","type-page","status-publish","hentry"],"jetpack_sharing_enabled":true,"jetpack_likes_enabled":true,"jetpack-related-posts":[],"_links":{"self":[{"href":"http:\/\/escuelademusicaydanza.laorotava.es\/blog\/wp-json\/wp\/v2\/pages\/560","targetHints":{"allow":["GET"]}}],"collection":[{"href":"http:\/\/escuelademusicaydanza.laorotava.es\/blog\/wp-json\/wp\/v2\/pages"}],"about":[{"href":"http:\/\/escuelademusicaydanza.laorotava.es\/blog\/wp-json\/wp\/v2\/types\/page"}],"author":[{"embeddable":true,"href":"http:\/\/escuelademusicaydanza.laorotava.es\/blog\/wp-json\/wp\/v2\/users\/1"}],"replies":[{"embeddable":true,"href":"http:\/\/escuelademusicaydanza.laorotava.es\/blog\/wp-json\/wp\/v2\/comments?post=560"}],"version-history":[{"count":22,"href":"http:\/\/escuelademusicaydanza.laorotava.es\/blog\/wp-json\/wp\/v2\/pages\/560\/revisions"}],"predecessor-version":[{"id":4292,"href":"http:\/\/escuelademusicaydanza.laorotava.es\/blog\/wp-json\/wp\/v2\/pages\/560\/revisions\/4292"}],"wp:attachment":[{"href":"http:\/\/escuelademusicaydanza.laorotava.es\/blog\/wp-json\/wp\/v2\/media?parent=560"}],"curies":[{"name":"wp","href":"https:\/\/api.w.org\/{rel}","templated":true}]}}