{"id":470,"date":"2017-10-04T14:36:19","date_gmt":"2017-10-04T13:36:19","guid":{"rendered":"http:\/\/escuelademusicaydanza.laorotava.es\/blog\/?page_id=470"},"modified":"2025-11-06T13:44:16","modified_gmt":"2025-11-06T13:44:16","slug":"orquesta","status":"publish","type":"page","link":"http:\/\/escuelademusicaydanza.laorotava.es\/blog\/orquesta\/","title":{"rendered":"Orquesta"},"content":{"rendered":"<h3><\/h3>\n<h3><i class=\"fa fa-user-circle \" ><\/i>\u00a0Director de la Orquesta<\/h3>\n<p style=\"padding-left: 30px;\"><i class=\"fa fa-arrow-right \" ><\/i>\u00a0<a href=\"https:\/\/escuelademusicaydanza.laorotava.es\/blog\/profesores\/paula-hernandez-dionis\/\">Jos\u00e9 Mar\u00eda Cuadra P\u00e9rez<\/a><\/p>\n<h4><i class=\"fa fa-arrow-circle-right \" ><\/i> Orquesta de Cuerda<\/h4>\n<i class=\"fa fa-book \" ><\/i> Programaci\u00f3n<\/p>\n<p><a href=\"https:\/\/escuelademusicaydanza.laorotava.es\/blog\/wp-content\/uploads\/2024\/10\/cuerda_programacion-orquestas-24_25-.pdf\">CUERDA_PROGRAMACION ORQUESTAS 24_25<\/a><\/p>\n<hr \/>\n<h3><i class=\"fa fa-book \" ><\/i> Especialidades<\/h3>\n<h4><i class=\"fa fa-arrow-circle-right \" ><\/i> Orquesta de Primera, Segunda y Tercera Etapa<\/h4>\n<p style=\"padding-left: 30px;\"><i class=\"fa fa-arrow-right \" ><\/i>\u00a0<a href=\"https:\/\/escuelademusicaydanza.laorotava.es\/blog\/profesores\/paula-hernandez-dionis\/\">Jos\u00e9 Mar\u00eda Cuadra P\u00e9rez<\/a><\/p>\n","protected":false},"excerpt":{"rendered":"<p>\u00a0Director de la Orquesta \u00a0Jos\u00e9 Mar\u00eda Cuadra P\u00e9rez Orquesta de Cuerda Programaci\u00f3n CUERDA_PROGRAMACION ORQUESTAS 24_25 Especialidades Orquesta de Primera, Segunda y Tercera Etapa \u00a0Jos\u00e9 Mar\u00eda Cuadra P\u00e9rez<\/p>\n","protected":false},"author":1,"featured_media":0,"parent":0,"menu_order":0,"comment_status":"closed","ping_status":"closed","template":"","meta":{"jetpack_post_was_ever_published":false,"footnotes":""},"class_list":["post-470","page","type-page","status-publish","hentry"],"jetpack_sharing_enabled":true,"jetpack_likes_enabled":true,"jetpack-related-posts":[],"_links":{"self":[{"href":"http:\/\/escuelademusicaydanza.laorotava.es\/blog\/wp-json\/wp\/v2\/pages\/470","targetHints":{"allow":["GET"]}}],"collection":[{"href":"http:\/\/escuelademusicaydanza.laorotava.es\/blog\/wp-json\/wp\/v2\/pages"}],"about":[{"href":"http:\/\/escuelademusicaydanza.laorotava.es\/blog\/wp-json\/wp\/v2\/types\/page"}],"author":[{"embeddable":true,"href":"http:\/\/escuelademusicaydanza.laorotava.es\/blog\/wp-json\/wp\/v2\/users\/1"}],"replies":[{"embeddable":true,"href":"http:\/\/escuelademusicaydanza.laorotava.es\/blog\/wp-json\/wp\/v2\/comments?post=470"}],"version-history":[{"count":10,"href":"http:\/\/escuelademusicaydanza.laorotava.es\/blog\/wp-json\/wp\/v2\/pages\/470\/revisions"}],"predecessor-version":[{"id":4341,"href":"http:\/\/escuelademusicaydanza.laorotava.es\/blog\/wp-json\/wp\/v2\/pages\/470\/revisions\/4341"}],"wp:attachment":[{"href":"http:\/\/escuelademusicaydanza.laorotava.es\/blog\/wp-json\/wp\/v2\/media?parent=470"}],"curies":[{"name":"wp","href":"https:\/\/api.w.org\/{rel}","templated":true}]}}