{"id":456,"date":"2017-10-04T14:30:19","date_gmt":"2017-10-04T13:30:19","guid":{"rendered":"http:\/\/escuelademusicaydanza.laorotava.es\/blog\/?page_id=456"},"modified":"2025-11-17T11:19:58","modified_gmt":"2025-11-17T11:19:58","slug":"departamento-de-piano","status":"publish","type":"page","link":"http:\/\/escuelademusicaydanza.laorotava.es\/blog\/departamento-de-piano\/","title":{"rendered":"Departamento de Piano"},"content":{"rendered":"<h3><\/h3>\n<p><img loading=\"lazy\" decoding=\"async\" data-attachment-id=\"2715\" data-permalink=\"http:\/\/escuelademusicaydanza.laorotava.es\/blog\/departamento-de-piano\/dscf0746\/\" data-orig-file=\"http:\/\/escuelademusicaydanza.laorotava.es\/blog\/wp-content\/uploads\/2021\/11\/dscf0746-scaled.jpg\" data-orig-size=\"2560,1707\" data-comments-opened=\"1\" data-image-meta=\"{&quot;aperture&quot;:&quot;2&quot;,&quot;credit&quot;:&quot;&quot;,&quot;camera&quot;:&quot;X-T4&quot;,&quot;caption&quot;:&quot;&quot;,&quot;created_timestamp&quot;:&quot;1634725698&quot;,&quot;copyright&quot;:&quot;&quot;,&quot;focal_length&quot;:&quot;23&quot;,&quot;iso&quot;:&quot;500&quot;,&quot;shutter_speed&quot;:&quot;0.01&quot;,&quot;title&quot;:&quot;&quot;,&quot;orientation&quot;:&quot;0&quot;}\" data-image-title=\"PIANO-DSCF0746\" data-image-description=\"\" data-image-caption=\"\" data-medium-file=\"http:\/\/escuelademusicaydanza.laorotava.es\/blog\/wp-content\/uploads\/2021\/11\/dscf0746-300x200.jpg\" data-large-file=\"http:\/\/escuelademusicaydanza.laorotava.es\/blog\/wp-content\/uploads\/2021\/11\/dscf0746-1024x683.jpg\" class=\"alignnone size-medium wp-image-2715 aligncenter\" src=\"https:\/\/escuelademusicaydanza.laorotava.es\/blog\/wp-content\/uploads\/2021\/11\/dscf0746-300x200.jpg\" alt=\"\" width=\"300\" height=\"200\" srcset=\"http:\/\/escuelademusicaydanza.laorotava.es\/blog\/wp-content\/uploads\/2021\/11\/dscf0746-300x200.jpg 300w, http:\/\/escuelademusicaydanza.laorotava.es\/blog\/wp-content\/uploads\/2021\/11\/dscf0746-1024x683.jpg 1024w, http:\/\/escuelademusicaydanza.laorotava.es\/blog\/wp-content\/uploads\/2021\/11\/dscf0746-768x512.jpg 768w, http:\/\/escuelademusicaydanza.laorotava.es\/blog\/wp-content\/uploads\/2021\/11\/dscf0746-1536x1024.jpg 1536w, http:\/\/escuelademusicaydanza.laorotava.es\/blog\/wp-content\/uploads\/2021\/11\/dscf0746-2048x1365.jpg 2048w, http:\/\/escuelademusicaydanza.laorotava.es\/blog\/wp-content\/uploads\/2021\/11\/dscf0746-772x515.jpg 772w, http:\/\/escuelademusicaydanza.laorotava.es\/blog\/wp-content\/uploads\/2021\/11\/dscf0746-624x416.jpg 624w\" sizes=\"auto, (max-width: 300px) 100vw, 300px\" \/><\/p>\n<p><span style=\"text-decoration: underline;\"><strong>PLAN DE ESTUDIOS &#8211; DEPARTAMENTO DE PIANO<\/strong><\/span><\/p>\n<div><\/div>\n<div><\/div>\n<h3><\/h3>\n<h3><i class=\"fa fa-user-circle \" ><\/i> Jefa de Departamento<\/h3>\n<p style=\"padding-left: 30px;\"><i class=\"fa fa-arrow-right \" ><\/i> <a href=\"https:\/\/escuelademusicaydanza.laorotava.es\/blog\/profesores\/sabina-afonso-sprungmann\/\">Sabina Afonso Sprungmann<\/a><\/p>\n<i class=\"fa fa-book \" ><\/i> Programaciones<\/p>\n<p><a href=\"https:\/\/escuelademusicaydanza.laorotava.es\/blog\/wp-content\/uploads\/2025\/11\/piano_programacion-piano-1a-etapa-25_26.pdf\">PIANO_PROGRAMACI\u00d3N PIANO 1\u00aa ETAPA 25_26<\/a><\/p>\n<p><a href=\"https:\/\/escuelademusicaydanza.laorotava.es\/blog\/wp-content\/uploads\/2025\/11\/piano_programacion-piano-2o-etapa-25_26.pdf\">PIANO_PROGRAMACI\u00d3N PIANO 2\u00ba ETAPA 25_26<\/a><\/p>\n<p><a href=\"https:\/\/escuelademusicaydanza.laorotava.es\/blog\/wp-content\/uploads\/2025\/11\/piano_programacion-piano-3a-etapa-25_26.pdf\">PIANO_PROGRAMACI\u00d3N PIANO 3\u00aa ETAPA 25_26<\/a><\/p>\n<p><a href=\"https:\/\/escuelademusicaydanza.laorotava.es\/blog\/wp-content\/uploads\/2025\/11\/piano_programacion-piano-complementario-25_26.pdf\">PIANO_PROGRAMACI\u00d3N PIANO COMPLEMENTARIO 25_26<\/a><\/p>\n<p><a href=\"https:\/\/escuelademusicaydanza.laorotava.es\/blog\/wp-content\/uploads\/2025\/11\/piano_programacion-acompanamiento-25_26.pdf\">PIANO_PROGRAMACI\u00d3N ACOMPA\u00d1AMIENTO 25_26<\/a><\/p>\n<hr \/>\n<h3><i class=\"fa fa-book \" ><\/i> Especialidades<\/h3>\n<h4><i class=\"fa fa-arrow-circle-right \" ><\/i> Piano, Piano Complementario y Acompa\u00f1amiento<\/h4>\n<p style=\"padding-left: 30px;\"><i class=\"fa fa-arrow-right \" ><\/i>\u00a0<a href=\"https:\/\/escuelademusicaydanza.laorotava.es\/blog\/profesores\/sabina-afonso-sprungmann\/\">Sabina Afonso Sprungmann<\/a><\/p>\n<p>\u00a0 \u00a0 \u00a0\u00a0 <i class=\"fa fa-arrow-right \" ><\/i> Profesor auxiliar:\u00a0<a href=\"https:\/\/escuelademusicaydanza.laorotava.es\/blog\/profesores\/luis-lopez-ramos\/\">Luis L\u00f3pez Ramos<\/a><\/p>\n<p style=\"padding-left: 30px;\"><i class=\"fa fa-arrow-right \" ><\/i> <a href=\"http:\/\/escuelademusicaydanza.laorotava.es\/blog\/profesores\/ruth-galvan-andreu\/\">Ruth Galv\u00e1n Andreu<\/a><\/p>\n<p style=\"padding-left: 30px;\"><i class=\"fa fa-arrow-right \" ><\/i> <a href=\"http:\/\/escuelademusicaydanza.laorotava.es\/blog\/profesores\/anna-merkoulova\/\">Anna Merkoulova<\/a><\/p>\n<p style=\"padding-left: 30px;\"><i class=\"fa fa-arrow-right \" ><\/i> <a href=\"http:\/\/escuelademusicaydanza.laorotava.es\/blog\/profesores\/noe-tinguaro-fierro-diaz\/\">No\u00e9 Tinguaro Fierro D\u00edaz<\/a><\/p>\n<h4><i class=\"fa fa-arrow-circle-right \" ><\/i> M\u00fasica de C\u00e1mara y Taller de M\u00fasica de C\u00e1mara<\/h4>\n<p style=\"padding-left: 30px;\"><i class=\"fa fa-arrow-right \" ><\/i> <a href=\"http:\/\/escuelademusicaydanza.laorotava.es\/blog\/profesores\/anna-merkoulova\/\">Anna Merkoulova<\/a><\/p>\n<i class=\"fa fa-book \" ><\/i> Programaci\u00f3n<\/p>\n<p><a href=\"https:\/\/escuelademusicaydanza.laorotava.es\/blog\/wp-content\/uploads\/2025\/11\/piano_programacion-musica-de-camara-25_26.pdf\">PIANO_PROGRAMACI\u00d3N M\u00daSICA DE C\u00c1MARA 25_26<\/a><\/p>\n","protected":false},"excerpt":{"rendered":"<p>PLAN DE ESTUDIOS &#8211; DEPARTAMENTO DE PIANO Jefa de Departamento Sabina Afonso Sprungmann Programaciones PIANO_PROGRAMACI\u00d3N PIANO 1\u00aa ETAPA 25_26 PIANO_PROGRAMACI\u00d3N PIANO 2\u00ba ETAPA 25_26 PIANO_PROGRAMACI\u00d3N PIANO 3\u00aa ETAPA 25_26 PIANO_PROGRAMACI\u00d3N PIANO COMPLEMENTARIO 25_26 PIANO_PROGRAMACI\u00d3N ACOMPA\u00d1AMIENTO 25_26 Especialidades Piano, Piano Complementario y Acompa\u00f1amiento \u00a0Sabina Afonso Sprungmann \u00a0 \u00a0 \u00a0\u00a0 Profesor auxiliar:\u00a0Luis L\u00f3pez Ramos Ruth Galv\u00e1n Andreu &hellip; <a href=\"http:\/\/escuelademusicaydanza.laorotava.es\/blog\/departamento-de-piano\/\" class=\"more-link\">Sigue leyendo <span class=\"screen-reader-text\">Departamento de Piano<\/span><\/a><\/p>\n","protected":false},"author":14,"featured_media":0,"parent":0,"menu_order":0,"comment_status":"closed","ping_status":"closed","template":"","meta":{"jetpack_post_was_ever_published":true,"footnotes":""},"class_list":["post-456","page","type-page","status-publish","hentry"],"jetpack_sharing_enabled":false,"jetpack_likes_enabled":true,"jetpack-related-posts":[],"_links":{"self":[{"href":"http:\/\/escuelademusicaydanza.laorotava.es\/blog\/wp-json\/wp\/v2\/pages\/456","targetHints":{"allow":["GET"]}}],"collection":[{"href":"http:\/\/escuelademusicaydanza.laorotava.es\/blog\/wp-json\/wp\/v2\/pages"}],"about":[{"href":"http:\/\/escuelademusicaydanza.laorotava.es\/blog\/wp-json\/wp\/v2\/types\/page"}],"author":[{"embeddable":true,"href":"http:\/\/escuelademusicaydanza.laorotava.es\/blog\/wp-json\/wp\/v2\/users\/14"}],"replies":[{"embeddable":true,"href":"http:\/\/escuelademusicaydanza.laorotava.es\/blog\/wp-json\/wp\/v2\/comments?post=456"}],"version-history":[{"count":37,"href":"http:\/\/escuelademusicaydanza.laorotava.es\/blog\/wp-json\/wp\/v2\/pages\/456\/revisions"}],"predecessor-version":[{"id":4353,"href":"http:\/\/escuelademusicaydanza.laorotava.es\/blog\/wp-json\/wp\/v2\/pages\/456\/revisions\/4353"}],"wp:attachment":[{"href":"http:\/\/escuelademusicaydanza.laorotava.es\/blog\/wp-json\/wp\/v2\/media?parent=456"}],"curies":[{"name":"wp","href":"https:\/\/api.w.org\/{rel}","templated":true}]}}