{"id":417,"date":"2017-10-04T12:54:53","date_gmt":"2017-10-04T11:54:53","guid":{"rendered":"http:\/\/escuelademusicaydanza.laorotava.es\/blog\/?page_id=417"},"modified":"2022-10-20T09:21:08","modified_gmt":"2022-10-20T08:21:08","slug":"rosa-ines-rivero-garcia","status":"publish","type":"page","link":"http:\/\/escuelademusicaydanza.laorotava.es\/blog\/profesores\/rosa-ines-rivero-garcia\/","title":{"rendered":"Rosa In\u00e9s Rivero Garc\u00eda"},"content":{"rendered":"<p>Profesora de Canto<\/p>\n<i class=\"fa fa-comment \" ><\/i> Tutor\u00eda: Martes 13:30 &#8211; 14:30 h<\/p>\n<p class=\"western\">\n<p><img loading=\"lazy\" decoding=\"async\" data-attachment-id=\"2729\" data-permalink=\"http:\/\/escuelademusicaydanza.laorotava.es\/blog\/profesores\/rosa-ines-rivero-garcia\/dscf0982\/\" data-orig-file=\"http:\/\/escuelademusicaydanza.laorotava.es\/blog\/wp-content\/uploads\/2021\/11\/dscf0982-scaled.jpg\" data-orig-size=\"2560,1707\" data-comments-opened=\"1\" data-image-meta=\"{&quot;aperture&quot;:&quot;2&quot;,&quot;credit&quot;:&quot;&quot;,&quot;camera&quot;:&quot;X-T4&quot;,&quot;caption&quot;:&quot;&quot;,&quot;created_timestamp&quot;:&quot;1634726881&quot;,&quot;copyright&quot;:&quot;&quot;,&quot;focal_length&quot;:&quot;23&quot;,&quot;iso&quot;:&quot;800&quot;,&quot;shutter_speed&quot;:&quot;0.005&quot;,&quot;title&quot;:&quot;&quot;,&quot;orientation&quot;:&quot;0&quot;}\" data-image-title=\"ROSI-DSCF0982\" data-image-description=\"\" data-image-caption=\"\" data-medium-file=\"http:\/\/escuelademusicaydanza.laorotava.es\/blog\/wp-content\/uploads\/2021\/11\/dscf0982-300x200.jpg\" data-large-file=\"http:\/\/escuelademusicaydanza.laorotava.es\/blog\/wp-content\/uploads\/2021\/11\/dscf0982-1024x683.jpg\" class=\"alignnone size-medium wp-image-2729 aligncenter\" src=\"https:\/\/escuelademusicaydanza.laorotava.es\/blog\/wp-content\/uploads\/2021\/11\/dscf0982-300x200.jpg\" alt=\"\" width=\"300\" height=\"200\" srcset=\"http:\/\/escuelademusicaydanza.laorotava.es\/blog\/wp-content\/uploads\/2021\/11\/dscf0982-300x200.jpg 300w, http:\/\/escuelademusicaydanza.laorotava.es\/blog\/wp-content\/uploads\/2021\/11\/dscf0982-1024x683.jpg 1024w, http:\/\/escuelademusicaydanza.laorotava.es\/blog\/wp-content\/uploads\/2021\/11\/dscf0982-768x512.jpg 768w, http:\/\/escuelademusicaydanza.laorotava.es\/blog\/wp-content\/uploads\/2021\/11\/dscf0982-1536x1024.jpg 1536w, http:\/\/escuelademusicaydanza.laorotava.es\/blog\/wp-content\/uploads\/2021\/11\/dscf0982-2048x1365.jpg 2048w, http:\/\/escuelademusicaydanza.laorotava.es\/blog\/wp-content\/uploads\/2021\/11\/dscf0982-772x515.jpg 772w, http:\/\/escuelademusicaydanza.laorotava.es\/blog\/wp-content\/uploads\/2021\/11\/dscf0982-624x416.jpg 624w\" sizes=\"auto, (max-width: 300px) 100vw, 300px\" \/><\/p>\n<p class=\"western\"><span style=\"font-family: Verdana, sans-serif;\"><span style=\"font-size: large;\">Natural de la Orotava. Comenz\u00f3 sus estudios 11 a\u00f1os con D\u00f1a. Candelaria S\u00e1nchez. Continu\u00f3 sus estudios de oboe hasta grado medio en el Conservatorio Superior de M\u00fasica de Sta. Cruz de Tenerife con Grahan Felvus y Paul Opie. Entra como componente en La Agrupaci\u00f3n Musical Orotava y en la Orquesta Cl\u00e1sica de La Laguna y como colaboradora en algunas Bandas de la Isla.<\/span><\/span><span style=\"font-family: Verdana, sans-serif;\"><span style=\"font-size: large;\">Posteriormente comenz\u00f3 sus Estudios de Canto con C\u00e9lida Alzola y continu\u00f3 hasta Grado Superior con Mar\u00eda Or\u00e1n.\u00a0<\/span><\/span><span style=\"font-family: Verdana, sans-serif;\"><span style=\"font-size: large;\">Ampli\u00f3 su formaci\u00f3n con Isabel Penagos, Ana Luisa Chova, Elena Obraztsova Antonella Barbachini Miguel Zanetti y Manel Cabero entre otros.<\/span><\/span><\/p>\n<p class=\"western\"><span style=\"font-family: Verdana, sans-serif;\"><span style=\"font-size: large;\">Siempre ha combinado su Carrera profesional con la docencia. Ha sido componente de la Coral Reyes Bartlet, Coro de La \u00d3pera, Coro Fimucit\u00e9 y colaboradora con varios coros de las islas.<\/span><\/span><\/p>\n<p class=\"western\"><span style=\"font-family: Verdana, sans-serif;\"><span style=\"font-size: large;\">Lleva 25 a\u00f1os en La escuela de m\u00fasica y danza Villa de la Orotava. Actualmente como profesora de Canto, Coro Infantil, Formaci\u00f3n Musical Complementaria. <\/span><\/span><span style=\"font-family: Verdana, sans-serif;\"><span style=\"font-size: large;\">Sigue activa profesionalmente y con inquietud de conocimiento.\u00a0<\/span><\/span><span style=\"font-family: Verdana, sans-serif;\"><span style=\"font-size: large;\">Actualmente dirige Coro San Andr\u00e9s y Sta. M\u00f3nica de Los Realejos es miembro del Ensamble Vocal de Tenerife y colaborando en cuatro proyectos musicales.<\/span><\/span><\/p>\n","protected":false},"excerpt":{"rendered":"<p>Profesora de Canto Tutor\u00eda: Martes 13:30 &#8211; 14:30 h Natural de la Orotava. Comenz\u00f3 sus estudios 11 a\u00f1os con D\u00f1a. Candelaria S\u00e1nchez. Continu\u00f3 sus estudios de oboe hasta grado medio en el Conservatorio Superior de M\u00fasica de Sta. Cruz de Tenerife con Grahan Felvus y Paul Opie. Entra como componente en La Agrupaci\u00f3n Musical Orotava &hellip; <a href=\"http:\/\/escuelademusicaydanza.laorotava.es\/blog\/profesores\/rosa-ines-rivero-garcia\/\" class=\"more-link\">Sigue leyendo <span class=\"screen-reader-text\">Rosa In\u00e9s Rivero Garc\u00eda<\/span><\/a><\/p>\n","protected":false},"author":1,"featured_media":422,"parent":371,"menu_order":0,"comment_status":"closed","ping_status":"closed","template":"","meta":{"jetpack_post_was_ever_published":false,"footnotes":""},"class_list":["post-417","page","type-page","status-publish","has-post-thumbnail","hentry"],"jetpack_sharing_enabled":true,"jetpack_likes_enabled":true,"jetpack-related-posts":[],"_links":{"self":[{"href":"http:\/\/escuelademusicaydanza.laorotava.es\/blog\/wp-json\/wp\/v2\/pages\/417","targetHints":{"allow":["GET"]}}],"collection":[{"href":"http:\/\/escuelademusicaydanza.laorotava.es\/blog\/wp-json\/wp\/v2\/pages"}],"about":[{"href":"http:\/\/escuelademusicaydanza.laorotava.es\/blog\/wp-json\/wp\/v2\/types\/page"}],"author":[{"embeddable":true,"href":"http:\/\/escuelademusicaydanza.laorotava.es\/blog\/wp-json\/wp\/v2\/users\/1"}],"replies":[{"embeddable":true,"href":"http:\/\/escuelademusicaydanza.laorotava.es\/blog\/wp-json\/wp\/v2\/comments?post=417"}],"version-history":[{"count":8,"href":"http:\/\/escuelademusicaydanza.laorotava.es\/blog\/wp-json\/wp\/v2\/pages\/417\/revisions"}],"predecessor-version":[{"id":3338,"href":"http:\/\/escuelademusicaydanza.laorotava.es\/blog\/wp-json\/wp\/v2\/pages\/417\/revisions\/3338"}],"up":[{"embeddable":true,"href":"http:\/\/escuelademusicaydanza.laorotava.es\/blog\/wp-json\/wp\/v2\/pages\/371"}],"wp:featuredmedia":[{"embeddable":true,"href":"http:\/\/escuelademusicaydanza.laorotava.es\/blog\/wp-json\/wp\/v2\/media\/422"}],"wp:attachment":[{"href":"http:\/\/escuelademusicaydanza.laorotava.es\/blog\/wp-json\/wp\/v2\/media?parent=417"}],"curies":[{"name":"wp","href":"https:\/\/api.w.org\/{rel}","templated":true}]}}