{"id":409,"date":"2017-10-04T12:51:29","date_gmt":"2017-10-04T11:51:29","guid":{"rendered":"http:\/\/escuelademusicaydanza.laorotava.es\/blog\/?page_id=409"},"modified":"2025-11-24T13:16:23","modified_gmt":"2025-11-24T13:16:23","slug":"noe-tinguaro-fierro-diaz","status":"publish","type":"page","link":"http:\/\/escuelademusicaydanza.laorotava.es\/blog\/profesores\/noe-tinguaro-fierro-diaz\/","title":{"rendered":"No\u00e9 Tinguaro Fierro D\u00edaz"},"content":{"rendered":"<p>Profesor de Piano<\/p>\n<i class=\"fa fa-comment \" ><\/i> Tutor\u00eda: Mi\u00e9rcoles 11:30 &#8211; 12:30 h<\/p>\n<p><img loading=\"lazy\" decoding=\"async\" data-attachment-id=\"2940\" data-permalink=\"http:\/\/escuelademusicaydanza.laorotava.es\/blog\/profesores\/noe-tinguaro-fierro-diaz\/dscf0667y\/\" data-orig-file=\"http:\/\/escuelademusicaydanza.laorotava.es\/blog\/wp-content\/uploads\/2021\/11\/dscf0667y-scaled.jpg\" data-orig-size=\"2560,1707\" data-comments-opened=\"1\" data-image-meta=\"{&quot;aperture&quot;:&quot;2&quot;,&quot;credit&quot;:&quot;&quot;,&quot;camera&quot;:&quot;X-T4&quot;,&quot;caption&quot;:&quot;&quot;,&quot;created_timestamp&quot;:&quot;1634725237&quot;,&quot;copyright&quot;:&quot;&quot;,&quot;focal_length&quot;:&quot;23&quot;,&quot;iso&quot;:&quot;2000&quot;,&quot;shutter_speed&quot;:&quot;0.01&quot;,&quot;title&quot;:&quot;&quot;,&quot;orientation&quot;:&quot;1&quot;}\" data-image-title=\"DSCF0667y\" data-image-description=\"\" data-image-caption=\"\" data-medium-file=\"http:\/\/escuelademusicaydanza.laorotava.es\/blog\/wp-content\/uploads\/2021\/11\/dscf0667y-300x200.jpg\" data-large-file=\"http:\/\/escuelademusicaydanza.laorotava.es\/blog\/wp-content\/uploads\/2021\/11\/dscf0667y-1024x683.jpg\" class=\"size-medium wp-image-2940 aligncenter\" src=\"https:\/\/escuelademusicaydanza.laorotava.es\/blog\/wp-content\/uploads\/2021\/11\/dscf0667y-300x200.jpg\" alt=\"\" width=\"300\" height=\"200\" srcset=\"http:\/\/escuelademusicaydanza.laorotava.es\/blog\/wp-content\/uploads\/2021\/11\/dscf0667y-300x200.jpg 300w, http:\/\/escuelademusicaydanza.laorotava.es\/blog\/wp-content\/uploads\/2021\/11\/dscf0667y-1024x683.jpg 1024w, http:\/\/escuelademusicaydanza.laorotava.es\/blog\/wp-content\/uploads\/2021\/11\/dscf0667y-768x512.jpg 768w, http:\/\/escuelademusicaydanza.laorotava.es\/blog\/wp-content\/uploads\/2021\/11\/dscf0667y-1536x1024.jpg 1536w, http:\/\/escuelademusicaydanza.laorotava.es\/blog\/wp-content\/uploads\/2021\/11\/dscf0667y-2048x1365.jpg 2048w, http:\/\/escuelademusicaydanza.laorotava.es\/blog\/wp-content\/uploads\/2021\/11\/dscf0667y-772x515.jpg 772w, http:\/\/escuelademusicaydanza.laorotava.es\/blog\/wp-content\/uploads\/2021\/11\/dscf0667y-624x416.jpg 624w\" sizes=\"auto, (max-width: 300px) 100vw, 300px\" \/><\/p>\n\n\n<p>Tras concluir los estudios de Grado Medio en el Conservatorio Superior de Tenerife, con la obtenci\u00f3n del Premio de Fin de Grado, cursa los estudios superiores en el Real Conservatorio de Madrid bajo la tutela de la profesora Elena Orobio, finaliz\u00e1ndolos en el a\u00f1o 2005. Despu\u00e9s de trabajar como profesor de piano en la Escuela municipal de Tres Cantos, en el a\u00f1o 2006 empieza su labor docente en la EMMDVO, donde contin\u00faa ejerciendo en la actualidad.<\/p>\n","protected":false},"excerpt":{"rendered":"<p>Profesor de Piano Tutor\u00eda: Mi\u00e9rcoles 11:30 &#8211; 12:30 h Tras concluir los estudios de Grado Medio en el Conservatorio Superior de Tenerife, con la obtenci\u00f3n del Premio de Fin de Grado, cursa los estudios superiores en el Real Conservatorio de Madrid bajo la tutela de la profesora Elena Orobio, finaliz\u00e1ndolos en el a\u00f1o 2005. Despu\u00e9s &hellip; <a href=\"http:\/\/escuelademusicaydanza.laorotava.es\/blog\/profesores\/noe-tinguaro-fierro-diaz\/\" class=\"more-link\">Sigue leyendo <span class=\"screen-reader-text\">No\u00e9 Tinguaro Fierro D\u00edaz<\/span><\/a><\/p>\n","protected":false},"author":1,"featured_media":421,"parent":371,"menu_order":0,"comment_status":"closed","ping_status":"closed","template":"","meta":{"jetpack_post_was_ever_published":false,"footnotes":""},"class_list":["post-409","page","type-page","status-publish","has-post-thumbnail","hentry"],"jetpack_sharing_enabled":true,"jetpack_likes_enabled":true,"jetpack-related-posts":[],"_links":{"self":[{"href":"http:\/\/escuelademusicaydanza.laorotava.es\/blog\/wp-json\/wp\/v2\/pages\/409","targetHints":{"allow":["GET"]}}],"collection":[{"href":"http:\/\/escuelademusicaydanza.laorotava.es\/blog\/wp-json\/wp\/v2\/pages"}],"about":[{"href":"http:\/\/escuelademusicaydanza.laorotava.es\/blog\/wp-json\/wp\/v2\/types\/page"}],"author":[{"embeddable":true,"href":"http:\/\/escuelademusicaydanza.laorotava.es\/blog\/wp-json\/wp\/v2\/users\/1"}],"replies":[{"embeddable":true,"href":"http:\/\/escuelademusicaydanza.laorotava.es\/blog\/wp-json\/wp\/v2\/comments?post=409"}],"version-history":[{"count":6,"href":"http:\/\/escuelademusicaydanza.laorotava.es\/blog\/wp-json\/wp\/v2\/pages\/409\/revisions"}],"predecessor-version":[{"id":4402,"href":"http:\/\/escuelademusicaydanza.laorotava.es\/blog\/wp-json\/wp\/v2\/pages\/409\/revisions\/4402"}],"up":[{"embeddable":true,"href":"http:\/\/escuelademusicaydanza.laorotava.es\/blog\/wp-json\/wp\/v2\/pages\/371"}],"wp:featuredmedia":[{"embeddable":true,"href":"http:\/\/escuelademusicaydanza.laorotava.es\/blog\/wp-json\/wp\/v2\/media\/421"}],"wp:attachment":[{"href":"http:\/\/escuelademusicaydanza.laorotava.es\/blog\/wp-json\/wp\/v2\/media?parent=409"}],"curies":[{"name":"wp","href":"https:\/\/api.w.org\/{rel}","templated":true}]}}