{"id":407,"date":"2017-10-04T12:50:52","date_gmt":"2017-10-04T11:50:52","guid":{"rendered":"http:\/\/escuelademusicaydanza.laorotava.es\/blog\/?page_id=407"},"modified":"2024-09-09T11:44:40","modified_gmt":"2024-09-09T10:44:40","slug":"natividad-hernandez-hernandez","status":"publish","type":"page","link":"http:\/\/escuelademusicaydanza.laorotava.es\/blog\/profesores\/natividad-hernandez-hernandez\/","title":{"rendered":"Natividad Hern\u00e1ndez Hern\u00e1ndez"},"content":{"rendered":"<p><img loading=\"lazy\" decoding=\"async\" data-attachment-id=\"4055\" data-permalink=\"http:\/\/escuelademusicaydanza.laorotava.es\/blog\/profesores\/natividad-hernandez-hernandez\/nati-blog\/\" data-orig-file=\"http:\/\/escuelademusicaydanza.laorotava.es\/blog\/wp-content\/uploads\/2024\/09\/nati-blog.jpeg\" data-orig-size=\"1536,2048\" data-comments-opened=\"1\" data-image-meta=\"{&quot;aperture&quot;:&quot;0&quot;,&quot;credit&quot;:&quot;&quot;,&quot;camera&quot;:&quot;&quot;,&quot;caption&quot;:&quot;&quot;,&quot;created_timestamp&quot;:&quot;0&quot;,&quot;copyright&quot;:&quot;&quot;,&quot;focal_length&quot;:&quot;0&quot;,&quot;iso&quot;:&quot;0&quot;,&quot;shutter_speed&quot;:&quot;0&quot;,&quot;title&quot;:&quot;&quot;,&quot;orientation&quot;:&quot;0&quot;}\" data-image-title=\"NATI BLOG\" data-image-description=\"\" data-image-caption=\"\" data-medium-file=\"http:\/\/escuelademusicaydanza.laorotava.es\/blog\/wp-content\/uploads\/2024\/09\/nati-blog-225x300.jpeg\" data-large-file=\"http:\/\/escuelademusicaydanza.laorotava.es\/blog\/wp-content\/uploads\/2024\/09\/nati-blog-768x1024.jpeg\" class=\"size-medium wp-image-4055 aligncenter\" src=\"https:\/\/escuelademusicaydanza.laorotava.es\/blog\/wp-content\/uploads\/2024\/09\/nati-blog-225x300.jpeg\" alt=\"\" width=\"225\" height=\"300\" srcset=\"http:\/\/escuelademusicaydanza.laorotava.es\/blog\/wp-content\/uploads\/2024\/09\/nati-blog-225x300.jpeg 225w, http:\/\/escuelademusicaydanza.laorotava.es\/blog\/wp-content\/uploads\/2024\/09\/nati-blog-768x1024.jpeg 768w, http:\/\/escuelademusicaydanza.laorotava.es\/blog\/wp-content\/uploads\/2024\/09\/nati-blog-1152x1536.jpeg 1152w, http:\/\/escuelademusicaydanza.laorotava.es\/blog\/wp-content\/uploads\/2024\/09\/nati-blog-772x1029.jpeg 772w, http:\/\/escuelademusicaydanza.laorotava.es\/blog\/wp-content\/uploads\/2024\/09\/nati-blog-468x624.jpeg 468w, http:\/\/escuelademusicaydanza.laorotava.es\/blog\/wp-content\/uploads\/2024\/09\/nati-blog.jpeg 1536w\" sizes=\"auto, (max-width: 225px) 100vw, 225px\" \/><\/p>\n<p>Profesora de Saxof\u00f3n<\/p>\n<i class=\"fa fa-comment \" ><\/i> Tutor\u00eda: Martes 19:00 &#8211; 20:00 h<\/p>\n<p><span style=\"font-family: Verdana, sans-serif;\">Nace en La Orotava, Tenerife, en 1974. Es Licenciada en Empresariales por la Universidad de La Laguna, aunque a nivel laboral, su mundo ha estado vinculado m\u00e1s con la M\u00fasica, a la que se dedica desde muy peque\u00f1a, que a las actividades empresariales. Comienza su andadura musical con la guitarra, instrumento que estudia por hobby. Posteriormente, se decanta por el saxof\u00f3n, cursando estudios en el Conservatorio Superior de M\u00fasica de Santa Cruz de Tenerife.<\/span><\/p>\n<p><span style=\"font-family: Verdana, sans-serif;\">Forma parte de la Escuela de M\u00fasica y Danza \u00abVilla de La Orotava\u00bb desde el a\u00f1o 1998.<\/span><\/p>\n<p><span style=\"font-family: Verdana, sans-serif;\">Durante todo este tiempo ha realizado m\u00faltiples y variados cursos de formaci\u00f3n.<\/span><\/p>\n<p><span style=\"font-family: Verdana, sans-serif;\">Se suma ahora a esta trayectoria un nuevo reto profesional, con el que pone en pr\u00e1ctica su gusto y afici\u00f3n por la tecnolog\u00eda. M\u00fasica y tecnolog\u00eda unidas para ofrecer al alumnado y al p\u00fablico en general, actividades y recursos novedosos, atractivos y pr\u00e1cticos para seguir reforzando y afianzando los contenidos musicales.<\/span><\/p>\n","protected":false},"excerpt":{"rendered":"<p>Profesora de Saxof\u00f3n Tutor\u00eda: Martes 19:00 &#8211; 20:00 h Nace en La Orotava, Tenerife, en 1974. Es Licenciada en Empresariales por la Universidad de La Laguna, aunque a nivel laboral, su mundo ha estado vinculado m\u00e1s con la M\u00fasica, a la que se dedica desde muy peque\u00f1a, que a las actividades empresariales. Comienza su andadura &hellip; <a href=\"http:\/\/escuelademusicaydanza.laorotava.es\/blog\/profesores\/natividad-hernandez-hernandez\/\" class=\"more-link\">Sigue leyendo <span class=\"screen-reader-text\">Natividad Hern\u00e1ndez Hern\u00e1ndez<\/span><\/a><\/p>\n","protected":false},"author":1,"featured_media":422,"parent":371,"menu_order":0,"comment_status":"closed","ping_status":"closed","template":"","meta":{"jetpack_post_was_ever_published":false,"footnotes":""},"class_list":["post-407","page","type-page","status-publish","has-post-thumbnail","hentry"],"jetpack_sharing_enabled":true,"jetpack_likes_enabled":true,"jetpack-related-posts":[],"_links":{"self":[{"href":"http:\/\/escuelademusicaydanza.laorotava.es\/blog\/wp-json\/wp\/v2\/pages\/407","targetHints":{"allow":["GET"]}}],"collection":[{"href":"http:\/\/escuelademusicaydanza.laorotava.es\/blog\/wp-json\/wp\/v2\/pages"}],"about":[{"href":"http:\/\/escuelademusicaydanza.laorotava.es\/blog\/wp-json\/wp\/v2\/types\/page"}],"author":[{"embeddable":true,"href":"http:\/\/escuelademusicaydanza.laorotava.es\/blog\/wp-json\/wp\/v2\/users\/1"}],"replies":[{"embeddable":true,"href":"http:\/\/escuelademusicaydanza.laorotava.es\/blog\/wp-json\/wp\/v2\/comments?post=407"}],"version-history":[{"count":7,"href":"http:\/\/escuelademusicaydanza.laorotava.es\/blog\/wp-json\/wp\/v2\/pages\/407\/revisions"}],"predecessor-version":[{"id":4056,"href":"http:\/\/escuelademusicaydanza.laorotava.es\/blog\/wp-json\/wp\/v2\/pages\/407\/revisions\/4056"}],"up":[{"embeddable":true,"href":"http:\/\/escuelademusicaydanza.laorotava.es\/blog\/wp-json\/wp\/v2\/pages\/371"}],"wp:featuredmedia":[{"embeddable":true,"href":"http:\/\/escuelademusicaydanza.laorotava.es\/blog\/wp-json\/wp\/v2\/media\/422"}],"wp:attachment":[{"href":"http:\/\/escuelademusicaydanza.laorotava.es\/blog\/wp-json\/wp\/v2\/media?parent=407"}],"curies":[{"name":"wp","href":"https:\/\/api.w.org\/{rel}","templated":true}]}}