{"id":401,"date":"2017-10-04T12:47:02","date_gmt":"2017-10-04T11:47:02","guid":{"rendered":"http:\/\/escuelademusicaydanza.laorotava.es\/blog\/?page_id=401"},"modified":"2025-11-24T13:25:35","modified_gmt":"2025-11-24T13:25:35","slug":"juan-antonio-cantero-mesa","status":"publish","type":"page","link":"http:\/\/escuelademusicaydanza.laorotava.es\/blog\/profesores\/juan-antonio-cantero-mesa\/","title":{"rendered":"Juan Antonio Cantero Mesa"},"content":{"rendered":"<p>Profesor de Armon\u00eda Moderna, Combo, Inform\u00e1tica Musical y Lenguaje Musical<\/p>\n<i class=\"fa fa-comment \" ><\/i> Tutor\u00eda: Viernes 12:00 &#8211; 13:00 h<\/p>\n<p><img loading=\"lazy\" decoding=\"async\" data-attachment-id=\"2722\" data-permalink=\"http:\/\/escuelademusicaydanza.laorotava.es\/blog\/profesores\/juan-antonio-cantero-mesa\/dscf0838\/\" data-orig-file=\"http:\/\/escuelademusicaydanza.laorotava.es\/blog\/wp-content\/uploads\/2021\/11\/dscf0838-scaled.jpg\" data-orig-size=\"2560,1707\" data-comments-opened=\"1\" data-image-meta=\"{&quot;aperture&quot;:&quot;2.2&quot;,&quot;credit&quot;:&quot;&quot;,&quot;camera&quot;:&quot;X-T4&quot;,&quot;caption&quot;:&quot;&quot;,&quot;created_timestamp&quot;:&quot;1634726255&quot;,&quot;copyright&quot;:&quot;&quot;,&quot;focal_length&quot;:&quot;23&quot;,&quot;iso&quot;:&quot;1000&quot;,&quot;shutter_speed&quot;:&quot;0.00625&quot;,&quot;title&quot;:&quot;&quot;,&quot;orientation&quot;:&quot;0&quot;}\" data-image-title=\"JUANI-DSCF0838\" data-image-description=\"\" data-image-caption=\"\" data-medium-file=\"http:\/\/escuelademusicaydanza.laorotava.es\/blog\/wp-content\/uploads\/2021\/11\/dscf0838-300x200.jpg\" data-large-file=\"http:\/\/escuelademusicaydanza.laorotava.es\/blog\/wp-content\/uploads\/2021\/11\/dscf0838-1024x683.jpg\" class=\"alignnone size-medium wp-image-2722 aligncenter\" src=\"https:\/\/escuelademusicaydanza.laorotava.es\/blog\/wp-content\/uploads\/2021\/11\/dscf0838-300x200.jpg\" alt=\"\" width=\"300\" height=\"200\" srcset=\"http:\/\/escuelademusicaydanza.laorotava.es\/blog\/wp-content\/uploads\/2021\/11\/dscf0838-300x200.jpg 300w, http:\/\/escuelademusicaydanza.laorotava.es\/blog\/wp-content\/uploads\/2021\/11\/dscf0838-1024x683.jpg 1024w, http:\/\/escuelademusicaydanza.laorotava.es\/blog\/wp-content\/uploads\/2021\/11\/dscf0838-768x512.jpg 768w, http:\/\/escuelademusicaydanza.laorotava.es\/blog\/wp-content\/uploads\/2021\/11\/dscf0838-1536x1024.jpg 1536w, http:\/\/escuelademusicaydanza.laorotava.es\/blog\/wp-content\/uploads\/2021\/11\/dscf0838-2048x1365.jpg 2048w, http:\/\/escuelademusicaydanza.laorotava.es\/blog\/wp-content\/uploads\/2021\/11\/dscf0838-772x515.jpg 772w, http:\/\/escuelademusicaydanza.laorotava.es\/blog\/wp-content\/uploads\/2021\/11\/dscf0838-624x416.jpg 624w\" sizes=\"auto, (max-width: 300px) 100vw, 300px\" \/><\/p>\n\n\n<h2 class=\"western\" lang=\"es-ES-u-co-trad\">\u00a0<\/h2>\n<p class=\"western\" lang=\"es-ES-u-co-trad\"><span style=\"font-size: small;\"><span lang=\"es-ES-u-co-trad\"><span style=\"font-size: medium;\">Obtuve el t\u00edtulo \u00a0de grado superior en la especialidad de flauta en el curso 1999\/2000. <\/span><\/span><\/span><span style=\"font-size: small;\"><span lang=\"es-ES-u-co-trad\"><span style=\"font-size: medium;\">Realic\u00e9 \u00a0estudios de armon\u00eda y contrapunto en el C.S.M. de S\/C de Tenerife, al igual que, <\/span><\/span><\/span><span style=\"font-size: small;\"><span lang=\"es-ES-u-co-trad\"><span style=\"font-size: medium;\">estudios de armon\u00eda, improvisaci\u00f3n, piano, composici\u00f3n y arreglos en <\/span><\/span><span lang=\"es-ES-u-co-trad\"><span style=\"font-size: medium;\"><i>El Taller d`musics <\/i><\/span><\/span><span lang=\"es-ES-u-co-trad\"><span style=\"font-size: medium;\">en Barcelona durante los cursos 2001\/02 y 2003.<\/span><\/span><\/span><\/p>\n<p class=\"western\" lang=\"es-ES-u-co-trad\"><span lang=\"es-ES-u-co-trad\"><span style=\"font-size: medium;\">He realizado cursos de organista animador tur\u00edstico en <\/span><\/span><span lang=\"es-ES-u-co-trad\" style=\"font-size: small;\"><span style=\"font-size: medium;\"><i>Musicanarias <\/i><\/span><\/span><span lang=\"es-ES-u-co-trad\" style=\"font-size: small;\"><span style=\"font-size: medium;\">a trav\u00e9s del I.N.E.M. en 1989, y<\/span><\/span><span style=\"font-size: small;\"><span lang=\"es-ES-u-co-trad\"><span style=\"font-size: medium;\">\u00a0distintos cursos de armon\u00eda moderna e improvisaci\u00f3n impartidos por profesores de la Bercklee School of Music y en seminarios del festival de Jazz de Canarias<\/span><\/span><\/span><\/p>\n<p class=\"western\" lang=\"es-ES-u-co-trad\"><span style=\"font-size: small;\"><span lang=\"es-ES-u-co-trad\"><span style=\"font-size: medium;\">He trabajado como profesor de flauta en el Conservatorio Elemental de M\u00fasica de Arafo desde el curso 96\/97 hasta el 99\/2000, p<\/span><\/span><\/span><span style=\"font-size: small;\"><span lang=\"es-ES-u-co-trad\"><span style=\"font-size: medium;\">rofesor de flauta en la Escuela Insular de M\u00fasica de La Palma en el curso 2000\/01, p<\/span><\/span><\/span><span style=\"font-size: small;\"><span lang=\"es-ES-u-co-trad\"><span style=\"font-size: medium;\">rofesor de flauta y lenguaje musical en la academia de la Banda de M\u00fasica de El Rosario, p<\/span><\/span><\/span><span style=\"font-size: small;\"><span lang=\"es-ES-u-co-trad\"><span style=\"font-size: medium;\">rofesor de flauta y de c\u00e1mara de la academia de la Banda de M\u00fasica San Miguel de S\/C de La Palma. <\/span><\/span><\/span><\/p>\n<p class=\"western\" lang=\"es-ES-u-co-trad\"><span style=\"font-size: small;\"><span lang=\"es-ES-u-co-trad\"><span style=\"font-size: medium;\">Actualmente soy profesor de Armon\u00eda Moderna, Inform\u00e1tica Musical, Combo y Lenguaje Musical de la Escuela de M\u00fasica y Danza de La Villa De La Orotava desde el curso 2003\/04.<\/span><\/span><\/span><\/p>\n","protected":false},"excerpt":{"rendered":"<p>Profesor de Armon\u00eda Moderna, Combo, Inform\u00e1tica Musical y Lenguaje Musical Tutor\u00eda: Viernes 12:00 &#8211; 13:00 h \u00a0 Obtuve el t\u00edtulo \u00a0de grado superior en la especialidad de flauta en el curso 1999\/2000. Realic\u00e9 \u00a0estudios de armon\u00eda y contrapunto en el C.S.M. de S\/C de Tenerife, al igual que, estudios de armon\u00eda, improvisaci\u00f3n, piano, composici\u00f3n y &hellip; <a href=\"http:\/\/escuelademusicaydanza.laorotava.es\/blog\/profesores\/juan-antonio-cantero-mesa\/\" class=\"more-link\">Sigue leyendo <span class=\"screen-reader-text\">Juan Antonio Cantero Mesa<\/span><\/a><\/p>\n","protected":false},"author":1,"featured_media":421,"parent":371,"menu_order":0,"comment_status":"closed","ping_status":"closed","template":"","meta":{"jetpack_post_was_ever_published":false,"footnotes":""},"class_list":["post-401","page","type-page","status-publish","has-post-thumbnail","hentry"],"jetpack_sharing_enabled":true,"jetpack_likes_enabled":true,"jetpack-related-posts":[],"_links":{"self":[{"href":"http:\/\/escuelademusicaydanza.laorotava.es\/blog\/wp-json\/wp\/v2\/pages\/401","targetHints":{"allow":["GET"]}}],"collection":[{"href":"http:\/\/escuelademusicaydanza.laorotava.es\/blog\/wp-json\/wp\/v2\/pages"}],"about":[{"href":"http:\/\/escuelademusicaydanza.laorotava.es\/blog\/wp-json\/wp\/v2\/types\/page"}],"author":[{"embeddable":true,"href":"http:\/\/escuelademusicaydanza.laorotava.es\/blog\/wp-json\/wp\/v2\/users\/1"}],"replies":[{"embeddable":true,"href":"http:\/\/escuelademusicaydanza.laorotava.es\/blog\/wp-json\/wp\/v2\/comments?post=401"}],"version-history":[{"count":6,"href":"http:\/\/escuelademusicaydanza.laorotava.es\/blog\/wp-json\/wp\/v2\/pages\/401\/revisions"}],"predecessor-version":[{"id":4404,"href":"http:\/\/escuelademusicaydanza.laorotava.es\/blog\/wp-json\/wp\/v2\/pages\/401\/revisions\/4404"}],"up":[{"embeddable":true,"href":"http:\/\/escuelademusicaydanza.laorotava.es\/blog\/wp-json\/wp\/v2\/pages\/371"}],"wp:featuredmedia":[{"embeddable":true,"href":"http:\/\/escuelademusicaydanza.laorotava.es\/blog\/wp-json\/wp\/v2\/media\/421"}],"wp:attachment":[{"href":"http:\/\/escuelademusicaydanza.laorotava.es\/blog\/wp-json\/wp\/v2\/media?parent=401"}],"curies":[{"name":"wp","href":"https:\/\/api.w.org\/{rel}","templated":true}]}}