{"id":399,"date":"2017-10-04T12:46:30","date_gmt":"2017-10-04T11:46:30","guid":{"rendered":"http:\/\/escuelademusicaydanza.laorotava.es\/blog\/?page_id=399"},"modified":"2022-11-14T15:50:48","modified_gmt":"2022-11-14T15:50:48","slug":"javier-diaz-rodriguez","status":"publish","type":"page","link":"http:\/\/escuelademusicaydanza.laorotava.es\/blog\/profesores\/javier-diaz-rodriguez\/","title":{"rendered":"Javier D\u00edaz Rodr\u00edguez"},"content":{"rendered":"<p>Jefe del departamento de Viento y Percusi\u00f3n y Profesor de Trompeta<\/p>\n<i class=\"fa fa-comment \" ><\/i> Tutor\u00eda: Viernes 09:30 &#8211; 10:30 h<\/p>\n<p><img loading=\"lazy\" decoding=\"async\" data-attachment-id=\"2720\" data-permalink=\"http:\/\/escuelademusicaydanza.laorotava.es\/blog\/profesores\/javier-diaz-rodriguez\/dscf0816\/\" data-orig-file=\"http:\/\/escuelademusicaydanza.laorotava.es\/blog\/wp-content\/uploads\/2021\/11\/dscf0816-scaled.jpg\" data-orig-size=\"2560,1707\" data-comments-opened=\"1\" data-image-meta=\"{&quot;aperture&quot;:&quot;2&quot;,&quot;credit&quot;:&quot;&quot;,&quot;camera&quot;:&quot;X-T4&quot;,&quot;caption&quot;:&quot;&quot;,&quot;created_timestamp&quot;:&quot;1634726028&quot;,&quot;copyright&quot;:&quot;&quot;,&quot;focal_length&quot;:&quot;23&quot;,&quot;iso&quot;:&quot;500&quot;,&quot;shutter_speed&quot;:&quot;0.002&quot;,&quot;title&quot;:&quot;&quot;,&quot;orientation&quot;:&quot;1&quot;}\" data-image-title=\"JAVIER-DSCF0816\" data-image-description=\"\" data-image-caption=\"\" data-medium-file=\"http:\/\/escuelademusicaydanza.laorotava.es\/blog\/wp-content\/uploads\/2021\/11\/dscf0816-300x200.jpg\" data-large-file=\"http:\/\/escuelademusicaydanza.laorotava.es\/blog\/wp-content\/uploads\/2021\/11\/dscf0816-1024x683.jpg\" class=\"alignnone size-medium wp-image-2720 aligncenter\" src=\"https:\/\/escuelademusicaydanza.laorotava.es\/blog\/wp-content\/uploads\/2021\/11\/dscf0816-300x200.jpg\" alt=\"\" width=\"300\" height=\"200\" srcset=\"http:\/\/escuelademusicaydanza.laorotava.es\/blog\/wp-content\/uploads\/2021\/11\/dscf0816-300x200.jpg 300w, http:\/\/escuelademusicaydanza.laorotava.es\/blog\/wp-content\/uploads\/2021\/11\/dscf0816-1024x683.jpg 1024w, http:\/\/escuelademusicaydanza.laorotava.es\/blog\/wp-content\/uploads\/2021\/11\/dscf0816-768x512.jpg 768w, http:\/\/escuelademusicaydanza.laorotava.es\/blog\/wp-content\/uploads\/2021\/11\/dscf0816-1536x1024.jpg 1536w, http:\/\/escuelademusicaydanza.laorotava.es\/blog\/wp-content\/uploads\/2021\/11\/dscf0816-2048x1365.jpg 2048w, http:\/\/escuelademusicaydanza.laorotava.es\/blog\/wp-content\/uploads\/2021\/11\/dscf0816-772x515.jpg 772w, http:\/\/escuelademusicaydanza.laorotava.es\/blog\/wp-content\/uploads\/2021\/11\/dscf0816-624x416.jpg 624w\" sizes=\"auto, (max-width: 300px) 100vw, 300px\" \/><\/p>\n<p align=\"left\"><span style=\"font-family: 0, serif;\"><span style=\"font-size: medium;\">Titulado superior en trompeta. Sus estudios musicales los comienza en la banda de m\u00fasica de su pueblo. Recibe clases de distintos trompetistas como Vincent Penzarella e Ismael Betancor.<\/span><\/span><\/p>\n<p align=\"left\"><span style=\"font-family: 0, serif;\"><span style=\"font-size: medium;\">Ha colaborado con diversos grupos musicales, tales como \u201cOrquesta cl\u00e1sica\u00a0<\/span><\/span><span style=\"font-family: 0, serif;\"><span style=\"font-size: medium;\">de La Laguna\u201d, diversas orquestas de c\u00e1mara, Orquesta de Jazz de Canarias y distintas formaciones tanto cl\u00e1sicas como modernas.<\/span><\/span><\/p>\n<p align=\"left\"><span style=\"font-family: 0, serif;\"><span style=\"font-size: medium;\">Actualmente es el coordinador del departamento de viento y percusi\u00f3n<\/span><\/span><\/p>\n\n","protected":false},"excerpt":{"rendered":"<p>Jefe del departamento de Viento y Percusi\u00f3n y Profesor de Trompeta Tutor\u00eda: Viernes 09:30 &#8211; 10:30 h Titulado superior en trompeta. Sus estudios musicales los comienza en la banda de m\u00fasica de su pueblo. Recibe clases de distintos trompetistas como Vincent Penzarella e Ismael Betancor. Ha colaborado con diversos grupos musicales, tales como \u201cOrquesta cl\u00e1sica\u00a0de &hellip; <a href=\"http:\/\/escuelademusicaydanza.laorotava.es\/blog\/profesores\/javier-diaz-rodriguez\/\" class=\"more-link\">Sigue leyendo <span class=\"screen-reader-text\">Javier D\u00edaz Rodr\u00edguez<\/span><\/a><\/p>\n","protected":false},"author":1,"featured_media":421,"parent":371,"menu_order":0,"comment_status":"closed","ping_status":"closed","template":"","meta":{"jetpack_post_was_ever_published":false,"footnotes":""},"class_list":["post-399","page","type-page","status-publish","has-post-thumbnail","hentry"],"jetpack_sharing_enabled":true,"jetpack_likes_enabled":true,"jetpack-related-posts":[],"_links":{"self":[{"href":"http:\/\/escuelademusicaydanza.laorotava.es\/blog\/wp-json\/wp\/v2\/pages\/399","targetHints":{"allow":["GET"]}}],"collection":[{"href":"http:\/\/escuelademusicaydanza.laorotava.es\/blog\/wp-json\/wp\/v2\/pages"}],"about":[{"href":"http:\/\/escuelademusicaydanza.laorotava.es\/blog\/wp-json\/wp\/v2\/types\/page"}],"author":[{"embeddable":true,"href":"http:\/\/escuelademusicaydanza.laorotava.es\/blog\/wp-json\/wp\/v2\/users\/1"}],"replies":[{"embeddable":true,"href":"http:\/\/escuelademusicaydanza.laorotava.es\/blog\/wp-json\/wp\/v2\/comments?post=399"}],"version-history":[{"count":9,"href":"http:\/\/escuelademusicaydanza.laorotava.es\/blog\/wp-json\/wp\/v2\/pages\/399\/revisions"}],"predecessor-version":[{"id":3364,"href":"http:\/\/escuelademusicaydanza.laorotava.es\/blog\/wp-json\/wp\/v2\/pages\/399\/revisions\/3364"}],"up":[{"embeddable":true,"href":"http:\/\/escuelademusicaydanza.laorotava.es\/blog\/wp-json\/wp\/v2\/pages\/371"}],"wp:featuredmedia":[{"embeddable":true,"href":"http:\/\/escuelademusicaydanza.laorotava.es\/blog\/wp-json\/wp\/v2\/media\/421"}],"wp:attachment":[{"href":"http:\/\/escuelademusicaydanza.laorotava.es\/blog\/wp-json\/wp\/v2\/media?parent=399"}],"curies":[{"name":"wp","href":"https:\/\/api.w.org\/{rel}","templated":true}]}}