{"id":397,"date":"2017-10-04T12:45:39","date_gmt":"2017-10-04T11:45:39","guid":{"rendered":"http:\/\/escuelademusicaydanza.laorotava.es\/blog\/?page_id=397"},"modified":"2022-10-03T09:58:09","modified_gmt":"2022-10-03T08:58:09","slug":"maria-goretti-hernandez-ruiz","status":"publish","type":"page","link":"http:\/\/escuelademusicaydanza.laorotava.es\/blog\/profesores\/maria-goretti-hernandez-ruiz\/","title":{"rendered":"Mar\u00eda Goretti Hern\u00e1ndez Ruiz"},"content":{"rendered":"<p>Profesora de Flauta<\/p>\n<i class=\"fa fa-comment \" ><\/i> Tutor\u00eda: Martes 13:30 &#8211; 14:30 h<\/p>\n<p><img loading=\"lazy\" decoding=\"async\" data-attachment-id=\"2706\" data-permalink=\"http:\/\/escuelademusicaydanza.laorotava.es\/blog\/profesores\/maria-goretti-hernandez-ruiz\/dscf070\/\" data-orig-file=\"http:\/\/escuelademusicaydanza.laorotava.es\/blog\/wp-content\/uploads\/2021\/11\/dscf070-scaled.jpg\" data-orig-size=\"2560,1707\" data-comments-opened=\"1\" data-image-meta=\"{&quot;aperture&quot;:&quot;2&quot;,&quot;credit&quot;:&quot;&quot;,&quot;camera&quot;:&quot;X-T4&quot;,&quot;caption&quot;:&quot;&quot;,&quot;created_timestamp&quot;:&quot;1634725871&quot;,&quot;copyright&quot;:&quot;&quot;,&quot;focal_length&quot;:&quot;23&quot;,&quot;iso&quot;:&quot;500&quot;,&quot;shutter_speed&quot;:&quot;0.002&quot;,&quot;title&quot;:&quot;&quot;,&quot;orientation&quot;:&quot;1&quot;}\" data-image-title=\"GORETTI-DSCF070\" data-image-description=\"\" data-image-caption=\"\" data-medium-file=\"http:\/\/escuelademusicaydanza.laorotava.es\/blog\/wp-content\/uploads\/2021\/11\/dscf070-300x200.jpg\" data-large-file=\"http:\/\/escuelademusicaydanza.laorotava.es\/blog\/wp-content\/uploads\/2021\/11\/dscf070-1024x683.jpg\" class=\"alignnone size-medium wp-image-2706 aligncenter\" src=\"https:\/\/escuelademusicaydanza.laorotava.es\/blog\/wp-content\/uploads\/2021\/11\/dscf070-300x200.jpg\" alt=\"\" width=\"300\" height=\"200\" srcset=\"http:\/\/escuelademusicaydanza.laorotava.es\/blog\/wp-content\/uploads\/2021\/11\/dscf070-300x200.jpg 300w, http:\/\/escuelademusicaydanza.laorotava.es\/blog\/wp-content\/uploads\/2021\/11\/dscf070-1024x683.jpg 1024w, http:\/\/escuelademusicaydanza.laorotava.es\/blog\/wp-content\/uploads\/2021\/11\/dscf070-768x512.jpg 768w, http:\/\/escuelademusicaydanza.laorotava.es\/blog\/wp-content\/uploads\/2021\/11\/dscf070-1536x1024.jpg 1536w, http:\/\/escuelademusicaydanza.laorotava.es\/blog\/wp-content\/uploads\/2021\/11\/dscf070-2048x1365.jpg 2048w, http:\/\/escuelademusicaydanza.laorotava.es\/blog\/wp-content\/uploads\/2021\/11\/dscf070-772x515.jpg 772w, http:\/\/escuelademusicaydanza.laorotava.es\/blog\/wp-content\/uploads\/2021\/11\/dscf070-624x416.jpg 624w\" sizes=\"auto, (max-width: 300px) 100vw, 300px\" \/><\/p>\n<p><span style=\"color: #222222;\"><span style=\"font-family: Verdana, sans-serif;\"><span style=\"font-size: medium;\"><span lang=\"es-ES\">I<\/span><\/span><\/span><\/span><span style=\"color: #222222;\"><span style=\"font-family: Verdana, sans-serif;\"><span style=\"font-size: medium;\"><span lang=\"es-ES\">nicia su andadura en la m\u00fasica con el <\/span><\/span><\/span><\/span><span style=\"color: #222222;\"><span style=\"font-family: Verdana, sans-serif;\"><span style=\"font-size: medium;\"><span lang=\"es-ES\"><i>flaut\u00edn <\/i><\/span><\/span><\/span><\/span><span style=\"color: #222222;\"><span style=\"font-family: Verdana, sans-serif;\"><span style=\"font-size: medium;\"><span lang=\"es-ES\">a los cinco a\u00f1os de edad. Act\u00faa por primera vez a los ocho a\u00f1os con la Orquesta Infantil de C\u00e1mara del Conservatorio Superior de M\u00fasica de Santa Cruz de Tenerife. Finaliza sus estudios musicales con la <\/span><\/span><\/span><\/span><span style=\"color: #222222;\"><span style=\"font-family: Verdana, sans-serif;\"><span style=\"font-size: medium;\"><span lang=\"es-ES\"><i>flauta <\/i><\/span><\/span><\/span><\/span><span style=\"color: #222222;\"><span style=\"font-family: Verdana, sans-serif;\"><span style=\"font-size: medium;\"><span lang=\"es-ES\">en el Conservatorio Superior de M\u00fasica de Santa Cruz de Tenerife. <\/span><\/span><\/span><\/span><\/p>\n<p><span style=\"color: #222222;\"><span style=\"font-family: Verdana, sans-serif;\"><span style=\"font-size: medium;\">Ha participado en numerosos cursos impartidos por reconocidos flautistas internacionales, ha sido miembro de la Academia de Estudios Orquestales de la Orquesta Sinf\u00f3nica de Tenerife (O.S.T.), y ha participado en producciones discogr\u00e1ficas de compositores varios.<\/span><\/span><\/span><\/p>\n<p><span style=\"color: #222222;\"><span style=\"font-family: Verdana, sans-serif;\"><span style=\"font-size: medium;\">Desde la formaci\u00f3n y creaci\u00f3n de la <i>Escuela Municipal de M\u00fasica y Danza \u00abVilla de la Orotava\u00bb<\/i>, en el a\u00f1o 1997, desempe\u00f1a su labor como profesora de Flauta del Centro, al tiempo que realiza conciertos como int\u00e9rprete solista y como miembro de diferentes grupos de c\u00e1mara.<\/span><\/span><\/span><\/p>\n","protected":false},"excerpt":{"rendered":"<p>Profesora de Flauta Tutor\u00eda: Martes 13:30 &#8211; 14:30 h Inicia su andadura en la m\u00fasica con el flaut\u00edn a los cinco a\u00f1os de edad. Act\u00faa por primera vez a los ocho a\u00f1os con la Orquesta Infantil de C\u00e1mara del Conservatorio Superior de M\u00fasica de Santa Cruz de Tenerife. Finaliza sus estudios musicales con la flauta &hellip; <a href=\"http:\/\/escuelademusicaydanza.laorotava.es\/blog\/profesores\/maria-goretti-hernandez-ruiz\/\" class=\"more-link\">Sigue leyendo <span class=\"screen-reader-text\">Mar\u00eda Goretti Hern\u00e1ndez Ruiz<\/span><\/a><\/p>\n","protected":false},"author":1,"featured_media":422,"parent":371,"menu_order":0,"comment_status":"closed","ping_status":"closed","template":"","meta":{"jetpack_post_was_ever_published":false,"footnotes":""},"class_list":["post-397","page","type-page","status-publish","has-post-thumbnail","hentry"],"jetpack_sharing_enabled":true,"jetpack_likes_enabled":true,"jetpack-related-posts":[],"_links":{"self":[{"href":"http:\/\/escuelademusicaydanza.laorotava.es\/blog\/wp-json\/wp\/v2\/pages\/397","targetHints":{"allow":["GET"]}}],"collection":[{"href":"http:\/\/escuelademusicaydanza.laorotava.es\/blog\/wp-json\/wp\/v2\/pages"}],"about":[{"href":"http:\/\/escuelademusicaydanza.laorotava.es\/blog\/wp-json\/wp\/v2\/types\/page"}],"author":[{"embeddable":true,"href":"http:\/\/escuelademusicaydanza.laorotava.es\/blog\/wp-json\/wp\/v2\/users\/1"}],"replies":[{"embeddable":true,"href":"http:\/\/escuelademusicaydanza.laorotava.es\/blog\/wp-json\/wp\/v2\/comments?post=397"}],"version-history":[{"count":7,"href":"http:\/\/escuelademusicaydanza.laorotava.es\/blog\/wp-json\/wp\/v2\/pages\/397\/revisions"}],"predecessor-version":[{"id":3229,"href":"http:\/\/escuelademusicaydanza.laorotava.es\/blog\/wp-json\/wp\/v2\/pages\/397\/revisions\/3229"}],"up":[{"embeddable":true,"href":"http:\/\/escuelademusicaydanza.laorotava.es\/blog\/wp-json\/wp\/v2\/pages\/371"}],"wp:featuredmedia":[{"embeddable":true,"href":"http:\/\/escuelademusicaydanza.laorotava.es\/blog\/wp-json\/wp\/v2\/media\/422"}],"wp:attachment":[{"href":"http:\/\/escuelademusicaydanza.laorotava.es\/blog\/wp-json\/wp\/v2\/media?parent=397"}],"curies":[{"name":"wp","href":"https:\/\/api.w.org\/{rel}","templated":true}]}}