{"id":387,"date":"2017-10-04T12:42:49","date_gmt":"2017-10-04T11:42:49","guid":{"rendered":"http:\/\/escuelademusicaydanza.laorotava.es\/blog\/?page_id=387"},"modified":"2022-10-03T09:52:18","modified_gmt":"2022-10-03T08:52:18","slug":"fermin-delgado-garcia","status":"publish","type":"page","link":"http:\/\/escuelademusicaydanza.laorotava.es\/blog\/profesores\/fermin-delgado-garcia\/","title":{"rendered":"Domingo Ferm\u00edn Delgado Garc\u00eda"},"content":{"rendered":"<p>Coordinador y profesor de M\u00fasica y Movimiento<\/p>\n<i class=\"fa fa-comment \" ><\/i> Tutor\u00eda: Mi\u00e9rcoles 9:00 &#8211; 10:00 h<\/p>\n<p><img loading=\"lazy\" decoding=\"async\" data-attachment-id=\"2737\" data-permalink=\"http:\/\/escuelademusicaydanza.laorotava.es\/blog\/profesores\/fermin-delgado-garcia\/dscf1154\/\" data-orig-file=\"http:\/\/escuelademusicaydanza.laorotava.es\/blog\/wp-content\/uploads\/2021\/11\/dscf1154-scaled.jpg\" data-orig-size=\"2560,1707\" data-comments-opened=\"1\" data-image-meta=\"{&quot;aperture&quot;:&quot;2.5&quot;,&quot;credit&quot;:&quot;&quot;,&quot;camera&quot;:&quot;X-T4&quot;,&quot;caption&quot;:&quot;&quot;,&quot;created_timestamp&quot;:&quot;1634728775&quot;,&quot;copyright&quot;:&quot;&quot;,&quot;focal_length&quot;:&quot;23&quot;,&quot;iso&quot;:&quot;640&quot;,&quot;shutter_speed&quot;:&quot;0.008&quot;,&quot;title&quot;:&quot;&quot;,&quot;orientation&quot;:&quot;0&quot;}\" data-image-title=\"FERM\u00cdN-DSCF1154\" data-image-description=\"\" data-image-caption=\"\" data-medium-file=\"http:\/\/escuelademusicaydanza.laorotava.es\/blog\/wp-content\/uploads\/2021\/11\/dscf1154-300x200.jpg\" data-large-file=\"http:\/\/escuelademusicaydanza.laorotava.es\/blog\/wp-content\/uploads\/2021\/11\/dscf1154-1024x683.jpg\" class=\"alignnone size-medium wp-image-2737 aligncenter\" src=\"https:\/\/escuelademusicaydanza.laorotava.es\/blog\/wp-content\/uploads\/2021\/11\/dscf1154-300x200.jpg\" alt=\"\" width=\"300\" height=\"200\" srcset=\"http:\/\/escuelademusicaydanza.laorotava.es\/blog\/wp-content\/uploads\/2021\/11\/dscf1154-300x200.jpg 300w, http:\/\/escuelademusicaydanza.laorotava.es\/blog\/wp-content\/uploads\/2021\/11\/dscf1154-1024x683.jpg 1024w, http:\/\/escuelademusicaydanza.laorotava.es\/blog\/wp-content\/uploads\/2021\/11\/dscf1154-768x512.jpg 768w, http:\/\/escuelademusicaydanza.laorotava.es\/blog\/wp-content\/uploads\/2021\/11\/dscf1154-1536x1024.jpg 1536w, http:\/\/escuelademusicaydanza.laorotava.es\/blog\/wp-content\/uploads\/2021\/11\/dscf1154-2048x1365.jpg 2048w, http:\/\/escuelademusicaydanza.laorotava.es\/blog\/wp-content\/uploads\/2021\/11\/dscf1154-772x515.jpg 772w, http:\/\/escuelademusicaydanza.laorotava.es\/blog\/wp-content\/uploads\/2021\/11\/dscf1154-624x416.jpg 624w\" sizes=\"auto, (max-width: 300px) 100vw, 300px\" \/><\/p>\n<p><span style=\"font-family: Verdana, sans-serif;\">Natural de la Villa Arriba, Villa de La Orotava, realiza sus estudios en la Universidad de La Laguna, Maestro de Educaci\u00f3n Musical y Primaria y Licenciado en Pedagog\u00eda (Educaci\u00f3n Especial). <\/span><\/p>\n<p><span style=\"font-family: Verdana, sans-serif;\">Se incorpora a la Escuela de M\u00fasica y Danza \u201cVilla de la Orotava\u201d en 1998, de manera oficial como profesor de M\u00fasica y Movimiento. Previamente hab\u00eda trabajado en el mismo edificio impartiendo clases de m\u00fasica y movimiento a ni\u00f1os\/as entre 4 y 7 a\u00f1os.<\/span><\/p>\n<p><span style=\"font-family: Verdana, sans-serif;\">Ha realizado numerosos cursos de formaci\u00f3n de pedagog\u00eda y pedagog\u00eda musical en la pen\u00ednsula (universidades, fundaciones, organizaciones privadas, etc.) y en las islas, presenciales y telem\u00e1ticos. Y continua en su af\u00e1n de aprender d\u00eda a d\u00eda form\u00e1ndose y aprendiendo del alumnado que tenemos en el centro.<\/span><\/p>\n","protected":false},"excerpt":{"rendered":"<p>Coordinador y profesor de M\u00fasica y Movimiento Tutor\u00eda: Mi\u00e9rcoles 9:00 &#8211; 10:00 h Natural de la Villa Arriba, Villa de La Orotava, realiza sus estudios en la Universidad de La Laguna, Maestro de Educaci\u00f3n Musical y Primaria y Licenciado en Pedagog\u00eda (Educaci\u00f3n Especial). Se incorpora a la Escuela de M\u00fasica y Danza \u201cVilla de la &hellip; <a href=\"http:\/\/escuelademusicaydanza.laorotava.es\/blog\/profesores\/fermin-delgado-garcia\/\" class=\"more-link\">Sigue leyendo <span class=\"screen-reader-text\">Domingo Ferm\u00edn Delgado Garc\u00eda<\/span><\/a><\/p>\n","protected":false},"author":1,"featured_media":421,"parent":371,"menu_order":0,"comment_status":"closed","ping_status":"closed","template":"","meta":{"jetpack_post_was_ever_published":false,"footnotes":""},"class_list":["post-387","page","type-page","status-publish","has-post-thumbnail","hentry"],"jetpack_sharing_enabled":true,"jetpack_likes_enabled":true,"jetpack-related-posts":[],"_links":{"self":[{"href":"http:\/\/escuelademusicaydanza.laorotava.es\/blog\/wp-json\/wp\/v2\/pages\/387","targetHints":{"allow":["GET"]}}],"collection":[{"href":"http:\/\/escuelademusicaydanza.laorotava.es\/blog\/wp-json\/wp\/v2\/pages"}],"about":[{"href":"http:\/\/escuelademusicaydanza.laorotava.es\/blog\/wp-json\/wp\/v2\/types\/page"}],"author":[{"embeddable":true,"href":"http:\/\/escuelademusicaydanza.laorotava.es\/blog\/wp-json\/wp\/v2\/users\/1"}],"replies":[{"embeddable":true,"href":"http:\/\/escuelademusicaydanza.laorotava.es\/blog\/wp-json\/wp\/v2\/comments?post=387"}],"version-history":[{"count":8,"href":"http:\/\/escuelademusicaydanza.laorotava.es\/blog\/wp-json\/wp\/v2\/pages\/387\/revisions"}],"predecessor-version":[{"id":3227,"href":"http:\/\/escuelademusicaydanza.laorotava.es\/blog\/wp-json\/wp\/v2\/pages\/387\/revisions\/3227"}],"up":[{"embeddable":true,"href":"http:\/\/escuelademusicaydanza.laorotava.es\/blog\/wp-json\/wp\/v2\/pages\/371"}],"wp:featuredmedia":[{"embeddable":true,"href":"http:\/\/escuelademusicaydanza.laorotava.es\/blog\/wp-json\/wp\/v2\/media\/421"}],"wp:attachment":[{"href":"http:\/\/escuelademusicaydanza.laorotava.es\/blog\/wp-json\/wp\/v2\/media?parent=387"}],"curies":[{"name":"wp","href":"https:\/\/api.w.org\/{rel}","templated":true}]}}