{"id":385,"date":"2017-10-04T12:42:21","date_gmt":"2017-10-04T11:42:21","guid":{"rendered":"http:\/\/escuelademusicaydanza.laorotava.es\/blog\/?page_id=385"},"modified":"2025-04-26T14:28:31","modified_gmt":"2025-04-26T13:28:31","slug":"candelaria-maria-rodriguez-leon","status":"publish","type":"page","link":"http:\/\/escuelademusicaydanza.laorotava.es\/blog\/profesores\/candelaria-maria-rodriguez-leon\/","title":{"rendered":"Candelaria Mar\u00eda Rodr\u00edguez Le\u00f3n"},"content":{"rendered":"<p>Directora en funciones, Jefa y profesora del Departamento de Formaci\u00f3n Musical Complementaria y Profesora de Oboe<\/p>\n<i class=\"fa fa-comment \" ><\/i> Tutor\u00eda: Mi\u00e9rcoles 10:30 &#8211; 11:30 h<\/p>\n<p><img loading=\"lazy\" decoding=\"async\" data-attachment-id=\"2723\" data-permalink=\"http:\/\/escuelademusicaydanza.laorotava.es\/blog\/profesores\/candelaria-maria-rodriguez-leon\/dscf0869\/\" data-orig-file=\"http:\/\/escuelademusicaydanza.laorotava.es\/blog\/wp-content\/uploads\/2021\/11\/dscf0869-scaled.jpg\" data-orig-size=\"2560,1707\" data-comments-opened=\"1\" data-image-meta=\"{&quot;aperture&quot;:&quot;2&quot;,&quot;credit&quot;:&quot;&quot;,&quot;camera&quot;:&quot;X-T4&quot;,&quot;caption&quot;:&quot;&quot;,&quot;created_timestamp&quot;:&quot;1634726452&quot;,&quot;copyright&quot;:&quot;&quot;,&quot;focal_length&quot;:&quot;23&quot;,&quot;iso&quot;:&quot;1000&quot;,&quot;shutter_speed&quot;:&quot;0.005&quot;,&quot;title&quot;:&quot;&quot;,&quot;orientation&quot;:&quot;0&quot;}\" data-image-title=\"LALI-DSCF0869\" data-image-description=\"\" data-image-caption=\"\" data-medium-file=\"http:\/\/escuelademusicaydanza.laorotava.es\/blog\/wp-content\/uploads\/2021\/11\/dscf0869-300x200.jpg\" data-large-file=\"http:\/\/escuelademusicaydanza.laorotava.es\/blog\/wp-content\/uploads\/2021\/11\/dscf0869-1024x683.jpg\" class=\"size-medium wp-image-2723 alignright\" src=\"https:\/\/escuelademusicaydanza.laorotava.es\/blog\/wp-content\/uploads\/2021\/11\/dscf0869-300x200.jpg\" alt=\"\" width=\"300\" height=\"200\" srcset=\"http:\/\/escuelademusicaydanza.laorotava.es\/blog\/wp-content\/uploads\/2021\/11\/dscf0869-300x200.jpg 300w, http:\/\/escuelademusicaydanza.laorotava.es\/blog\/wp-content\/uploads\/2021\/11\/dscf0869-1024x683.jpg 1024w, http:\/\/escuelademusicaydanza.laorotava.es\/blog\/wp-content\/uploads\/2021\/11\/dscf0869-768x512.jpg 768w, http:\/\/escuelademusicaydanza.laorotava.es\/blog\/wp-content\/uploads\/2021\/11\/dscf0869-1536x1024.jpg 1536w, http:\/\/escuelademusicaydanza.laorotava.es\/blog\/wp-content\/uploads\/2021\/11\/dscf0869-2048x1365.jpg 2048w, http:\/\/escuelademusicaydanza.laorotava.es\/blog\/wp-content\/uploads\/2021\/11\/dscf0869-772x515.jpg 772w, http:\/\/escuelademusicaydanza.laorotava.es\/blog\/wp-content\/uploads\/2021\/11\/dscf0869-624x416.jpg 624w\" sizes=\"auto, (max-width: 300px) 100vw, 300px\" \/><img loading=\"lazy\" decoding=\"async\" data-attachment-id=\"2716\" data-permalink=\"http:\/\/escuelademusicaydanza.laorotava.es\/blog\/profesores\/candelaria-maria-rodriguez-leon\/dscf0747\/\" data-orig-file=\"http:\/\/escuelademusicaydanza.laorotava.es\/blog\/wp-content\/uploads\/2021\/11\/dscf0747-scaled.jpg\" data-orig-size=\"2560,1707\" data-comments-opened=\"1\" data-image-meta=\"{&quot;aperture&quot;:&quot;2&quot;,&quot;credit&quot;:&quot;&quot;,&quot;camera&quot;:&quot;X-T4&quot;,&quot;caption&quot;:&quot;&quot;,&quot;created_timestamp&quot;:&quot;1634725774&quot;,&quot;copyright&quot;:&quot;&quot;,&quot;focal_length&quot;:&quot;23&quot;,&quot;iso&quot;:&quot;500&quot;,&quot;shutter_speed&quot;:&quot;0.002&quot;,&quot;title&quot;:&quot;&quot;,&quot;orientation&quot;:&quot;1&quot;}\" data-image-title=\"LALI-DSCF0747\" data-image-description=\"\" data-image-caption=\"\" data-medium-file=\"http:\/\/escuelademusicaydanza.laorotava.es\/blog\/wp-content\/uploads\/2021\/11\/dscf0747-300x200.jpg\" data-large-file=\"http:\/\/escuelademusicaydanza.laorotava.es\/blog\/wp-content\/uploads\/2021\/11\/dscf0747-1024x683.jpg\" class=\"size-medium wp-image-2716 alignleft\" src=\"https:\/\/escuelademusicaydanza.laorotava.es\/blog\/wp-content\/uploads\/2021\/11\/dscf0747-300x200.jpg\" alt=\"\" width=\"300\" height=\"200\" srcset=\"http:\/\/escuelademusicaydanza.laorotava.es\/blog\/wp-content\/uploads\/2021\/11\/dscf0747-300x200.jpg 300w, http:\/\/escuelademusicaydanza.laorotava.es\/blog\/wp-content\/uploads\/2021\/11\/dscf0747-1024x683.jpg 1024w, http:\/\/escuelademusicaydanza.laorotava.es\/blog\/wp-content\/uploads\/2021\/11\/dscf0747-768x512.jpg 768w, http:\/\/escuelademusicaydanza.laorotava.es\/blog\/wp-content\/uploads\/2021\/11\/dscf0747-1536x1024.jpg 1536w, http:\/\/escuelademusicaydanza.laorotava.es\/blog\/wp-content\/uploads\/2021\/11\/dscf0747-2048x1365.jpg 2048w, http:\/\/escuelademusicaydanza.laorotava.es\/blog\/wp-content\/uploads\/2021\/11\/dscf0747-772x515.jpg 772w, http:\/\/escuelademusicaydanza.laorotava.es\/blog\/wp-content\/uploads\/2021\/11\/dscf0747-624x416.jpg 624w\" sizes=\"auto, (max-width: 300px) 100vw, 300px\" \/><\/p>\n\n\n<p>\u00a0<\/p>\n<p>\u00a0<\/p>\n<p class=\"western\" lang=\"es-ES-u-co-trad\" align=\"justify\"><span style=\"font-family: Verdana, sans-serif;\"><span style=\"font-size: medium;\">\u00a0 \u00a0 \u00a0<\/span><\/span><\/p>\n<p lang=\"es-ES-u-co-trad\" align=\"justify\">\u00a0<\/p>\n<p class=\"western\" lang=\"es-ES-u-co-trad\" align=\"justify\"><span style=\"font-family: Verdana, sans-serif;\"><span style=\"font-size: medium;\">Inicia sus estudios musicales en la Filial del Conservatorio Superior de M\u00fasica en Garachico en la especialidad de piano. Poco tiempo despu\u00e9s, comienza sus estudios de oboe en la sede del Conservatorio en Santa Cruz de Tenerife en donde obtiene el grado superior en esta especialidad y en Pedagog\u00eda del Lenguaje Musical. Simultanea sus estudios musicales con los universitarios en la Universidad de la Laguna, donde obtiene las licenciaturas de Pedagog\u00eda y Psicopedagog\u00eda. Adem\u00e1s, ha realizado tres m\u00e1ster de formaci\u00f3n en educaci\u00f3n y discapacidad, atenci\u00f3n temprana e investigaci\u00f3n musical. <\/span><\/span><\/p>\n<p align=\"justify\"><span style=\"color: #000000;\"><span style=\"font-family: Verdana, sans-serif;\"><span style=\"font-size: medium;\"><span lang=\"es-ES-u-co-trad\">\u00a0 \u00a0 \u00a0 Entr\u00f3 a formar parte de la Escuela de M\u00fasica y Danza \u201cVilla de la Orotava\u201d en septiembre de 1998 como profesora de oboe y lenguaje musical, especialidades que sigue impartiendo en la actualidad, adem\u00e1s, de ser la coordinadora del Departamento de Formaci\u00f3<\/span><span lang=\"it-IT\">n Musical <\/span><span lang=\"es-ES\">Complementaria.<\/span> <span lang=\"es-ES-u-co-trad\">Tambi\u00e9n ha sido profesora de m\u00fasica y movimiento y coro.<\/span><\/span><\/span><\/span><\/p>\n<p lang=\"es-ES-u-co-trad\" align=\"justify\"><span style=\"color: #000000;\"><span style=\"font-family: Verdana, sans-serif;\"><span style=\"font-size: medium;\">En la actualidad dirige el coro de c\u00e1mara de Garachico. <\/span><\/span><\/span><\/p>\n","protected":false},"excerpt":{"rendered":"<p>Directora en funciones, Jefa y profesora del Departamento de Formaci\u00f3n Musical Complementaria y Profesora de Oboe Tutor\u00eda: Mi\u00e9rcoles 10:30 &#8211; 11:30 h \u00a0 \u00a0 \u00a0 \u00a0 \u00a0 \u00a0 Inicia sus estudios musicales en la Filial del Conservatorio Superior de M\u00fasica en Garachico en la especialidad de piano. Poco tiempo despu\u00e9s, comienza sus estudios de oboe &hellip; <a href=\"http:\/\/escuelademusicaydanza.laorotava.es\/blog\/profesores\/candelaria-maria-rodriguez-leon\/\" class=\"more-link\">Sigue leyendo <span class=\"screen-reader-text\">Candelaria Mar\u00eda Rodr\u00edguez Le\u00f3n<\/span><\/a><\/p>\n","protected":false},"author":1,"featured_media":422,"parent":371,"menu_order":0,"comment_status":"closed","ping_status":"closed","template":"","meta":{"jetpack_post_was_ever_published":false,"footnotes":""},"class_list":["post-385","page","type-page","status-publish","has-post-thumbnail","hentry"],"jetpack_sharing_enabled":true,"jetpack_likes_enabled":true,"jetpack-related-posts":[],"_links":{"self":[{"href":"http:\/\/escuelademusicaydanza.laorotava.es\/blog\/wp-json\/wp\/v2\/pages\/385","targetHints":{"allow":["GET"]}}],"collection":[{"href":"http:\/\/escuelademusicaydanza.laorotava.es\/blog\/wp-json\/wp\/v2\/pages"}],"about":[{"href":"http:\/\/escuelademusicaydanza.laorotava.es\/blog\/wp-json\/wp\/v2\/types\/page"}],"author":[{"embeddable":true,"href":"http:\/\/escuelademusicaydanza.laorotava.es\/blog\/wp-json\/wp\/v2\/users\/1"}],"replies":[{"embeddable":true,"href":"http:\/\/escuelademusicaydanza.laorotava.es\/blog\/wp-json\/wp\/v2\/comments?post=385"}],"version-history":[{"count":11,"href":"http:\/\/escuelademusicaydanza.laorotava.es\/blog\/wp-json\/wp\/v2\/pages\/385\/revisions"}],"predecessor-version":[{"id":4198,"href":"http:\/\/escuelademusicaydanza.laorotava.es\/blog\/wp-json\/wp\/v2\/pages\/385\/revisions\/4198"}],"up":[{"embeddable":true,"href":"http:\/\/escuelademusicaydanza.laorotava.es\/blog\/wp-json\/wp\/v2\/pages\/371"}],"wp:featuredmedia":[{"embeddable":true,"href":"http:\/\/escuelademusicaydanza.laorotava.es\/blog\/wp-json\/wp\/v2\/media\/422"}],"wp:attachment":[{"href":"http:\/\/escuelademusicaydanza.laorotava.es\/blog\/wp-json\/wp\/v2\/media?parent=385"}],"curies":[{"name":"wp","href":"https:\/\/api.w.org\/{rel}","templated":true}]}}