{"id":379,"date":"2017-10-04T12:39:57","date_gmt":"2017-10-04T11:39:57","guid":{"rendered":"http:\/\/escuelademusicaydanza.laorotava.es\/blog\/?page_id=379"},"modified":"2025-11-24T13:27:08","modified_gmt":"2025-11-24T13:27:08","slug":"desire-jorge-cejas","status":"publish","type":"page","link":"http:\/\/escuelademusicaydanza.laorotava.es\/blog\/profesores\/desire-jorge-cejas\/","title":{"rendered":"D\u00e9sir\u00e9e Jorge Cejas"},"content":{"rendered":"<p>Profesora de Lenguaje Musical y Armon\u00eda<\/p>\n<i class=\"fa fa-comment \" ><\/i> Tutor\u00eda: Mi\u00e9rcoles 09:00 &#8211; 10:00 h<\/p>\n<p><img loading=\"lazy\" decoding=\"async\" data-attachment-id=\"2318\" data-permalink=\"http:\/\/escuelademusicaydanza.laorotava.es\/blog\/profesores\/desire-jorge-cejas\/desiree\/\" data-orig-file=\"http:\/\/escuelademusicaydanza.laorotava.es\/blog\/wp-content\/uploads\/2021\/01\/desiree.png\" data-orig-size=\"530,682\" data-comments-opened=\"1\" data-image-meta=\"{&quot;aperture&quot;:&quot;0&quot;,&quot;credit&quot;:&quot;&quot;,&quot;camera&quot;:&quot;&quot;,&quot;caption&quot;:&quot;&quot;,&quot;created_timestamp&quot;:&quot;0&quot;,&quot;copyright&quot;:&quot;&quot;,&quot;focal_length&quot;:&quot;0&quot;,&quot;iso&quot;:&quot;0&quot;,&quot;shutter_speed&quot;:&quot;0&quot;,&quot;title&quot;:&quot;&quot;,&quot;orientation&quot;:&quot;0&quot;}\" data-image-title=\"DESIREE\" data-image-description=\"\" data-image-caption=\"\" data-medium-file=\"http:\/\/escuelademusicaydanza.laorotava.es\/blog\/wp-content\/uploads\/2021\/01\/desiree-233x300.png\" data-large-file=\"http:\/\/escuelademusicaydanza.laorotava.es\/blog\/wp-content\/uploads\/2021\/01\/desiree.png\" class=\"alignnone size-medium wp-image-2318\" src=\"https:\/\/escuelademusicaydanza.laorotava.es\/blog\/wp-content\/uploads\/2021\/01\/desiree-233x300.png\" alt=\"\" width=\"233\" height=\"300\" srcset=\"http:\/\/escuelademusicaydanza.laorotava.es\/blog\/wp-content\/uploads\/2021\/01\/desiree-233x300.png 233w, http:\/\/escuelademusicaydanza.laorotava.es\/blog\/wp-content\/uploads\/2021\/01\/desiree-485x624.png 485w, http:\/\/escuelademusicaydanza.laorotava.es\/blog\/wp-content\/uploads\/2021\/01\/desiree.png 530w\" sizes=\"auto, (max-width: 233px) 100vw, 233px\" \/><\/p>\n\n\n<p>Mar\u00eda Desir\u00e9e Jorge Cejas, natural de La Laguna, realiz\u00f3 sus Estudios Superiores de M\u00fasica en el Conservatorio Superior de M\u00fasica de Santa Cruz de Tenerife. Su trayectoria profesional se ha desarrollado en la Escuela de M\u00fasica y Danza de La Orotava, donde comenz\u00f3 a trabajar como Profesora de Piano en el a\u00f1o 2000. Desde el a\u00f1o 2006, hasta la actualidad, imparte las asignaturas de Lenguaje Musical y Armon\u00eda en el mismo centro.<\/p>\n","protected":false},"excerpt":{"rendered":"<p>Profesora de Lenguaje Musical y Armon\u00eda Tutor\u00eda: Mi\u00e9rcoles 09:00 &#8211; 10:00 h Mar\u00eda Desir\u00e9e Jorge Cejas, natural de La Laguna, realiz\u00f3 sus Estudios Superiores de M\u00fasica en el Conservatorio Superior de M\u00fasica de Santa Cruz de Tenerife. Su trayectoria profesional se ha desarrollado en la Escuela de M\u00fasica y Danza de La Orotava, donde comenz\u00f3 &hellip; <a href=\"http:\/\/escuelademusicaydanza.laorotava.es\/blog\/profesores\/desire-jorge-cejas\/\" class=\"more-link\">Sigue leyendo <span class=\"screen-reader-text\">D\u00e9sir\u00e9e Jorge Cejas<\/span><\/a><\/p>\n","protected":false},"author":1,"featured_media":422,"parent":371,"menu_order":0,"comment_status":"closed","ping_status":"closed","template":"","meta":{"jetpack_post_was_ever_published":false,"footnotes":""},"class_list":["post-379","page","type-page","status-publish","has-post-thumbnail","hentry"],"jetpack_sharing_enabled":true,"jetpack_likes_enabled":true,"jetpack-related-posts":[],"_links":{"self":[{"href":"http:\/\/escuelademusicaydanza.laorotava.es\/blog\/wp-json\/wp\/v2\/pages\/379","targetHints":{"allow":["GET"]}}],"collection":[{"href":"http:\/\/escuelademusicaydanza.laorotava.es\/blog\/wp-json\/wp\/v2\/pages"}],"about":[{"href":"http:\/\/escuelademusicaydanza.laorotava.es\/blog\/wp-json\/wp\/v2\/types\/page"}],"author":[{"embeddable":true,"href":"http:\/\/escuelademusicaydanza.laorotava.es\/blog\/wp-json\/wp\/v2\/users\/1"}],"replies":[{"embeddable":true,"href":"http:\/\/escuelademusicaydanza.laorotava.es\/blog\/wp-json\/wp\/v2\/comments?post=379"}],"version-history":[{"count":10,"href":"http:\/\/escuelademusicaydanza.laorotava.es\/blog\/wp-json\/wp\/v2\/pages\/379\/revisions"}],"predecessor-version":[{"id":4405,"href":"http:\/\/escuelademusicaydanza.laorotava.es\/blog\/wp-json\/wp\/v2\/pages\/379\/revisions\/4405"}],"up":[{"embeddable":true,"href":"http:\/\/escuelademusicaydanza.laorotava.es\/blog\/wp-json\/wp\/v2\/pages\/371"}],"wp:featuredmedia":[{"embeddable":true,"href":"http:\/\/escuelademusicaydanza.laorotava.es\/blog\/wp-json\/wp\/v2\/media\/422"}],"wp:attachment":[{"href":"http:\/\/escuelademusicaydanza.laorotava.es\/blog\/wp-json\/wp\/v2\/media?parent=379"}],"curies":[{"name":"wp","href":"https:\/\/api.w.org\/{rel}","templated":true}]}}