{"id":373,"date":"2017-10-04T12:37:37","date_gmt":"2017-10-04T11:37:37","guid":{"rendered":"http:\/\/escuelademusicaydanza.laorotava.es\/blog\/?page_id=373"},"modified":"2023-02-15T10:11:19","modified_gmt":"2023-02-15T10:11:19","slug":"emilia-toste-acosta","status":"publish","type":"page","link":"http:\/\/escuelademusicaydanza.laorotava.es\/blog\/profesores\/emilia-toste-acosta\/","title":{"rendered":"Emilia Toste Acosta"},"content":{"rendered":"<p>Directora de la ESCUELA MUNICIPAL DE M\u00daSICA Y DANZA \u00abVILLA DE LA OROTAVA\u00bb y profesora del coro de adultos.<\/p>\n<p><img loading=\"lazy\" decoding=\"async\" data-attachment-id=\"2724\" data-permalink=\"http:\/\/escuelademusicaydanza.laorotava.es\/blog\/profesores\/emilia-toste-acosta\/dscf0874\/\" data-orig-file=\"http:\/\/escuelademusicaydanza.laorotava.es\/blog\/wp-content\/uploads\/2021\/11\/dscf0874-scaled.jpg\" data-orig-size=\"2560,1707\" data-comments-opened=\"1\" data-image-meta=\"{&quot;aperture&quot;:&quot;2&quot;,&quot;credit&quot;:&quot;&quot;,&quot;camera&quot;:&quot;X-T4&quot;,&quot;caption&quot;:&quot;&quot;,&quot;created_timestamp&quot;:&quot;1634726469&quot;,&quot;copyright&quot;:&quot;&quot;,&quot;focal_length&quot;:&quot;23&quot;,&quot;iso&quot;:&quot;1000&quot;,&quot;shutter_speed&quot;:&quot;0.005&quot;,&quot;title&quot;:&quot;&quot;,&quot;orientation&quot;:&quot;0&quot;}\" data-image-title=\"EMILIA-DSCF0874\" data-image-description=\"\" data-image-caption=\"\" data-medium-file=\"http:\/\/escuelademusicaydanza.laorotava.es\/blog\/wp-content\/uploads\/2021\/11\/dscf0874-300x200.jpg\" data-large-file=\"http:\/\/escuelademusicaydanza.laorotava.es\/blog\/wp-content\/uploads\/2021\/11\/dscf0874-1024x683.jpg\" class=\"alignnone size-medium wp-image-2724 aligncenter\" src=\"https:\/\/escuelademusicaydanza.laorotava.es\/blog\/wp-content\/uploads\/2021\/11\/dscf0874-300x200.jpg\" alt=\"\" width=\"300\" height=\"200\" srcset=\"http:\/\/escuelademusicaydanza.laorotava.es\/blog\/wp-content\/uploads\/2021\/11\/dscf0874-300x200.jpg 300w, http:\/\/escuelademusicaydanza.laorotava.es\/blog\/wp-content\/uploads\/2021\/11\/dscf0874-1024x683.jpg 1024w, http:\/\/escuelademusicaydanza.laorotava.es\/blog\/wp-content\/uploads\/2021\/11\/dscf0874-768x512.jpg 768w, http:\/\/escuelademusicaydanza.laorotava.es\/blog\/wp-content\/uploads\/2021\/11\/dscf0874-1536x1024.jpg 1536w, http:\/\/escuelademusicaydanza.laorotava.es\/blog\/wp-content\/uploads\/2021\/11\/dscf0874-2048x1365.jpg 2048w, http:\/\/escuelademusicaydanza.laorotava.es\/blog\/wp-content\/uploads\/2021\/11\/dscf0874-772x515.jpg 772w, http:\/\/escuelademusicaydanza.laorotava.es\/blog\/wp-content\/uploads\/2021\/11\/dscf0874-624x416.jpg 624w\" sizes=\"auto, (max-width: 300px) 100vw, 300px\" \/><\/p>\n<p>D\u00aa Emilia Tosta Acosta natural de la Villa de La Orotava, se licenci\u00f3 en Flauta por el Conservatorio Superior de M\u00fasica de Santa Cruz de Tenerife en 1992. Finaliz\u00f3 sus estudios con la Profesora Catherine Biteur.<\/p>\n<p>Adem\u00e1s realiz\u00f3 estudios de viol\u00edn (Grado Medio del Plan 66) en El Conservatorio Superior de M\u00fasica de Santa Cruz de Tenerife. Para completar su formaci\u00f3n realiz\u00f3 el CAP En La Universidad Complutense de Madrid en 1996.<\/p>\n<p>En la Escuela Municipal de M\u00fasica y Danza ha impartido clases de Flauta y de Lenguaje Musical.<\/p>\n<p>Es directora de La Escuela desde sus inicios (1997) y actualmente es jefa de cuerda de Contraltos en el Coro de Adultos.<\/p>\n","protected":false},"excerpt":{"rendered":"<p>Directora de la ESCUELA MUNICIPAL DE M\u00daSICA Y DANZA \u00abVILLA DE LA OROTAVA\u00bb y profesora del coro de adultos. D\u00aa Emilia Tosta Acosta natural de la Villa de La Orotava, se licenci\u00f3 en Flauta por el Conservatorio Superior de M\u00fasica de Santa Cruz de Tenerife en 1992. Finaliz\u00f3 sus estudios con la Profesora Catherine Biteur. &hellip; <a href=\"http:\/\/escuelademusicaydanza.laorotava.es\/blog\/profesores\/emilia-toste-acosta\/\" class=\"more-link\">Sigue leyendo <span class=\"screen-reader-text\">Emilia Toste Acosta<\/span><\/a><\/p>\n","protected":false},"author":1,"featured_media":422,"parent":371,"menu_order":0,"comment_status":"closed","ping_status":"closed","template":"","meta":{"jetpack_post_was_ever_published":false,"footnotes":""},"class_list":["post-373","page","type-page","status-publish","has-post-thumbnail","hentry"],"jetpack_sharing_enabled":true,"jetpack_likes_enabled":true,"jetpack-related-posts":[],"_links":{"self":[{"href":"http:\/\/escuelademusicaydanza.laorotava.es\/blog\/wp-json\/wp\/v2\/pages\/373","targetHints":{"allow":["GET"]}}],"collection":[{"href":"http:\/\/escuelademusicaydanza.laorotava.es\/blog\/wp-json\/wp\/v2\/pages"}],"about":[{"href":"http:\/\/escuelademusicaydanza.laorotava.es\/blog\/wp-json\/wp\/v2\/types\/page"}],"author":[{"embeddable":true,"href":"http:\/\/escuelademusicaydanza.laorotava.es\/blog\/wp-json\/wp\/v2\/users\/1"}],"replies":[{"embeddable":true,"href":"http:\/\/escuelademusicaydanza.laorotava.es\/blog\/wp-json\/wp\/v2\/comments?post=373"}],"version-history":[{"count":12,"href":"http:\/\/escuelademusicaydanza.laorotava.es\/blog\/wp-json\/wp\/v2\/pages\/373\/revisions"}],"predecessor-version":[{"id":3502,"href":"http:\/\/escuelademusicaydanza.laorotava.es\/blog\/wp-json\/wp\/v2\/pages\/373\/revisions\/3502"}],"up":[{"embeddable":true,"href":"http:\/\/escuelademusicaydanza.laorotava.es\/blog\/wp-json\/wp\/v2\/pages\/371"}],"wp:featuredmedia":[{"embeddable":true,"href":"http:\/\/escuelademusicaydanza.laorotava.es\/blog\/wp-json\/wp\/v2\/media\/422"}],"wp:attachment":[{"href":"http:\/\/escuelademusicaydanza.laorotava.es\/blog\/wp-json\/wp\/v2\/media?parent=373"}],"curies":[{"name":"wp","href":"https:\/\/api.w.org\/{rel}","templated":true}]}}