{"id":282,"date":"2017-10-02T13:46:55","date_gmt":"2017-10-02T12:46:55","guid":{"rendered":"http:\/\/escuelademusicaydanza.laorotava.es\/blog\/?page_id=282"},"modified":"2021-09-30T11:09:49","modified_gmt":"2021-09-30T10:09:49","slug":"politica-de-cookies","status":"publish","type":"page","link":"http:\/\/escuelademusicaydanza.laorotava.es\/blog\/politica-de-cookies\/","title":{"rendered":"Pol\u00edtica de Cookies"},"content":{"rendered":"<p style=\"text-align: justify;\">A continuaci\u00f3n, se muestra la <strong>Pol\u00edtica de cookies<\/strong> (en adelante, <strong><em>\u201cpol\u00edtica de cookies\u201d<\/em><\/strong> o <strong><em>\u201cpol\u00edtica\u201d<\/em><\/strong>) que rige la Plataforma Web https:\/\/escuelademusicaydanza.laorotava.es\/blog\/ (en adelante, <strong><em>\u201cla Plataforma\u201d<\/em><\/strong>), bajo la titularidad del Excelent\u00edsimo Ayuntamiento de la Villa de la Orotava (en lo sucesivo, <strong><em>\u201cel Ayto. de la Orotava\u201d<\/em><\/strong> o <strong><em>\u201cnosotros\u201d<\/em>)<\/strong><\/p>\n<p style=\"text-align: justify;\">El objetivo de esta <strong>Pol\u00edtica de cookies<\/strong> es ayudarte a comprender el uso que hacemos en esta plataforma web de las cookies, sus tipos, finalidad y duraci\u00f3n de las mismas, e indicarte las opciones que tienes para configurar, administrar o rechazar las mismas.<\/p>\n<p style=\"text-align: justify;\"><strong>POR FAVOR, DEDICA UNOS MINUTOS A LEER NUESTRA POL\u00cdTICA DE COOKIES, NO TE LLEVAR\u00c1 MUCHO TIEMPO. CON ELLA QUEREMOS EXPLICARTE DE FORMA SENCILLA, CLARA Y TRANSPARENTE C\u00d3MO TRATAMOS Y PROTEGEMOS TU INFORMACI\u00d3N PERSONAL Y TUS DERECHOS. TU SEGURIDAD Y LA DE TUS DATOS PERSONALES ES FUNDAMENTAL PARA NOSOTROS Y NOS TOMAMOS MUY EN SERIO SU ADECUADA PROTECCI\u00d3N<\/strong>.<\/p>\n<p style=\"text-align: justify;\"><strong>TAMBI\u00c9N TE RECOMENDAMOS LEER ATENTAMENTE NUESTRA POL\u00cdTICA DE PRIVACIDAD.<\/strong><\/p>\n<ol style=\"text-align: justify;\">\n<li><strong><em>\u00bfQu\u00e9 son las Cookies?<\/em><\/strong><\/li>\n<\/ol>\n<p style=\"text-align: justify;\">Las cookies son peque\u00f1os archivos o dispositivos que se descargan y almacenan en tu terminal (es decir, el dispositivo desde el que accedes a la Plataforma: ordenador, Tel\u00e9fono m\u00f3vil, Tablet o cualquier otro dispositivo conectado\u2026) y permiten que la Plataforma o sitio web recuerde informaci\u00f3n sobre tu visita.<\/p>\n<p style=\"text-align: justify;\">Con car\u00e1cter general, y tal y como recoge la Gu\u00eda de Cookies publicada por la Agencia Espa\u00f1ola de Protecci\u00f3n de Datos (AEPD) que puede consultar <a href=\"https:\/\/www.aepd.es\/sites\/default\/files\/2020-07\/guia-cookies.pdf\"><strong>aqu\u00ed<\/strong><\/a>, las cookies pueden ser de varios tipos:<\/p>\n<ul style=\"text-align: justify;\">\n<li><strong>Seg\u00fan quien sea la entidad que gestione el equipo o dominio desde donde se env\u00edan las cookies y trate los datos que se obtengan, podemos distinguir<\/strong>:<em style=\"font-size: revert; color: initial;\">\u00a0<\/em><\/li>\n<\/ul>\n<ul>\n<li style=\"list-style-type: none;\">\n<ul style=\"text-align: justify;\">\n<li><strong><u>Cookies propias<\/u><\/strong><em>: Son aqu\u00e9llas que se env\u00edan al equipo terminal del usuario desde un equipo o dominio gestionado por el editor de la plataforma, en este caso el Ayto. de la Orotava, desde el que se presta el servicio solicitado por el usuario.<\/em><em style=\"font-size: revert; color: initial;\">\u00a0<\/em><\/li>\n<\/ul>\n<\/li>\n<\/ul>\n<ul>\n<li style=\"list-style-type: none;\">\n<ul style=\"text-align: justify;\">\n<li><strong><u>Cookies de tercero<\/u><\/strong><em>: Son aqu\u00e9llas que se env\u00edan al equipo terminal del usuario desde un equipo o dominio que no es gestionado por el editor de la Plataforma, sino por otra entidad que trata los datos obtenidos a trav\u00e9s de las cookies. En el caso de que las cookies sean instaladas desde un equipo o dominio gestionado por el Ayto. de la Orotava, pero, sin embargo, la informaci\u00f3n que se recoja mediante \u00e9stas sea gestionada por un tercero, no pueden ser consideradas como cookies propias del Ayto. de la Orotava. En tal sentido, el Ayto. de la Orotava puede contratar los servicios de empresas de an\u00e1lisis y medici\u00f3n que miden y\/o analizan el comportamiento de la navegaci\u00f3n de los usuarios en la plataforma y, en tal sentido, act\u00faan en su nombre y representaci\u00f3n, a trav\u00e9s del an\u00e1lisis de los datos obtenidos con la utilizaci\u00f3n de las cookies de estos terceros, todo ello, con el \u00fanico objetivo de mejorar el servicio que presta el Ayto. de la Orotava.<\/em><em style=\"font-size: revert; color: initial;\">\u00a0<\/em><\/li>\n<\/ul>\n<\/li>\n<\/ul>\n<ul style=\"text-align: justify;\">\n<li><strong>Seg\u00fan la finalidad para la que se traten los datos obtenidos a trav\u00e9s de las cookies, podemos distinguir entre:<\/strong><strong style=\"font-size: revert; color: initial;\">\u00a0<\/strong><\/li>\n<\/ul>\n<ul>\n<li style=\"list-style-type: none;\">\n<ul style=\"text-align: justify;\">\n<li><strong><u>Cookies t\u00e9cnicas<\/u><\/strong><em>: Son aqu\u00e9llas que permiten al usuario la navegaci\u00f3n a trav\u00e9s de la plataforma y la utilizaci\u00f3n de las diferentes opciones o servicios que en ella existan como, por ejemplo, controlar el tr\u00e1fico y la comunicaci\u00f3n de datos, identificar la sesi\u00f3n, acceder a informaci\u00f3n de acceso restringido, recordar los elementos que integran una solicitud, realizar la solicitud de inscripci\u00f3n o participaci\u00f3n en un evento, utilizar elementos de seguridad durante la navegaci\u00f3n, almacenar contenidos para la difusi\u00f3n de videos o sonido o compartir contenidos a trav\u00e9s de redes sociales.<\/em><em style=\"font-size: revert; color: initial;\">\u00a0<\/em><\/li>\n<\/ul>\n<\/li>\n<\/ul>\n<ul>\n<li style=\"list-style-type: none;\">\n<ul style=\"text-align: justify;\">\n<li><strong><u>Cookies funcionales o de personalizaci\u00f3n<\/u><\/strong><em>: Son aqu\u00e9llas que permiten al usuario acceder al servicio con algunas caracter\u00edsticas de car\u00e1cter general predefinidas en funci\u00f3n de una serie de criterios en el terminal del usuario como, por ejemplo, el idioma, el tipo de navegador a trav\u00e9s del cual accede al servicio, o la configuraci\u00f3n regional desde donde accede al servicio, entre otras.<\/em><em style=\"font-size: revert; color: initial;\">\u00a0<\/em><\/li>\n<\/ul>\n<\/li>\n<\/ul>\n<ul>\n<li style=\"list-style-type: none;\">\n<ul style=\"text-align: justify;\">\n<li><strong><u>Cookies de an\u00e1lisis<\/u><\/strong><strong>:<\/strong><em> Son aqu\u00e9llas que permiten al responsable de las mismas, el seguimiento y an\u00e1lisis del comportamiento de los usuarios de los sitios web a los que est\u00e1n vinculadas. La informaci\u00f3n recogida mediante este tipo de cookies se utiliza en la medici\u00f3n de la actividad en la plataforma y para la elaboraci\u00f3n de perfiles de navegaci\u00f3n de los usuarios de dichos sitios, aplicaciones y plataformas, con el fin de introducir mejoras en funci\u00f3n del an\u00e1lisis de los datos de uso que hacen los usuarios del servicio.<\/em><em style=\"font-size: revert; color: initial;\">\u00a0<\/em><\/li>\n<\/ul>\n<\/li>\n<\/ul>\n<ul>\n<li style=\"list-style-type: none;\">\n<ul style=\"text-align: justify;\">\n<li><strong><u>Cookies publicitarias<\/u><\/strong><em>: Son aqu\u00e9llas que permiten la gesti\u00f3n, de la forma m\u00e1s eficaz posible, de los espacios publicitarios que, en su caso, el editor haya incluido en una p\u00e1gina web, aplicaci\u00f3n o plataforma desde la que presta el servicio solicitado en base a criterios como el contenido editado o la frecuencia en la que se muestran los anuncios.<\/em><em style=\"font-size: revert; color: initial;\">\u00a0<\/em><\/li>\n<\/ul>\n<\/li>\n<\/ul>\n<ul>\n<li style=\"list-style-type: none;\">\n<ul style=\"text-align: justify;\">\n<li><strong><u>Cookies de publicidad comportamental: <\/u><\/strong><em>Son aqu\u00e9llas que permiten la gesti\u00f3n, de la forma m\u00e1s eficaz posible, de los espacios publicitarios que, en su caso, el editor haya incluido en una p\u00e1gina web, aplicaci\u00f3n o plataforma desde la que presta el servicio solicitado. Estas cookies almacenan informaci\u00f3n del comportamiento de los usuarios obtenida a trav\u00e9s de la observaci\u00f3n continuada de sus h\u00e1bitos de navegaci\u00f3n, lo que permite desarrollar un perfil espec\u00edfico para mostrar publicidad en funci\u00f3n del mismo.<\/em><\/li>\n<\/ul>\n<\/li>\n<\/ul>\n<ul style=\"text-align: justify;\">\n<li><strong>Seg\u00fan el plazo de tiempo que permanecen activadas en el equipo terminal (temporalidad) podemos distinguir:<\/strong><\/li>\n<\/ul>\n<ul>\n<li style=\"list-style-type: none;\">\n<ul style=\"text-align: justify;\">\n<li><strong><u>Cookies de sesi\u00f3n<\/u><\/strong><em>: Cookies dise\u00f1adas para recabar y almacenar datos mientras el usuario accede a la plataforma. Las cookies de sesi\u00f3n permiten que un sitio web reconozca al usuario.<\/em><\/li>\n<li><strong style=\"font-size: revert; color: initial;\"><u>Cookies persistentes:<\/u><\/strong><em style=\"font-size: revert; color: initial;\"> Cookies en el que los datos siguen almacenados en el terminal y pueden ser accedidos y tratados durante un per\u00edodo definido por el responsable de la cookie, y que puede ir de unos minutos a varios a\u00f1os.<\/em><\/li>\n<\/ul>\n<\/li>\n<\/ul>\n<p style=\"text-align: justify;\"><em>\u00a0<\/em><\/p>\n<ol style=\"text-align: justify;\" start=\"2\">\n<li><strong><em>\u00bfQu\u00e9 Cookies utiliza esta Plataforma? <\/em><\/strong><\/li>\n<\/ol>\n<p style=\"text-align: justify;\">Esta Plataforma utiliza cookies para optimizar y facilitar la navegaci\u00f3n del usuario.<\/p>\n<p style=\"text-align: justify;\">Algunas de las cookies usadas son necesarias para permitir la navegaci\u00f3n en la Plataforma y no requieren el consentimiento el usuario, otras no afectan a la funcionalidad de la web y el usuario podr\u00e1 aceptarlas, configurarlas o rechazarlas tal y como se indica en el apartado <em>\u201c3. Gesti\u00f3n y configuraci\u00f3n de las Cookies\u201d<\/em>. A continuaci\u00f3n, se identifican las cookies que est\u00e1n siendo utilizadas en esta Plataforma y sus caracter\u00edsticas:<\/p>\n<table style=\"width: 100%; height: 412px;\" width=\"574\">\n<tbody>\n<tr style=\"height: 44px;\">\n<td style=\"height: 44px; background-color: #cf4944;\" width=\"369\"><span style=\"color: #ffffff;\"><strong>Cookie<\/strong><\/span><\/td>\n<td style=\"height: 44px; background-color: #cf4944;\" width=\"61\"><span style=\"color: #ffffff;\"><strong>Tipo de Cookie<\/strong><\/span><\/td>\n<td style=\"height: 44px; background-color: #cf4944;\" width=\"55\"><span style=\"color: #ffffff;\"><strong>Gesti\u00f3n<\/strong><\/span><\/td>\n<td style=\"height: 44px; background-color: #cf4944;\" width=\"90\"><span style=\"color: #ffffff;\"><strong>Temporalidad<\/strong><\/span><\/td>\n<\/tr>\n<tr style=\"height: 64px;\">\n<td style=\"height: 64px;\" width=\"369\">MoodleSession<\/td>\n<td style=\"height: 64px;\" width=\"61\">T\u00e9cnica<\/td>\n<td style=\"height: 64px;\" width=\"55\">Propia<\/td>\n<td style=\"height: 64px;\" width=\"90\">Al finalizar la sesi\u00f3n de navegaci\u00f3n<\/td>\n<\/tr>\n<tr style=\"height: 64px;\">\n<td style=\"height: 64px;\" width=\"369\">tk_ai<\/td>\n<td style=\"height: 64px;\" width=\"61\">T\u00e9cnica<\/td>\n<td style=\"height: 64px;\" width=\"55\">Propia<\/td>\n<td style=\"height: 64px;\" width=\"90\">Al finalizar la sesi\u00f3n de navegaci\u00f3n<\/td>\n<\/tr>\n<tr style=\"height: 64px;\">\n<td style=\"height: 64px;\" width=\"369\">wordpress_logged_in_98bd49e45715066dcb77061c18cdebf2<\/td>\n<td style=\"height: 64px;\" width=\"61\">T\u00e9cnica<\/td>\n<td style=\"height: 64px;\" width=\"55\">Propia<\/td>\n<td style=\"height: 64px;\" width=\"90\">Al finalizar la sesi\u00f3n de la navegaci\u00f3n<\/td>\n<\/tr>\n<tr style=\"height: 64px;\">\n<td style=\"height: 64px;\" width=\"369\">wordpress_sec_98bd49e45715066dcb77061c18cdebf2<\/td>\n<td style=\"height: 64px;\" width=\"61\">T\u00e9cnica<\/td>\n<td style=\"height: 64px;\" width=\"55\">Propia<\/td>\n<td style=\"height: 64px;\" width=\"90\">Al finalizar la sesi\u00f3n de la navegaci\u00f3n<\/td>\n<\/tr>\n<tr style=\"height: 64px;\">\n<td style=\"height: 64px;\" width=\"369\">wordpress_test_cookie<\/td>\n<td style=\"height: 64px;\" width=\"61\">T\u00e9cnica<\/td>\n<td style=\"height: 64px;\" width=\"55\">Propia<\/td>\n<td style=\"height: 64px;\" width=\"90\">Al finalizar la sesi\u00f3n de la navegaci\u00f3n<\/td>\n<\/tr>\n<tr style=\"height: 24px;\">\n<td style=\"height: 24px;\" width=\"369\">wp-settings-1<\/td>\n<td style=\"height: 24px;\" width=\"61\">T\u00e9cnica<\/td>\n<td style=\"height: 24px;\" width=\"55\">Propia<\/td>\n<td style=\"height: 24px;\" width=\"90\">1 a\u00f1o<\/td>\n<\/tr>\n<tr style=\"height: 24px;\">\n<td style=\"height: 24px;\" width=\"369\">wp-settings-time-1<\/td>\n<td style=\"height: 24px;\" width=\"61\">T\u00e9cnica<\/td>\n<td style=\"height: 24px;\" width=\"55\">Propia<\/td>\n<td style=\"height: 24px;\" width=\"90\">1 a\u00f1o<\/td>\n<\/tr>\n<\/tbody>\n<\/table>\n<ol start=\"3\">\n<li><strong><em>GESTI\u00d3N Y CONFIGURACI\u00d3N DE LAS COOKIES. <\/em><\/strong><\/li>\n<\/ol>\n<p style=\"text-align: justify;\">Puede obtener m\u00e1s informaci\u00f3n sobre c\u00f3mo puedes llevar a cabo la gesti\u00f3n y desactivaci\u00f3n de las cookies utilizadas en la plataforma a trav\u00e9s de las diferentes opciones que ofrecen los navegadores m\u00e1s comunes:<\/p>\n<ul>\n<li><a href=\"https:\/\/support.google.com\/chrome\/answer\/95647?co=GENIE.Platform%3DDesktop&amp;hl=es\">Google Chrome<\/a><\/li>\n<li><a href=\"https:\/\/support.mozilla.org\/es\/kb\/impedir-que-los-sitios-web-guarden-sus-preferencia\">Mozilla Firefox<\/a><\/li>\n<li><a href=\"https:\/\/support.microsoft.com\/es-es\/help\/17442\/windows-internet-explorer-delete-manage-cookies\">Microsoft Internet Explorer<\/a><\/li>\n<li><a href=\"https:\/\/support.apple.com\/es-es\/HT201265\">Safari<\/a><\/li>\n<\/ul>\n<ol start=\"4\">\n<li><strong><em>Actualizaciones y cambios en la Pol\u00edtica de Cookies <\/em><\/strong><\/li>\n<\/ol>\n<p style=\"text-align: justify;\">Esta Pol\u00edtica de Cookies puede ser modificada en funci\u00f3n de exigencias legislativas, reglamentarias o con la finalidad de adaptar dicha pol\u00edtica a las instrucciones dictadas por la Agencia Espa\u00f1ola de Protecci\u00f3n de Datos (AEPD), por ello se aconseja a los usuarios que la visiten peri\u00f3dicamente.<\/p>\n","protected":false},"excerpt":{"rendered":"<p>A continuaci\u00f3n, se muestra la Pol\u00edtica de cookies (en adelante, \u201cpol\u00edtica de cookies\u201d o \u201cpol\u00edtica\u201d) que rige la Plataforma Web https:\/\/escuelademusicaydanza.laorotava.es\/blog\/ (en adelante, \u201cla Plataforma\u201d), bajo la titularidad del Excelent\u00edsimo Ayuntamiento de la Villa de la Orotava (en lo sucesivo, \u201cel Ayto. de la Orotava\u201d o \u201cnosotros\u201d) El objetivo de esta Pol\u00edtica de cookies es &hellip; <a href=\"http:\/\/escuelademusicaydanza.laorotava.es\/blog\/politica-de-cookies\/\" class=\"more-link\">Sigue leyendo <span class=\"screen-reader-text\">Pol\u00edtica de Cookies<\/span><\/a><\/p>\n","protected":false},"author":1,"featured_media":0,"parent":0,"menu_order":0,"comment_status":"closed","ping_status":"closed","template":"page-templates\/full-width-page.php","meta":{"jetpack_post_was_ever_published":false,"footnotes":""},"class_list":["post-282","page","type-page","status-publish","hentry"],"jetpack_sharing_enabled":true,"jetpack_likes_enabled":true,"jetpack-related-posts":[],"_links":{"self":[{"href":"http:\/\/escuelademusicaydanza.laorotava.es\/blog\/wp-json\/wp\/v2\/pages\/282","targetHints":{"allow":["GET"]}}],"collection":[{"href":"http:\/\/escuelademusicaydanza.laorotava.es\/blog\/wp-json\/wp\/v2\/pages"}],"about":[{"href":"http:\/\/escuelademusicaydanza.laorotava.es\/blog\/wp-json\/wp\/v2\/types\/page"}],"author":[{"embeddable":true,"href":"http:\/\/escuelademusicaydanza.laorotava.es\/blog\/wp-json\/wp\/v2\/users\/1"}],"replies":[{"embeddable":true,"href":"http:\/\/escuelademusicaydanza.laorotava.es\/blog\/wp-json\/wp\/v2\/comments?post=282"}],"version-history":[{"count":8,"href":"http:\/\/escuelademusicaydanza.laorotava.es\/blog\/wp-json\/wp\/v2\/pages\/282\/revisions"}],"predecessor-version":[{"id":2533,"href":"http:\/\/escuelademusicaydanza.laorotava.es\/blog\/wp-json\/wp\/v2\/pages\/282\/revisions\/2533"}],"wp:attachment":[{"href":"http:\/\/escuelademusicaydanza.laorotava.es\/blog\/wp-json\/wp\/v2\/media?parent=282"}],"curies":[{"name":"wp","href":"https:\/\/api.w.org\/{rel}","templated":true}]}}